{"id":6117,"date":"2017-10-07T12:32:10","date_gmt":"2017-10-07T12:32:10","guid":{"rendered":"http:\/\/new.szs.giuseppe-colonna.com\/?page_id=6117"},"modified":"2017-10-18T17:47:38","modified_gmt":"2017-10-18T17:47:38","slug":"cookies","status":"publish","type":"page","link":"https:\/\/szs.giuseppe-colonna.com\/en\/cookies\/","title":{"rendered":"Cookies"},"content":{"rendered":"<div class=\"container wrapper\">\n<div id=\"content_page\">\n<div class=\"text\">\n<h2>\u00bfQu\u00e9 es una cookie?<\/h2>\n<p>Una <em>cookie<\/em> es un peque\u00f1o archivo capaz de almacenar informaci\u00f3n que se descarga en su ordenador con la finalidad de ser usada para mejorar su servicio y proporcionarle uno m\u00e1s personalizado.<\/p>\n<h2>\u00bfQu\u00e9<em> cookies <\/em>usa www.szs.giuseppe-colonna.com?<\/h2>\n<p>Existen diferentes tipos de <em>cookies<\/em>, que pueden clasificarse en funci\u00f3n de la entidad que las gestiona, en funci\u00f3n de su finalidad o en funci\u00f3n de su temporalidad.<\/p>\n<p>Nosotros \u00fanicamente usamos <em>cookies de terceros<\/em>, que son aquellas que se env\u00edan al equipo terminal del usuario desde un equipo o dominio que no es gestionado por Serielizados sino por otras entidades que tratan los datos obtenidos a trav\u00e9s de las <em>cookies.<\/em><\/p>\n<p>Concretamente, Serielizados puede usar las siguientes <em>cookies<\/em> de los siguientes terceros:<\/p>\n<ul>\n<li>Google Analytics: Anal\u00edtica web.<\/li>\n<li>Youtube: Las propias de este servicio.<\/li>\n<li>Facebook: Para el servicio de comentarios.<\/li>\n<\/ul>\n<h2>\u00bfPuedo desactivar o eliminar las <em>cookies<\/em>?<\/h2>\n<p>En virtud de la legislaci\u00f3n vigente, el usuario podr\u00e1 en cualquier momento cambiar la configuraci\u00f3n del uso de <em>cookies<\/em>, para permitir, habilitar, deshabilitar, bloquear o eliminar las <em>cookies<\/em> almacenadas en su equipo. Para ello deber\u00e1 modificar la configuraci\u00f3n de las opciones del navegador instalado en su ordenador.<\/p>\n<p>A continuaci\u00f3n le proporcionamos los enlaces a trav\u00e9s de los cuales podr\u00e1 realizar dicha modificaci\u00f3n en distintos navegadores:<\/p>\n<ul>\n<li><a href=\"http:\/\/support.mozilla.org\/es\/kb\/habilitar-y-deshabilitar-cookies-que-los-sitios-we\">Firefox<\/a><\/li>\n<li><a href=\"http:\/\/support.google.com\/chrome\/bin\/answer.py?hl=es&amp;answer=95647\">Chrome<\/a><\/li>\n<li><a href=\"http:\/\/windows.microsoft.com\/es-es\/windows7\/how-to-manage-cookies-in-internet-explorer-9\">Explorer<\/a><\/li>\n<li><a href=\"http:\/\/support.apple.com\/kb\/ph5042\">Safari<\/a><\/li>\n<\/ul>\n<p>En caso de que no acepte las <em>cookies<\/em>, es posible que la p\u00e1gina web no funcione correctamente.<\/p>\n<\/div>\n<\/div>\n<\/div>\n","protected":false},"excerpt":{"rendered":"<p>\u00bfQu\u00e9 es una cookie? Una cookie es un peque\u00f1o archivo capaz de almacenar informaci\u00f3n que se descarga en su ordenador con la finalidad de ser usada para mejorar su servicio y proporcionarle uno m\u00e1s personalizado. \u00bfQu\u00e9 cookies usa www.szs.giuseppe-colonna.com? Existen diferentes tipos de cookies, que pueden clasificarse en funci\u00f3n de la entidad que las gestiona, [&hellip;]<\/p>\n","protected":false},"author":1,"featured_media":0,"parent":0,"menu_order":0,"comment_status":"closed","ping_status":"closed","template":"","meta":{"_acf_changed":false,"inline_featured_image":false,"footnotes":""},"coauthors":[3790],"class_list":["post-6117","page","type-page","status-publish","hentry"],"acf":[],"yoast_head":"<!-- This site is optimized with the Yoast SEO plugin v27.0 - https:\/\/yoast.com\/product\/yoast-seo-wordpress\/ -->\n<title>Cookies | Serielizados<\/title>\n<meta name=\"robots\" content=\"noindex, follow, max-snippet:-1, max-image-preview:large, max-video-preview:-1\" \/>\n<meta property=\"og:locale\" content=\"en_US\" \/>\n<meta property=\"og:type\" content=\"article\" \/>\n<meta property=\"og:title\" content=\"Cookies | Serielizados\" \/>\n<meta property=\"og:description\" content=\"\u00bfQu\u00e9 es una cookie? Una cookie es un peque\u00f1o archivo capaz de almacenar informaci\u00f3n que se descarga en su ordenador con la finalidad de ser usada para mejorar su servicio y proporcionarle uno m\u00e1s personalizado. \u00bfQu\u00e9 cookies usa www.szs.giuseppe-colonna.com? Existen diferentes tipos de cookies, que pueden clasificarse en funci\u00f3n de la entidad que las gestiona, [&hellip;]\" \/>\n<meta property=\"og:url\" content=\"https:\/\/szs.giuseppe-colonna.com\/en\/cookies\/\" \/>\n<meta property=\"og:site_name\" content=\"Serielizados\" \/>\n<meta property=\"article:publisher\" content=\"https:\/\/www.facebook.com\/serielizados\/\" \/>\n<meta property=\"article:modified_time\" content=\"2017-10-18T17:47:38+00:00\" \/>\n<meta property=\"og:image\" content=\"https:\/\/szs.giuseppe-colonna.com\/wp-content\/uploads\/SZS_imatgedestacada-1.jpg\" \/>\n\t<meta property=\"og:image:width\" content=\"1200\" \/>\n\t<meta property=\"og:image:height\" content=\"720\" \/>\n\t<meta property=\"og:image:type\" content=\"image\/jpeg\" \/>\n<meta name=\"twitter:card\" content=\"summary_large_image\" \/>\n<meta name=\"twitter:site\" content=\"@serielizados\" \/>\n<meta name=\"twitter:label1\" content=\"Est. reading time\" \/>\n\t<meta name=\"twitter:data1\" content=\"1 minute\" \/>\n\t<meta name=\"twitter:label2\" content=\"Written by\" \/>\n\t<meta name=\"twitter:data2\" content=\"Serielizados\" \/>\n<script type=\"application\/ld+json\" class=\"yoast-schema-graph\">{\"@context\":\"https:\/\/schema.org\",\"@graph\":[{\"@type\":\"WebPage\",\"@id\":\"https:\/\/szs.giuseppe-colonna.com\/en\/cookies\/\",\"url\":\"https:\/\/szs.giuseppe-colonna.com\/en\/cookies\/\",\"name\":\"Cookies | Serielizados\",\"isPartOf\":{\"@id\":\"https:\/\/szs.giuseppe-colonna.com\/en\/#website\"},\"datePublished\":\"2017-10-07T12:32:10+00:00\",\"dateModified\":\"2017-10-18T17:47:38+00:00\",\"breadcrumb\":{\"@id\":\"https:\/\/szs.giuseppe-colonna.com\/en\/cookies\/#breadcrumb\"},\"inLanguage\":\"en-US\",\"potentialAction\":[{\"@type\":\"ReadAction\",\"target\":[\"https:\/\/szs.giuseppe-colonna.com\/en\/cookies\/\"]}]},{\"@type\":\"BreadcrumbList\",\"@id\":\"https:\/\/szs.giuseppe-colonna.com\/en\/cookies\/#breadcrumb\",\"itemListElement\":[{\"@type\":\"ListItem\",\"position\":1,\"name\":\"Portada\",\"item\":\"https:\/\/szs.giuseppe-colonna.com\/en\/\"},{\"@type\":\"ListItem\",\"position\":2,\"name\":\"Cookies\"}]},{\"@type\":\"WebSite\",\"@id\":\"https:\/\/szs.giuseppe-colonna.com\/en\/#website\",\"url\":\"https:\/\/szs.giuseppe-colonna.com\/en\/\",\"name\":\"Serielizados\",\"description\":\"Revista y Festival Internacional de series\",\"publisher\":{\"@id\":\"https:\/\/szs.giuseppe-colonna.com\/en\/#organization\"},\"potentialAction\":[{\"@type\":\"SearchAction\",\"target\":{\"@type\":\"EntryPoint\",\"urlTemplate\":\"https:\/\/szs.giuseppe-colonna.com\/en\/?s={search_term_string}\"},\"query-input\":{\"@type\":\"PropertyValueSpecification\",\"valueRequired\":true,\"valueName\":\"search_term_string\"}}],\"inLanguage\":\"en-US\"},{\"@type\":\"Organization\",\"@id\":\"https:\/\/szs.giuseppe-colonna.com\/en\/#organization\",\"name\":\"Serielizados\",\"url\":\"https:\/\/szs.giuseppe-colonna.com\/en\/\",\"logo\":{\"@type\":\"ImageObject\",\"inLanguage\":\"en-US\",\"@id\":\"https:\/\/szs.giuseppe-colonna.com\/en\/#\/schema\/logo\/image\/\",\"url\":\"http:\/\/szs.giuseppe-colonna.com\/wp-content\/uploads\/SZS_imatgedestacada-1.jpg\",\"contentUrl\":\"http:\/\/szs.giuseppe-colonna.com\/wp-content\/uploads\/SZS_imatgedestacada-1.jpg\",\"width\":1200,\"height\":720,\"caption\":\"Serielizados\"},\"image\":{\"@id\":\"https:\/\/szs.giuseppe-colonna.com\/en\/#\/schema\/logo\/image\/\"},\"sameAs\":[\"https:\/\/www.facebook.com\/serielizados\/\",\"https:\/\/x.com\/serielizados\",\"https:\/\/www.instagram.com\/serielizadosmagazine\/\",\"https:\/\/es.linkedin.com\/in\/serielizados\",\"https:\/\/www.youtube.com\/serielizadosTV\"]}]}<\/script>\n<!-- \/ Yoast SEO plugin. -->","yoast_head_json":{"title":"Cookies | Serielizados","robots":{"index":"noindex","follow":"follow","max-snippet":"max-snippet:-1","max-image-preview":"max-image-preview:large","max-video-preview":"max-video-preview:-1"},"og_locale":"en_US","og_type":"article","og_title":"Cookies | Serielizados","og_description":"\u00bfQu\u00e9 es una cookie? Una cookie es un peque\u00f1o archivo capaz de almacenar informaci\u00f3n que se descarga en su ordenador con la finalidad de ser usada para mejorar su servicio y proporcionarle uno m\u00e1s personalizado. \u00bfQu\u00e9 cookies usa www.szs.giuseppe-colonna.com? Existen diferentes tipos de cookies, que pueden clasificarse en funci\u00f3n de la entidad que las gestiona, [&hellip;]","og_url":"https:\/\/szs.giuseppe-colonna.com\/en\/cookies\/","og_site_name":"Serielizados","article_publisher":"https:\/\/www.facebook.com\/serielizados\/","article_modified_time":"2017-10-18T17:47:38+00:00","og_image":[{"width":1200,"height":720,"url":"https:\/\/szs.giuseppe-colonna.com\/wp-content\/uploads\/SZS_imatgedestacada-1.jpg","type":"image\/jpeg"}],"twitter_card":"summary_large_image","twitter_site":"@serielizados","twitter_misc":{"Est. reading time":"1 minute","Written by":"Serielizados"},"schema":{"@context":"https:\/\/schema.org","@graph":[{"@type":"WebPage","@id":"https:\/\/szs.giuseppe-colonna.com\/en\/cookies\/","url":"https:\/\/szs.giuseppe-colonna.com\/en\/cookies\/","name":"Cookies | Serielizados","isPartOf":{"@id":"https:\/\/szs.giuseppe-colonna.com\/en\/#website"},"datePublished":"2017-10-07T12:32:10+00:00","dateModified":"2017-10-18T17:47:38+00:00","breadcrumb":{"@id":"https:\/\/szs.giuseppe-colonna.com\/en\/cookies\/#breadcrumb"},"inLanguage":"en-US","potentialAction":[{"@type":"ReadAction","target":["https:\/\/szs.giuseppe-colonna.com\/en\/cookies\/"]}]},{"@type":"BreadcrumbList","@id":"https:\/\/szs.giuseppe-colonna.com\/en\/cookies\/#breadcrumb","itemListElement":[{"@type":"ListItem","position":1,"name":"Portada","item":"https:\/\/szs.giuseppe-colonna.com\/en\/"},{"@type":"ListItem","position":2,"name":"Cookies"}]},{"@type":"WebSite","@id":"https:\/\/szs.giuseppe-colonna.com\/en\/#website","url":"https:\/\/szs.giuseppe-colonna.com\/en\/","name":"Serielizados","description":"Revista y Festival Internacional de series","publisher":{"@id":"https:\/\/szs.giuseppe-colonna.com\/en\/#organization"},"potentialAction":[{"@type":"SearchAction","target":{"@type":"EntryPoint","urlTemplate":"https:\/\/szs.giuseppe-colonna.com\/en\/?s={search_term_string}"},"query-input":{"@type":"PropertyValueSpecification","valueRequired":true,"valueName":"search_term_string"}}],"inLanguage":"en-US"},{"@type":"Organization","@id":"https:\/\/szs.giuseppe-colonna.com\/en\/#organization","name":"Serielizados","url":"https:\/\/szs.giuseppe-colonna.com\/en\/","logo":{"@type":"ImageObject","inLanguage":"en-US","@id":"https:\/\/szs.giuseppe-colonna.com\/en\/#\/schema\/logo\/image\/","url":"http:\/\/szs.giuseppe-colonna.com\/wp-content\/uploads\/SZS_imatgedestacada-1.jpg","contentUrl":"http:\/\/szs.giuseppe-colonna.com\/wp-content\/uploads\/SZS_imatgedestacada-1.jpg","width":1200,"height":720,"caption":"Serielizados"},"image":{"@id":"https:\/\/szs.giuseppe-colonna.com\/en\/#\/schema\/logo\/image\/"},"sameAs":["https:\/\/www.facebook.com\/serielizados\/","https:\/\/x.com\/serielizados","https:\/\/www.instagram.com\/serielizadosmagazine\/","https:\/\/es.linkedin.com\/in\/serielizados","https:\/\/www.youtube.com\/serielizadosTV"]}]}},"_links":{"self":[{"href":"https:\/\/szs.giuseppe-colonna.com\/en\/wp-json\/wp\/v2\/pages\/6117","targetHints":{"allow":["GET"]}}],"collection":[{"href":"https:\/\/szs.giuseppe-colonna.com\/en\/wp-json\/wp\/v2\/pages"}],"about":[{"href":"https:\/\/szs.giuseppe-colonna.com\/en\/wp-json\/wp\/v2\/types\/page"}],"author":[{"embeddable":true,"href":"https:\/\/szs.giuseppe-colonna.com\/en\/wp-json\/wp\/v2\/users\/1"}],"replies":[{"embeddable":true,"href":"https:\/\/szs.giuseppe-colonna.com\/en\/wp-json\/wp\/v2\/comments?post=6117"}],"version-history":[{"count":4,"href":"https:\/\/szs.giuseppe-colonna.com\/en\/wp-json\/wp\/v2\/pages\/6117\/revisions"}],"predecessor-version":[{"id":6215,"href":"https:\/\/szs.giuseppe-colonna.com\/en\/wp-json\/wp\/v2\/pages\/6117\/revisions\/6215"}],"wp:attachment":[{"href":"https:\/\/szs.giuseppe-colonna.com\/en\/wp-json\/wp\/v2\/media?parent=6117"}],"wp:term":[{"taxonomy":"author","embeddable":true,"href":"https:\/\/szs.giuseppe-colonna.com\/en\/wp-json\/wp\/v2\/coauthors?post=6117"}],"curies":[{"name":"wp","href":"https:\/\/api.w.org\/{rel}","templated":true}]}}