{"id":38557,"date":"2023-08-08T23:11:42","date_gmt":"2023-08-08T22:11:42","guid":{"rendered":"http:\/\/szs.giuseppe-colonna.com\/?page_id=38557"},"modified":"2025-02-07T10:25:18","modified_gmt":"2025-02-07T09:25:18","slug":"patrocinadores","status":"publish","type":"page","link":"https:\/\/szs.giuseppe-colonna.com\/en\/patrocinadores\/","title":{"rendered":"Patrocinadores"},"content":{"rendered":"<div class=\"wpb-content-wrapper\"><p>[vc_row][vc_column][vc_column_text]<\/p>\n<h2><span style=\"color: #f8b133;\">Patrocinadores y colaboradores del Serielizados Fest<\/span><\/h2>\n<p>[\/vc_column_text][vc_separator color=&#8221;black&#8221;][vc_media_grid element_width=&#8221;3&#8243; gap=&#8221;15&#8243; item=&#8221;masonryMedia_Default&#8221; initial_loading_animation=&#8221;none&#8221; grid_id=&#8221;vc_gid:1738919945873-af7f0a0e-9328-3&#8243; include=&#8221;32827,38154,38103,38106,41680,41683,41677,41674,38136,38130,38133,38139,26799,38148,38145,38142,38124,38184,38218,38178,33475,26830&#8243;][vc_column_text]<\/p>\n<h2><span style=\"color: #e84e1b;\">Calendario de series &#8211; Serielizados Mag<\/span><\/h2>\n<p>[\/vc_column_text][vc_separator color=&#8221;black&#8221;][vc_column_text]<\/p>\n<p style=\"text-align: center;\">Proyecto &#8216;Calendario de series&#8217; financiado por el Programa Kit Digital. Plan de Recuperaci\u00f3n, Transformaci\u00f3n y Resiliencia de Espa\u00f1a &#8211; Next GenerationEU<\/p>\n<p>[\/vc_column_text][vc_media_grid element_width=&#8221;3&#8243; gap=&#8221;15&#8243; item=&#8221;masonryMedia_Default&#8221; initial_loading_animation=&#8221;none&#8221; grid_id=&#8221;vc_gid:1738919945906-8c0a6c5a-eabb-10&#8243; include=&#8221;38558,38561&#8243;][vc_column_text]<\/p>\n<h2><span style=\"color: #66cc00;\">Patrocinadores y colaboradores del Serielizados Kick<\/span><\/h2>\n<p>[\/vc_column_text][vc_separator color=&#8221;black&#8221;][vc_media_grid element_width=&#8221;3&#8243; item=&#8221;masonryMedia_Default&#8221; css=&#8221;&#8221; initial_loading_animation=&#8221;none&#8221; grid_id=&#8221;vc_gid:1738919945909-4b40ffa7-a650-3&#8243; include=&#8221;33475,26830,32259,38558,38561,30722,30630,32876,36704,31777,39179,31094,33326,30634,31404&#8243;][vc_column_text]<\/p>\n<h2><span style=\"color: #f8b133;\">Proyecto S2S &#8211; Serielizados 2 Screen<\/span><\/h2>\n<p>[\/vc_column_text][vc_separator color=&#8221;black&#8221;][vc_column_text]<\/p>\n<p style=\"text-align: center;\">Financiado por la Uni\u00f3n Europea, Plan de Recuperaci\u00f3n, Next Generation Catalunya, Departament de Cultura e ICEC.<\/p>\n<p>[\/vc_column_text][vc_media_grid element_width=&#8221;3&#8243; gap=&#8221;15&#8243; item=&#8221;masonryMedia_Default&#8221; initial_loading_animation=&#8221;none&#8221; grid_id=&#8221;vc_gid:1738919945929-faa24688-aac4-3&#8243; include=&#8221;38558,38561,43122,33472&#8243;][\/vc_column][\/vc_row]<\/p>\n<\/div>","protected":false},"excerpt":{"rendered":"<p>[vc_row][vc_column][vc_column_text] Patrocinadores y colaboradores del Serielizados Fest [\/vc_column_text][vc_separator color=&#8221;black&#8221;][vc_media_grid element_width=&#8221;3&#8243; gap=&#8221;15&#8243; item=&#8221;masonryMedia_Default&#8221; initial_loading_animation=&#8221;none&#8221; grid_id=&#8221;vc_gid:1738919945873-af7f0a0e-9328-3&#8243; include=&#8221;32827,38154,38103,38106,41680,41683,41677,41674,38136,38130,38133,38139,26799,38148,38145,38142,38124,38184,38218,38178,33475,26830&#8243;][vc_column_text] Calendario de series &#8211; Serielizados Mag [\/vc_column_text][vc_separator color=&#8221;black&#8221;][vc_column_text] Proyecto &#8216;Calendario de series&#8217; financiado por el Programa Kit Digital. Plan de Recuperaci\u00f3n, Transformaci\u00f3n y Resiliencia de Espa\u00f1a &#8211; Next GenerationEU [\/vc_column_text][vc_media_grid element_width=&#8221;3&#8243; gap=&#8221;15&#8243; item=&#8221;masonryMedia_Default&#8221; initial_loading_animation=&#8221;none&#8221; grid_id=&#8221;vc_gid:1738919945906-8c0a6c5a-eabb-10&#8243; include=&#8221;38558,38561&#8243;][vc_column_text] Patrocinadores y colaboradores del [&hellip;]<\/p>\n","protected":false},"author":1,"featured_media":0,"parent":0,"menu_order":0,"comment_status":"closed","ping_status":"closed","template":"","meta":{"_acf_changed":false,"inline_featured_image":false,"footnotes":""},"coauthors":[3790],"class_list":["post-38557","page","type-page","status-publish","hentry"],"acf":[],"yoast_head":"<!-- This site is optimized with the Yoast SEO plugin v27.0 - https:\/\/yoast.com\/product\/yoast-seo-wordpress\/ -->\n<title>Patrocinadores | Serielizados<\/title>\n<meta name=\"robots\" content=\"noindex, follow, max-snippet:-1, max-image-preview:large, max-video-preview:-1\" \/>\n<meta property=\"og:locale\" content=\"en_US\" \/>\n<meta property=\"og:type\" content=\"article\" \/>\n<meta property=\"og:title\" content=\"Patrocinadores | Serielizados\" \/>\n<meta property=\"og:description\" content=\"[vc_row][vc_column][vc_column_text] Patrocinadores y colaboradores del Serielizados Fest [\/vc_column_text][vc_separator color=&#8221;black&#8221;][vc_media_grid element_width=&#8221;3&#8243; gap=&#8221;15&#8243; item=&#8221;masonryMedia_Default&#8221; initial_loading_animation=&#8221;none&#8221; grid_id=&#8221;vc_gid:1738919945873-af7f0a0e-9328-3&#8243; include=&#8221;32827,38154,38103,38106,41680,41683,41677,41674,38136,38130,38133,38139,26799,38148,38145,38142,38124,38184,38218,38178,33475,26830&#8243;][vc_column_text] Calendario de series &#8211; Serielizados Mag [\/vc_column_text][vc_separator color=&#8221;black&#8221;][vc_column_text] Proyecto &#8216;Calendario de series&#8217; financiado por el Programa Kit Digital. Plan de Recuperaci\u00f3n, Transformaci\u00f3n y Resiliencia de Espa\u00f1a &#8211; Next GenerationEU [\/vc_column_text][vc_media_grid element_width=&#8221;3&#8243; gap=&#8221;15&#8243; item=&#8221;masonryMedia_Default&#8221; initial_loading_animation=&#8221;none&#8221; grid_id=&#8221;vc_gid:1738919945906-8c0a6c5a-eabb-10&#8243; include=&#8221;38558,38561&#8243;][vc_column_text] Patrocinadores y colaboradores del [&hellip;]\" \/>\n<meta property=\"og:url\" content=\"https:\/\/szs.giuseppe-colonna.com\/en\/patrocinadores\/\" \/>\n<meta property=\"og:site_name\" content=\"Serielizados\" \/>\n<meta property=\"article:publisher\" content=\"https:\/\/www.facebook.com\/serielizados\/\" \/>\n<meta property=\"article:modified_time\" content=\"2025-02-07T09:25:18+00:00\" \/>\n<meta property=\"og:image\" content=\"https:\/\/szs.giuseppe-colonna.com\/wp-content\/uploads\/SZS_imatgedestacada-1.jpg\" \/>\n\t<meta property=\"og:image:width\" content=\"1200\" \/>\n\t<meta property=\"og:image:height\" content=\"720\" \/>\n\t<meta property=\"og:image:type\" content=\"image\/jpeg\" \/>\n<meta name=\"twitter:card\" content=\"summary_large_image\" \/>\n<meta name=\"twitter:site\" content=\"@serielizados\" \/>\n<meta name=\"twitter:label1\" content=\"Est. reading time\" \/>\n\t<meta name=\"twitter:data1\" content=\"1 minute\" \/>\n\t<meta name=\"twitter:label2\" content=\"Written by\" \/>\n\t<meta name=\"twitter:data2\" content=\"Serielizados\" \/>\n<script type=\"application\/ld+json\" class=\"yoast-schema-graph\">{\"@context\":\"https:\/\/schema.org\",\"@graph\":[{\"@type\":\"WebPage\",\"@id\":\"https:\/\/szs.giuseppe-colonna.com\/en\/patrocinadores\/\",\"url\":\"https:\/\/szs.giuseppe-colonna.com\/en\/patrocinadores\/\",\"name\":\"Patrocinadores | Serielizados\",\"isPartOf\":{\"@id\":\"https:\/\/szs.giuseppe-colonna.com\/en\/#website\"},\"datePublished\":\"2023-08-08T22:11:42+00:00\",\"dateModified\":\"2025-02-07T09:25:18+00:00\",\"breadcrumb\":{\"@id\":\"https:\/\/szs.giuseppe-colonna.com\/en\/patrocinadores\/#breadcrumb\"},\"inLanguage\":\"en-US\",\"potentialAction\":[{\"@type\":\"ReadAction\",\"target\":[\"https:\/\/szs.giuseppe-colonna.com\/en\/patrocinadores\/\"]}]},{\"@type\":\"BreadcrumbList\",\"@id\":\"https:\/\/szs.giuseppe-colonna.com\/en\/patrocinadores\/#breadcrumb\",\"itemListElement\":[{\"@type\":\"ListItem\",\"position\":1,\"name\":\"Portada\",\"item\":\"https:\/\/szs.giuseppe-colonna.com\/en\/\"},{\"@type\":\"ListItem\",\"position\":2,\"name\":\"Patrocinadores\"}]},{\"@type\":\"WebSite\",\"@id\":\"https:\/\/szs.giuseppe-colonna.com\/en\/#website\",\"url\":\"https:\/\/szs.giuseppe-colonna.com\/en\/\",\"name\":\"Serielizados\",\"description\":\"Revista y Festival Internacional de series\",\"publisher\":{\"@id\":\"https:\/\/szs.giuseppe-colonna.com\/en\/#organization\"},\"potentialAction\":[{\"@type\":\"SearchAction\",\"target\":{\"@type\":\"EntryPoint\",\"urlTemplate\":\"https:\/\/szs.giuseppe-colonna.com\/en\/?s={search_term_string}\"},\"query-input\":{\"@type\":\"PropertyValueSpecification\",\"valueRequired\":true,\"valueName\":\"search_term_string\"}}],\"inLanguage\":\"en-US\"},{\"@type\":\"Organization\",\"@id\":\"https:\/\/szs.giuseppe-colonna.com\/en\/#organization\",\"name\":\"Serielizados\",\"url\":\"https:\/\/szs.giuseppe-colonna.com\/en\/\",\"logo\":{\"@type\":\"ImageObject\",\"inLanguage\":\"en-US\",\"@id\":\"https:\/\/szs.giuseppe-colonna.com\/en\/#\/schema\/logo\/image\/\",\"url\":\"http:\/\/szs.giuseppe-colonna.com\/wp-content\/uploads\/SZS_imatgedestacada-1.jpg\",\"contentUrl\":\"http:\/\/szs.giuseppe-colonna.com\/wp-content\/uploads\/SZS_imatgedestacada-1.jpg\",\"width\":1200,\"height\":720,\"caption\":\"Serielizados\"},\"image\":{\"@id\":\"https:\/\/szs.giuseppe-colonna.com\/en\/#\/schema\/logo\/image\/\"},\"sameAs\":[\"https:\/\/www.facebook.com\/serielizados\/\",\"https:\/\/x.com\/serielizados\",\"https:\/\/www.instagram.com\/serielizadosmagazine\/\",\"https:\/\/es.linkedin.com\/in\/serielizados\",\"https:\/\/www.youtube.com\/serielizadosTV\"]}]}<\/script>\n<!-- \/ Yoast SEO plugin. -->","yoast_head_json":{"title":"Patrocinadores | Serielizados","robots":{"index":"noindex","follow":"follow","max-snippet":"max-snippet:-1","max-image-preview":"max-image-preview:large","max-video-preview":"max-video-preview:-1"},"og_locale":"en_US","og_type":"article","og_title":"Patrocinadores | Serielizados","og_description":"[vc_row][vc_column][vc_column_text] Patrocinadores y colaboradores del Serielizados Fest [\/vc_column_text][vc_separator color=&#8221;black&#8221;][vc_media_grid element_width=&#8221;3&#8243; gap=&#8221;15&#8243; item=&#8221;masonryMedia_Default&#8221; initial_loading_animation=&#8221;none&#8221; grid_id=&#8221;vc_gid:1738919945873-af7f0a0e-9328-3&#8243; include=&#8221;32827,38154,38103,38106,41680,41683,41677,41674,38136,38130,38133,38139,26799,38148,38145,38142,38124,38184,38218,38178,33475,26830&#8243;][vc_column_text] Calendario de series &#8211; Serielizados Mag [\/vc_column_text][vc_separator color=&#8221;black&#8221;][vc_column_text] Proyecto &#8216;Calendario de series&#8217; financiado por el Programa Kit Digital. Plan de Recuperaci\u00f3n, Transformaci\u00f3n y Resiliencia de Espa\u00f1a &#8211; Next GenerationEU [\/vc_column_text][vc_media_grid element_width=&#8221;3&#8243; gap=&#8221;15&#8243; item=&#8221;masonryMedia_Default&#8221; initial_loading_animation=&#8221;none&#8221; grid_id=&#8221;vc_gid:1738919945906-8c0a6c5a-eabb-10&#8243; include=&#8221;38558,38561&#8243;][vc_column_text] Patrocinadores y colaboradores del [&hellip;]","og_url":"https:\/\/szs.giuseppe-colonna.com\/en\/patrocinadores\/","og_site_name":"Serielizados","article_publisher":"https:\/\/www.facebook.com\/serielizados\/","article_modified_time":"2025-02-07T09:25:18+00:00","og_image":[{"width":1200,"height":720,"url":"https:\/\/szs.giuseppe-colonna.com\/wp-content\/uploads\/SZS_imatgedestacada-1.jpg","type":"image\/jpeg"}],"twitter_card":"summary_large_image","twitter_site":"@serielizados","twitter_misc":{"Est. reading time":"1 minute","Written by":"Serielizados"},"schema":{"@context":"https:\/\/schema.org","@graph":[{"@type":"WebPage","@id":"https:\/\/szs.giuseppe-colonna.com\/en\/patrocinadores\/","url":"https:\/\/szs.giuseppe-colonna.com\/en\/patrocinadores\/","name":"Patrocinadores | Serielizados","isPartOf":{"@id":"https:\/\/szs.giuseppe-colonna.com\/en\/#website"},"datePublished":"2023-08-08T22:11:42+00:00","dateModified":"2025-02-07T09:25:18+00:00","breadcrumb":{"@id":"https:\/\/szs.giuseppe-colonna.com\/en\/patrocinadores\/#breadcrumb"},"inLanguage":"en-US","potentialAction":[{"@type":"ReadAction","target":["https:\/\/szs.giuseppe-colonna.com\/en\/patrocinadores\/"]}]},{"@type":"BreadcrumbList","@id":"https:\/\/szs.giuseppe-colonna.com\/en\/patrocinadores\/#breadcrumb","itemListElement":[{"@type":"ListItem","position":1,"name":"Portada","item":"https:\/\/szs.giuseppe-colonna.com\/en\/"},{"@type":"ListItem","position":2,"name":"Patrocinadores"}]},{"@type":"WebSite","@id":"https:\/\/szs.giuseppe-colonna.com\/en\/#website","url":"https:\/\/szs.giuseppe-colonna.com\/en\/","name":"Serielizados","description":"Revista y Festival Internacional de series","publisher":{"@id":"https:\/\/szs.giuseppe-colonna.com\/en\/#organization"},"potentialAction":[{"@type":"SearchAction","target":{"@type":"EntryPoint","urlTemplate":"https:\/\/szs.giuseppe-colonna.com\/en\/?s={search_term_string}"},"query-input":{"@type":"PropertyValueSpecification","valueRequired":true,"valueName":"search_term_string"}}],"inLanguage":"en-US"},{"@type":"Organization","@id":"https:\/\/szs.giuseppe-colonna.com\/en\/#organization","name":"Serielizados","url":"https:\/\/szs.giuseppe-colonna.com\/en\/","logo":{"@type":"ImageObject","inLanguage":"en-US","@id":"https:\/\/szs.giuseppe-colonna.com\/en\/#\/schema\/logo\/image\/","url":"http:\/\/szs.giuseppe-colonna.com\/wp-content\/uploads\/SZS_imatgedestacada-1.jpg","contentUrl":"http:\/\/szs.giuseppe-colonna.com\/wp-content\/uploads\/SZS_imatgedestacada-1.jpg","width":1200,"height":720,"caption":"Serielizados"},"image":{"@id":"https:\/\/szs.giuseppe-colonna.com\/en\/#\/schema\/logo\/image\/"},"sameAs":["https:\/\/www.facebook.com\/serielizados\/","https:\/\/x.com\/serielizados","https:\/\/www.instagram.com\/serielizadosmagazine\/","https:\/\/es.linkedin.com\/in\/serielizados","https:\/\/www.youtube.com\/serielizadosTV"]}]}},"_links":{"self":[{"href":"https:\/\/szs.giuseppe-colonna.com\/en\/wp-json\/wp\/v2\/pages\/38557","targetHints":{"allow":["GET"]}}],"collection":[{"href":"https:\/\/szs.giuseppe-colonna.com\/en\/wp-json\/wp\/v2\/pages"}],"about":[{"href":"https:\/\/szs.giuseppe-colonna.com\/en\/wp-json\/wp\/v2\/types\/page"}],"author":[{"embeddable":true,"href":"https:\/\/szs.giuseppe-colonna.com\/en\/wp-json\/wp\/v2\/users\/1"}],"replies":[{"embeddable":true,"href":"https:\/\/szs.giuseppe-colonna.com\/en\/wp-json\/wp\/v2\/comments?post=38557"}],"version-history":[{"count":1,"href":"https:\/\/szs.giuseppe-colonna.com\/en\/wp-json\/wp\/v2\/pages\/38557\/revisions"}],"predecessor-version":[{"id":43086,"href":"https:\/\/szs.giuseppe-colonna.com\/en\/wp-json\/wp\/v2\/pages\/38557\/revisions\/43086"}],"wp:attachment":[{"href":"https:\/\/szs.giuseppe-colonna.com\/en\/wp-json\/wp\/v2\/media?parent=38557"}],"wp:term":[{"taxonomy":"author","embeddable":true,"href":"https:\/\/szs.giuseppe-colonna.com\/en\/wp-json\/wp\/v2\/coauthors?post=38557"}],"curies":[{"name":"wp","href":"https:\/\/api.w.org\/{rel}","templated":true}]}}