{"id":27579,"date":"2022-04-05T16:01:10","date_gmt":"2022-04-05T15:01:10","guid":{"rendered":"http:\/\/szs.giuseppe-colonna.com\/?page_id=27579"},"modified":"2025-06-27T17:36:43","modified_gmt":"2025-06-27T16:36:43","slug":"serieselektor-podcast","status":"publish","type":"page","link":"https:\/\/szs.giuseppe-colonna.com\/en\/serieselektor-podcast\/","title":{"rendered":"SerieSelektor (en catal\u00e0)"},"content":{"rendered":"<p>El consultori de s\u00e8ries d&#8217;iCat. Un programa de bona mandanga seri\u00e8fila, un servei gratu\u00eft de prescripci\u00f3 setmanal. Els oients ens diuen les s\u00e8ries que estan veient i els hi recomanem\u00a0les seg\u00fcents que no es poden perdre. Ter\u00e0pia de s\u00e8ries per ells i per nosaltres, sense perdre de vista (o s\u00ed) les not\u00edcies necess\u00e0ries per estar al dia de l&#8217;actualitat.<\/p>\n<iframe loading=\"lazy\" style=\"border-radius: 12px;\" src=\"https:\/\/open.spotify.com\/embed\/episode\/1dLkBHSUSFRdzIOjHsHLDC?utm_source=generator\" width=\"100%\" height=\"352\" frameborder=\"0\" allowfullscreen=\"allowfullscreen\"><\/iframe>\n<iframe loading=\"lazy\" style=\"border-radius: 12px;\" src=\"https:\/\/open.spotify.com\/embed\/episode\/6E1XYxQXRPmpced6psBzWz?utm_source=generator\" width=\"100%\" height=\"352\" frameborder=\"0\" allowfullscreen=\"allowfullscreen\"><\/iframe>\n<iframe loading=\"lazy\" style=\"border-radius: 12px;\" src=\"https:\/\/open.spotify.com\/embed\/episode\/51HahuS5Q3aW9H9bHiA1D1?utm_source=generator\" width=\"100%\" height=\"352\" frameborder=\"0\" allowfullscreen=\"allowfullscreen\"><\/iframe>\n<iframe loading=\"lazy\" style=\"border-radius: 12px;\" src=\"https:\/\/open.spotify.com\/embed\/episode\/4iTSDU2m05M9OtDgM4Egw6?utm_source=generator\" width=\"100%\" height=\"352\" frameborder=\"0\" allowfullscreen=\"allowfullscreen\"><\/iframe>\n<iframe loading=\"lazy\" style=\"border-radius: 12px;\" src=\"https:\/\/open.spotify.com\/embed\/episode\/4kTjF3wgAMmo98bdlezMSk?utm_source=generator\" width=\"100%\" height=\"352\" frameborder=\"0\" allowfullscreen=\"allowfullscreen\"><\/iframe>\n<iframe loading=\"lazy\" style=\"border-radius: 12px;\" src=\"https:\/\/open.spotify.com\/embed\/episode\/6YRVlCf4dsegjj3lQzURZQ?utm_source=generator\" width=\"100%\" height=\"352\" frameborder=\"0\" allowfullscreen=\"allowfullscreen\"><\/iframe>\n<iframe loading=\"lazy\" style=\"border-radius: 12px;\" src=\"https:\/\/open.spotify.com\/embed\/episode\/4vEDx1cquSY8hAukRRYrV4?utm_source=generator\" width=\"100%\" height=\"352\" frameborder=\"0\" allowfullscreen=\"allowfullscreen\"><\/iframe>\n<p>&nbsp;<\/p>\n<p style=\"text-align: center;\"><a href=\"https:\/\/open.spotify.com\/show\/7t9WPzSqQue0tLCkbjGWhm?si=0c38b25b2fe04209\">Escoltar m\u00e9s programes!<\/a><\/p>\n<p>&nbsp;<\/p>\n","protected":false},"excerpt":{"rendered":"<p>El consultori de s\u00e8ries d&#8217;iCat. Un programa de bona mandanga seri\u00e8fila, un servei gratu\u00eft de prescripci\u00f3 setmanal. Els oients ens diuen les s\u00e8ries que estan veient i els hi recomanem\u00a0les seg\u00fcents que no es poden perdre. Ter\u00e0pia de s\u00e8ries per ells i per nosaltres, sense perdre de vista (o s\u00ed) les not\u00edcies necess\u00e0ries per estar [&hellip;]<\/p>\n","protected":false},"author":1,"featured_media":27581,"parent":0,"menu_order":0,"comment_status":"closed","ping_status":"closed","template":"page-podcasts.php","meta":{"_acf_changed":false,"inline_featured_image":false,"footnotes":""},"coauthors":[3790],"class_list":["post-27579","page","type-page","status-publish","has-post-thumbnail","hentry"],"acf":[],"yoast_head":"<!-- This site is optimized with the Yoast SEO plugin v27.0 - https:\/\/yoast.com\/product\/yoast-seo-wordpress\/ -->\n<title>SerieSelektor - Podcast - Serielizados<\/title>\n<meta name=\"description\" content=\"El consultori de s\u00e8ries d&#039;iCat. Un programa de bona mandanga seri\u00e8fila, un servei gratu\u00eft de prescripci\u00f3 setmanal.\" \/>\n<meta name=\"robots\" content=\"noindex, follow, max-snippet:-1, max-image-preview:large, max-video-preview:-1\" \/>\n<meta property=\"og:locale\" content=\"en_US\" \/>\n<meta property=\"og:type\" content=\"article\" \/>\n<meta property=\"og:title\" content=\"SerieSelektor - Podcast - Serielizados\" \/>\n<meta property=\"og:description\" content=\"El consultori de s\u00e8ries d&#039;iCat. Un programa de bona mandanga seri\u00e8fila, un servei gratu\u00eft de prescripci\u00f3 setmanal.\" \/>\n<meta property=\"og:url\" content=\"https:\/\/szs.giuseppe-colonna.com\/en\/serieselektor-podcast\/\" \/>\n<meta property=\"og:site_name\" content=\"Serielizados\" \/>\n<meta property=\"article:publisher\" content=\"https:\/\/www.facebook.com\/serielizados\/\" \/>\n<meta property=\"article:modified_time\" content=\"2025-06-27T16:36:43+00:00\" \/>\n<meta property=\"og:image\" content=\"https:\/\/szs.giuseppe-colonna.com\/wp-content\/uploads\/1618927320934.jpeg\" \/>\n\t<meta property=\"og:image:width\" content=\"670\" \/>\n\t<meta property=\"og:image:height\" content=\"378\" \/>\n\t<meta property=\"og:image:type\" content=\"image\/jpeg\" \/>\n<meta name=\"twitter:card\" content=\"summary_large_image\" \/>\n<meta name=\"twitter:site\" content=\"@serielizados\" \/>\n<meta name=\"twitter:label1\" content=\"Est. reading time\" \/>\n\t<meta name=\"twitter:data1\" content=\"1 minute\" \/>\n\t<meta name=\"twitter:label2\" content=\"Written by\" \/>\n\t<meta name=\"twitter:data2\" content=\"Serielizados\" \/>\n<script type=\"application\/ld+json\" class=\"yoast-schema-graph\">{\"@context\":\"https:\/\/schema.org\",\"@graph\":[{\"@type\":\"WebPage\",\"@id\":\"https:\/\/szs.giuseppe-colonna.com\/en\/serieselektor-podcast\/\",\"url\":\"https:\/\/szs.giuseppe-colonna.com\/en\/serieselektor-podcast\/\",\"name\":\"SerieSelektor - Podcast - Serielizados\",\"isPartOf\":{\"@id\":\"https:\/\/szs.giuseppe-colonna.com\/en\/#website\"},\"primaryImageOfPage\":{\"@id\":\"https:\/\/szs.giuseppe-colonna.com\/en\/serieselektor-podcast\/#primaryimage\"},\"image\":{\"@id\":\"https:\/\/szs.giuseppe-colonna.com\/en\/serieselektor-podcast\/#primaryimage\"},\"thumbnailUrl\":\"https:\/\/szs.giuseppe-colonna.com\/wp-content\/uploads\/1618927320934.jpeg\",\"datePublished\":\"2022-04-05T15:01:10+00:00\",\"dateModified\":\"2025-06-27T16:36:43+00:00\",\"description\":\"El consultori de s\u00e8ries d'iCat. Un programa de bona mandanga seri\u00e8fila, un servei gratu\u00eft de prescripci\u00f3 setmanal.\",\"breadcrumb\":{\"@id\":\"https:\/\/szs.giuseppe-colonna.com\/en\/serieselektor-podcast\/#breadcrumb\"},\"inLanguage\":\"en-US\",\"potentialAction\":[{\"@type\":\"ReadAction\",\"target\":[\"https:\/\/szs.giuseppe-colonna.com\/en\/serieselektor-podcast\/\"]}]},{\"@type\":\"ImageObject\",\"inLanguage\":\"en-US\",\"@id\":\"https:\/\/szs.giuseppe-colonna.com\/en\/serieselektor-podcast\/#primaryimage\",\"url\":\"https:\/\/szs.giuseppe-colonna.com\/wp-content\/uploads\/1618927320934.jpeg\",\"contentUrl\":\"https:\/\/szs.giuseppe-colonna.com\/wp-content\/uploads\/1618927320934.jpeg\",\"width\":670,\"height\":378},{\"@type\":\"BreadcrumbList\",\"@id\":\"https:\/\/szs.giuseppe-colonna.com\/en\/serieselektor-podcast\/#breadcrumb\",\"itemListElement\":[{\"@type\":\"ListItem\",\"position\":1,\"name\":\"Portada\",\"item\":\"https:\/\/szs.giuseppe-colonna.com\/en\/\"},{\"@type\":\"ListItem\",\"position\":2,\"name\":\"SerieSelektor (en catal\u00e0)\"}]},{\"@type\":\"WebSite\",\"@id\":\"https:\/\/szs.giuseppe-colonna.com\/en\/#website\",\"url\":\"https:\/\/szs.giuseppe-colonna.com\/en\/\",\"name\":\"Serielizados\",\"description\":\"Revista y Festival Internacional de series\",\"publisher\":{\"@id\":\"https:\/\/szs.giuseppe-colonna.com\/en\/#organization\"},\"potentialAction\":[{\"@type\":\"SearchAction\",\"target\":{\"@type\":\"EntryPoint\",\"urlTemplate\":\"https:\/\/szs.giuseppe-colonna.com\/en\/?s={search_term_string}\"},\"query-input\":{\"@type\":\"PropertyValueSpecification\",\"valueRequired\":true,\"valueName\":\"search_term_string\"}}],\"inLanguage\":\"en-US\"},{\"@type\":\"Organization\",\"@id\":\"https:\/\/szs.giuseppe-colonna.com\/en\/#organization\",\"name\":\"Serielizados\",\"url\":\"https:\/\/szs.giuseppe-colonna.com\/en\/\",\"logo\":{\"@type\":\"ImageObject\",\"inLanguage\":\"en-US\",\"@id\":\"https:\/\/szs.giuseppe-colonna.com\/en\/#\/schema\/logo\/image\/\",\"url\":\"http:\/\/szs.giuseppe-colonna.com\/wp-content\/uploads\/SZS_imatgedestacada-1.jpg\",\"contentUrl\":\"http:\/\/szs.giuseppe-colonna.com\/wp-content\/uploads\/SZS_imatgedestacada-1.jpg\",\"width\":1200,\"height\":720,\"caption\":\"Serielizados\"},\"image\":{\"@id\":\"https:\/\/szs.giuseppe-colonna.com\/en\/#\/schema\/logo\/image\/\"},\"sameAs\":[\"https:\/\/www.facebook.com\/serielizados\/\",\"https:\/\/x.com\/serielizados\",\"https:\/\/www.instagram.com\/serielizadosmagazine\/\",\"https:\/\/es.linkedin.com\/in\/serielizados\",\"https:\/\/www.youtube.com\/serielizadosTV\"]}]}<\/script>\n<!-- \/ Yoast SEO plugin. -->","yoast_head_json":{"title":"SerieSelektor - Podcast - Serielizados","description":"El consultori de s\u00e8ries d'iCat. Un programa de bona mandanga seri\u00e8fila, un servei gratu\u00eft de prescripci\u00f3 setmanal.","robots":{"index":"noindex","follow":"follow","max-snippet":"max-snippet:-1","max-image-preview":"max-image-preview:large","max-video-preview":"max-video-preview:-1"},"og_locale":"en_US","og_type":"article","og_title":"SerieSelektor - Podcast - Serielizados","og_description":"El consultori de s\u00e8ries d'iCat. Un programa de bona mandanga seri\u00e8fila, un servei gratu\u00eft de prescripci\u00f3 setmanal.","og_url":"https:\/\/szs.giuseppe-colonna.com\/en\/serieselektor-podcast\/","og_site_name":"Serielizados","article_publisher":"https:\/\/www.facebook.com\/serielizados\/","article_modified_time":"2025-06-27T16:36:43+00:00","og_image":[{"width":670,"height":378,"url":"https:\/\/szs.giuseppe-colonna.com\/wp-content\/uploads\/1618927320934.jpeg","type":"image\/jpeg"}],"twitter_card":"summary_large_image","twitter_site":"@serielizados","twitter_misc":{"Est. reading time":"1 minute","Written by":"Serielizados"},"schema":{"@context":"https:\/\/schema.org","@graph":[{"@type":"WebPage","@id":"https:\/\/szs.giuseppe-colonna.com\/en\/serieselektor-podcast\/","url":"https:\/\/szs.giuseppe-colonna.com\/en\/serieselektor-podcast\/","name":"SerieSelektor - Podcast - Serielizados","isPartOf":{"@id":"https:\/\/szs.giuseppe-colonna.com\/en\/#website"},"primaryImageOfPage":{"@id":"https:\/\/szs.giuseppe-colonna.com\/en\/serieselektor-podcast\/#primaryimage"},"image":{"@id":"https:\/\/szs.giuseppe-colonna.com\/en\/serieselektor-podcast\/#primaryimage"},"thumbnailUrl":"https:\/\/szs.giuseppe-colonna.com\/wp-content\/uploads\/1618927320934.jpeg","datePublished":"2022-04-05T15:01:10+00:00","dateModified":"2025-06-27T16:36:43+00:00","description":"El consultori de s\u00e8ries d'iCat. Un programa de bona mandanga seri\u00e8fila, un servei gratu\u00eft de prescripci\u00f3 setmanal.","breadcrumb":{"@id":"https:\/\/szs.giuseppe-colonna.com\/en\/serieselektor-podcast\/#breadcrumb"},"inLanguage":"en-US","potentialAction":[{"@type":"ReadAction","target":["https:\/\/szs.giuseppe-colonna.com\/en\/serieselektor-podcast\/"]}]},{"@type":"ImageObject","inLanguage":"en-US","@id":"https:\/\/szs.giuseppe-colonna.com\/en\/serieselektor-podcast\/#primaryimage","url":"https:\/\/szs.giuseppe-colonna.com\/wp-content\/uploads\/1618927320934.jpeg","contentUrl":"https:\/\/szs.giuseppe-colonna.com\/wp-content\/uploads\/1618927320934.jpeg","width":670,"height":378},{"@type":"BreadcrumbList","@id":"https:\/\/szs.giuseppe-colonna.com\/en\/serieselektor-podcast\/#breadcrumb","itemListElement":[{"@type":"ListItem","position":1,"name":"Portada","item":"https:\/\/szs.giuseppe-colonna.com\/en\/"},{"@type":"ListItem","position":2,"name":"SerieSelektor (en catal\u00e0)"}]},{"@type":"WebSite","@id":"https:\/\/szs.giuseppe-colonna.com\/en\/#website","url":"https:\/\/szs.giuseppe-colonna.com\/en\/","name":"Serielizados","description":"Revista y Festival Internacional de series","publisher":{"@id":"https:\/\/szs.giuseppe-colonna.com\/en\/#organization"},"potentialAction":[{"@type":"SearchAction","target":{"@type":"EntryPoint","urlTemplate":"https:\/\/szs.giuseppe-colonna.com\/en\/?s={search_term_string}"},"query-input":{"@type":"PropertyValueSpecification","valueRequired":true,"valueName":"search_term_string"}}],"inLanguage":"en-US"},{"@type":"Organization","@id":"https:\/\/szs.giuseppe-colonna.com\/en\/#organization","name":"Serielizados","url":"https:\/\/szs.giuseppe-colonna.com\/en\/","logo":{"@type":"ImageObject","inLanguage":"en-US","@id":"https:\/\/szs.giuseppe-colonna.com\/en\/#\/schema\/logo\/image\/","url":"http:\/\/szs.giuseppe-colonna.com\/wp-content\/uploads\/SZS_imatgedestacada-1.jpg","contentUrl":"http:\/\/szs.giuseppe-colonna.com\/wp-content\/uploads\/SZS_imatgedestacada-1.jpg","width":1200,"height":720,"caption":"Serielizados"},"image":{"@id":"https:\/\/szs.giuseppe-colonna.com\/en\/#\/schema\/logo\/image\/"},"sameAs":["https:\/\/www.facebook.com\/serielizados\/","https:\/\/x.com\/serielizados","https:\/\/www.instagram.com\/serielizadosmagazine\/","https:\/\/es.linkedin.com\/in\/serielizados","https:\/\/www.youtube.com\/serielizadosTV"]}]}},"_links":{"self":[{"href":"https:\/\/szs.giuseppe-colonna.com\/en\/wp-json\/wp\/v2\/pages\/27579","targetHints":{"allow":["GET"]}}],"collection":[{"href":"https:\/\/szs.giuseppe-colonna.com\/en\/wp-json\/wp\/v2\/pages"}],"about":[{"href":"https:\/\/szs.giuseppe-colonna.com\/en\/wp-json\/wp\/v2\/types\/page"}],"author":[{"embeddable":true,"href":"https:\/\/szs.giuseppe-colonna.com\/en\/wp-json\/wp\/v2\/users\/1"}],"replies":[{"embeddable":true,"href":"https:\/\/szs.giuseppe-colonna.com\/en\/wp-json\/wp\/v2\/comments?post=27579"}],"version-history":[{"count":1,"href":"https:\/\/szs.giuseppe-colonna.com\/en\/wp-json\/wp\/v2\/pages\/27579\/revisions"}],"predecessor-version":[{"id":27662,"href":"https:\/\/szs.giuseppe-colonna.com\/en\/wp-json\/wp\/v2\/pages\/27579\/revisions\/27662"}],"wp:featuredmedia":[{"embeddable":true,"href":"https:\/\/szs.giuseppe-colonna.com\/en\/wp-json\/wp\/v2\/media\/27581"}],"wp:attachment":[{"href":"https:\/\/szs.giuseppe-colonna.com\/en\/wp-json\/wp\/v2\/media?parent=27579"}],"wp:term":[{"taxonomy":"author","embeddable":true,"href":"https:\/\/szs.giuseppe-colonna.com\/en\/wp-json\/wp\/v2\/coauthors?post=27579"}],"curies":[{"name":"wp","href":"https:\/\/api.w.org\/{rel}","templated":true}]}}