{"id":26416,"date":"2014-04-07T11:14:14","date_gmt":"2014-04-07T10:14:14","guid":{"rendered":"http:\/\/szs.giuseppe-colonna.com\/series-tv-newsletter\/"},"modified":"2023-03-08T13:08:59","modified_gmt":"2023-03-08T12:08:59","slug":"series-tv-newsletter","status":"publish","type":"page","link":"https:\/\/szs.giuseppe-colonna.com\/en\/series-tv-newsletter\/","title":{"rendered":"Newsletter"},"content":{"rendered":"<p>Cada viernes recibe una selecci\u00f3n de los mejores art\u00edculos en tu correo. Todo #buenamierda, no spam!<\/p>\n<iframe loading=\"lazy\" style=\"border: 1px solid #EEE; background: white;\" src=\"https:\/\/serielizados.substack.com\/embed\" width=\"480\" height=\"320\" frameborder=\"0\" scrolling=\"no\"><\/iframe>\n<p>&nbsp;<\/p>\n<p><strong>Permisos seg\u00fan la GDPR (Normativa europea de protecci\u00f3n de datos)<\/strong><\/p>\n<p><em>Serielizados.com usar\u00e1 la informaci\u00f3n que nos facilites en este formulario para contactar contigo y para enviarte informaci\u00f3n y contenido relativo a Serielizados.com. Puedes cambiar de opini\u00f3n en cualquier momento poni\u00e9ndote en contacto con nosotros en el email <a href=\"mailto:contacto@szs.giuseppe-colonna.com\">contacto@szs.giuseppe-colonna.com<\/a><\/em><\/p>\n<p>Tambi\u00e9n puedes leer nuestra <a href=\"http:\/\/szs.giuseppe-colonna.com\/politica-de-privacidad\/\">Pol\u00edtica de Privacidad<\/a>, <a href=\"http:\/\/szs.giuseppe-colonna.com\/aviso-legal\/\">Aviso Legal<\/a> y <a href=\"http:\/\/szs.giuseppe-colonna.com\/cookies\/\">Pol\u00edtica de Cookies<\/a>.<\/p>\n<p>Trataremos tu informaci\u00f3n con respeto, cari\u00f1o y de acuerdo a la legislaci\u00f3n vigente. Para obtener m\u00e1s informaci\u00f3n acerca de nuestras pr\u00e1cticas de privacidad, visita nuestro sitio web. Al hacer clic a continuaci\u00f3n, aceptas que podemos procesar tu informaci\u00f3n de acuerdo con estos t\u00e9rminos.<br \/>\n<!-- div style=\"float: left; width: 140px!important; height: auto!important;\"><img decoding=\"async\" class=\"size-full wp-image-9721 alignleft\" src=\"http:\/\/szs.giuseppe-colonna.com\/wp-content\/uploads\/GDPR.png\" alt=\"\" width=\"140\" height=\"auto\" srcset=\"https:\/\/szs.giuseppe-colonna.com\/wp-content\/uploads\/GDPR.png 700w, https:\/\/szs.giuseppe-colonna.com\/wp-content\/uploads\/GDPR-300x249.png 300w, https:\/\/szs.giuseppe-colonna.com\/wp-content\/uploads\/GDPR-500x415.png 500w\" sizes=\"(max-width: 700px) 100vw, 700px\" \/><\/div --> <!-- em>SZS usa MailChimp como plataforma de automatizaci\u00f3n de mercadotecnia. Al hacer clic a continuaci\u00f3n para enviar este formulario, usted entiende que la informaci\u00f3n que proporcione se transferir\u00e1 a MailChimp para su procesamiento de acuerdo con su\u00a0<a href=\"https:\/\/mailchimp.com\/legal\/privacy\/\" target=\"_blank\" rel=\"noopener\">Pol\u00edtica de Privacidad<\/a>\u00a0y\u00a0<a href=\"https:\/\/mailchimp.com\/legal\/terms\/\" target=\"_blank\" rel=\"noopener\">T\u00e9rminos<\/a>.<\/em --><\/p>\n","protected":false},"excerpt":{"rendered":"<p>Cada viernes recibe una selecci\u00f3n de los mejores art\u00edculos en tu correo. Todo #buenamierda, no spam! &nbsp; Permisos seg\u00fan la GDPR (Normativa europea de protecci\u00f3n de datos) Serielizados.com usar\u00e1 la informaci\u00f3n que nos facilites en este formulario para contactar contigo y para enviarte informaci\u00f3n y contenido relativo a Serielizados.com. Puedes cambiar de opini\u00f3n en cualquier [&hellip;]<\/p>\n","protected":false},"author":1,"featured_media":21737,"parent":0,"menu_order":0,"comment_status":"open","ping_status":"open","template":"","meta":{"_acf_changed":false,"inline_featured_image":false,"footnotes":""},"coauthors":[3790],"class_list":["post-26416","page","type-page","status-publish","has-post-thumbnail","hentry"],"acf":[],"yoast_head":"<!-- This site is optimized with the Yoast SEO plugin v27.0 - https:\/\/yoast.com\/product\/yoast-seo-wordpress\/ -->\n<title>Newsletter | Serielizados<\/title>\n<meta name=\"robots\" content=\"noindex, follow, max-snippet:-1, max-image-preview:large, max-video-preview:-1\" \/>\n<meta property=\"og:locale\" content=\"en_US\" \/>\n<meta property=\"og:type\" content=\"article\" \/>\n<meta property=\"og:title\" content=\"Newsletter | Serielizados\" \/>\n<meta property=\"og:description\" content=\"Cada viernes recibe una selecci\u00f3n de los mejores art\u00edculos en tu correo. Todo #buenamierda, no spam! &nbsp; Permisos seg\u00fan la GDPR (Normativa europea de protecci\u00f3n de datos) Serielizados.com usar\u00e1 la informaci\u00f3n que nos facilites en este formulario para contactar contigo y para enviarte informaci\u00f3n y contenido relativo a Serielizados.com. Puedes cambiar de opini\u00f3n en cualquier [&hellip;]\" \/>\n<meta property=\"og:url\" content=\"https:\/\/szs.giuseppe-colonna.com\/en\/series-tv-newsletter\/\" \/>\n<meta property=\"og:site_name\" content=\"Serielizados\" \/>\n<meta property=\"article:publisher\" content=\"https:\/\/www.facebook.com\/serielizados\/\" \/>\n<meta property=\"article:modified_time\" content=\"2023-03-08T12:08:59+00:00\" \/>\n<meta property=\"og:image\" content=\"https:\/\/szs.giuseppe-colonna.com\/wp-content\/uploads\/SerielizadosLOGOPetitWeb.png\" \/>\n\t<meta property=\"og:image:width\" content=\"240\" \/>\n\t<meta property=\"og:image:height\" content=\"178\" \/>\n\t<meta property=\"og:image:type\" content=\"image\/png\" \/>\n<meta name=\"twitter:card\" content=\"summary_large_image\" \/>\n<meta name=\"twitter:site\" content=\"@serielizados\" \/>\n<meta name=\"twitter:label1\" content=\"Est. reading time\" \/>\n\t<meta name=\"twitter:data1\" content=\"1 minute\" \/>\n\t<meta name=\"twitter:label2\" content=\"Written by\" \/>\n\t<meta name=\"twitter:data2\" content=\"Serielizados\" \/>\n<script type=\"application\/ld+json\" class=\"yoast-schema-graph\">{\"@context\":\"https:\/\/schema.org\",\"@graph\":[{\"@type\":\"WebPage\",\"@id\":\"https:\/\/szs.giuseppe-colonna.com\/en\/series-tv-newsletter\/\",\"url\":\"https:\/\/szs.giuseppe-colonna.com\/en\/series-tv-newsletter\/\",\"name\":\"Newsletter | Serielizados\",\"isPartOf\":{\"@id\":\"https:\/\/szs.giuseppe-colonna.com\/en\/#website\"},\"primaryImageOfPage\":{\"@id\":\"https:\/\/szs.giuseppe-colonna.com\/en\/series-tv-newsletter\/#primaryimage\"},\"image\":{\"@id\":\"https:\/\/szs.giuseppe-colonna.com\/en\/series-tv-newsletter\/#primaryimage\"},\"thumbnailUrl\":\"https:\/\/szs.giuseppe-colonna.com\/wp-content\/uploads\/SerielizadosLOGOPetitWeb.png\",\"datePublished\":\"2014-04-07T10:14:14+00:00\",\"dateModified\":\"2023-03-08T12:08:59+00:00\",\"breadcrumb\":{\"@id\":\"https:\/\/szs.giuseppe-colonna.com\/en\/series-tv-newsletter\/#breadcrumb\"},\"inLanguage\":\"en-US\",\"potentialAction\":[{\"@type\":\"ReadAction\",\"target\":[\"https:\/\/szs.giuseppe-colonna.com\/en\/series-tv-newsletter\/\"]}]},{\"@type\":\"ImageObject\",\"inLanguage\":\"en-US\",\"@id\":\"https:\/\/szs.giuseppe-colonna.com\/en\/series-tv-newsletter\/#primaryimage\",\"url\":\"https:\/\/szs.giuseppe-colonna.com\/wp-content\/uploads\/SerielizadosLOGOPetitWeb.png\",\"contentUrl\":\"https:\/\/szs.giuseppe-colonna.com\/wp-content\/uploads\/SerielizadosLOGOPetitWeb.png\",\"width\":240,\"height\":178},{\"@type\":\"BreadcrumbList\",\"@id\":\"https:\/\/szs.giuseppe-colonna.com\/en\/series-tv-newsletter\/#breadcrumb\",\"itemListElement\":[{\"@type\":\"ListItem\",\"position\":1,\"name\":\"Portada\",\"item\":\"https:\/\/szs.giuseppe-colonna.com\/en\/\"},{\"@type\":\"ListItem\",\"position\":2,\"name\":\"Newsletter\"}]},{\"@type\":\"WebSite\",\"@id\":\"https:\/\/szs.giuseppe-colonna.com\/en\/#website\",\"url\":\"https:\/\/szs.giuseppe-colonna.com\/en\/\",\"name\":\"Serielizados\",\"description\":\"Revista y Festival Internacional de series\",\"publisher\":{\"@id\":\"https:\/\/szs.giuseppe-colonna.com\/en\/#organization\"},\"potentialAction\":[{\"@type\":\"SearchAction\",\"target\":{\"@type\":\"EntryPoint\",\"urlTemplate\":\"https:\/\/szs.giuseppe-colonna.com\/en\/?s={search_term_string}\"},\"query-input\":{\"@type\":\"PropertyValueSpecification\",\"valueRequired\":true,\"valueName\":\"search_term_string\"}}],\"inLanguage\":\"en-US\"},{\"@type\":\"Organization\",\"@id\":\"https:\/\/szs.giuseppe-colonna.com\/en\/#organization\",\"name\":\"Serielizados\",\"url\":\"https:\/\/szs.giuseppe-colonna.com\/en\/\",\"logo\":{\"@type\":\"ImageObject\",\"inLanguage\":\"en-US\",\"@id\":\"https:\/\/szs.giuseppe-colonna.com\/en\/#\/schema\/logo\/image\/\",\"url\":\"http:\/\/szs.giuseppe-colonna.com\/wp-content\/uploads\/SZS_imatgedestacada-1.jpg\",\"contentUrl\":\"http:\/\/szs.giuseppe-colonna.com\/wp-content\/uploads\/SZS_imatgedestacada-1.jpg\",\"width\":1200,\"height\":720,\"caption\":\"Serielizados\"},\"image\":{\"@id\":\"https:\/\/szs.giuseppe-colonna.com\/en\/#\/schema\/logo\/image\/\"},\"sameAs\":[\"https:\/\/www.facebook.com\/serielizados\/\",\"https:\/\/x.com\/serielizados\",\"https:\/\/www.instagram.com\/serielizadosmagazine\/\",\"https:\/\/es.linkedin.com\/in\/serielizados\",\"https:\/\/www.youtube.com\/serielizadosTV\"]}]}<\/script>\n<!-- \/ Yoast SEO plugin. -->","yoast_head_json":{"title":"Newsletter | Serielizados","robots":{"index":"noindex","follow":"follow","max-snippet":"max-snippet:-1","max-image-preview":"max-image-preview:large","max-video-preview":"max-video-preview:-1"},"og_locale":"en_US","og_type":"article","og_title":"Newsletter | Serielizados","og_description":"Cada viernes recibe una selecci\u00f3n de los mejores art\u00edculos en tu correo. Todo #buenamierda, no spam! &nbsp; Permisos seg\u00fan la GDPR (Normativa europea de protecci\u00f3n de datos) Serielizados.com usar\u00e1 la informaci\u00f3n que nos facilites en este formulario para contactar contigo y para enviarte informaci\u00f3n y contenido relativo a Serielizados.com. Puedes cambiar de opini\u00f3n en cualquier [&hellip;]","og_url":"https:\/\/szs.giuseppe-colonna.com\/en\/series-tv-newsletter\/","og_site_name":"Serielizados","article_publisher":"https:\/\/www.facebook.com\/serielizados\/","article_modified_time":"2023-03-08T12:08:59+00:00","og_image":[{"width":240,"height":178,"url":"https:\/\/szs.giuseppe-colonna.com\/wp-content\/uploads\/SerielizadosLOGOPetitWeb.png","type":"image\/png"}],"twitter_card":"summary_large_image","twitter_site":"@serielizados","twitter_misc":{"Est. reading time":"1 minute","Written by":"Serielizados"},"schema":{"@context":"https:\/\/schema.org","@graph":[{"@type":"WebPage","@id":"https:\/\/szs.giuseppe-colonna.com\/en\/series-tv-newsletter\/","url":"https:\/\/szs.giuseppe-colonna.com\/en\/series-tv-newsletter\/","name":"Newsletter | Serielizados","isPartOf":{"@id":"https:\/\/szs.giuseppe-colonna.com\/en\/#website"},"primaryImageOfPage":{"@id":"https:\/\/szs.giuseppe-colonna.com\/en\/series-tv-newsletter\/#primaryimage"},"image":{"@id":"https:\/\/szs.giuseppe-colonna.com\/en\/series-tv-newsletter\/#primaryimage"},"thumbnailUrl":"https:\/\/szs.giuseppe-colonna.com\/wp-content\/uploads\/SerielizadosLOGOPetitWeb.png","datePublished":"2014-04-07T10:14:14+00:00","dateModified":"2023-03-08T12:08:59+00:00","breadcrumb":{"@id":"https:\/\/szs.giuseppe-colonna.com\/en\/series-tv-newsletter\/#breadcrumb"},"inLanguage":"en-US","potentialAction":[{"@type":"ReadAction","target":["https:\/\/szs.giuseppe-colonna.com\/en\/series-tv-newsletter\/"]}]},{"@type":"ImageObject","inLanguage":"en-US","@id":"https:\/\/szs.giuseppe-colonna.com\/en\/series-tv-newsletter\/#primaryimage","url":"https:\/\/szs.giuseppe-colonna.com\/wp-content\/uploads\/SerielizadosLOGOPetitWeb.png","contentUrl":"https:\/\/szs.giuseppe-colonna.com\/wp-content\/uploads\/SerielizadosLOGOPetitWeb.png","width":240,"height":178},{"@type":"BreadcrumbList","@id":"https:\/\/szs.giuseppe-colonna.com\/en\/series-tv-newsletter\/#breadcrumb","itemListElement":[{"@type":"ListItem","position":1,"name":"Portada","item":"https:\/\/szs.giuseppe-colonna.com\/en\/"},{"@type":"ListItem","position":2,"name":"Newsletter"}]},{"@type":"WebSite","@id":"https:\/\/szs.giuseppe-colonna.com\/en\/#website","url":"https:\/\/szs.giuseppe-colonna.com\/en\/","name":"Serielizados","description":"Revista y Festival Internacional de series","publisher":{"@id":"https:\/\/szs.giuseppe-colonna.com\/en\/#organization"},"potentialAction":[{"@type":"SearchAction","target":{"@type":"EntryPoint","urlTemplate":"https:\/\/szs.giuseppe-colonna.com\/en\/?s={search_term_string}"},"query-input":{"@type":"PropertyValueSpecification","valueRequired":true,"valueName":"search_term_string"}}],"inLanguage":"en-US"},{"@type":"Organization","@id":"https:\/\/szs.giuseppe-colonna.com\/en\/#organization","name":"Serielizados","url":"https:\/\/szs.giuseppe-colonna.com\/en\/","logo":{"@type":"ImageObject","inLanguage":"en-US","@id":"https:\/\/szs.giuseppe-colonna.com\/en\/#\/schema\/logo\/image\/","url":"http:\/\/szs.giuseppe-colonna.com\/wp-content\/uploads\/SZS_imatgedestacada-1.jpg","contentUrl":"http:\/\/szs.giuseppe-colonna.com\/wp-content\/uploads\/SZS_imatgedestacada-1.jpg","width":1200,"height":720,"caption":"Serielizados"},"image":{"@id":"https:\/\/szs.giuseppe-colonna.com\/en\/#\/schema\/logo\/image\/"},"sameAs":["https:\/\/www.facebook.com\/serielizados\/","https:\/\/x.com\/serielizados","https:\/\/www.instagram.com\/serielizadosmagazine\/","https:\/\/es.linkedin.com\/in\/serielizados","https:\/\/www.youtube.com\/serielizadosTV"]}]}},"_links":{"self":[{"href":"https:\/\/szs.giuseppe-colonna.com\/en\/wp-json\/wp\/v2\/pages\/26416","targetHints":{"allow":["GET"]}}],"collection":[{"href":"https:\/\/szs.giuseppe-colonna.com\/en\/wp-json\/wp\/v2\/pages"}],"about":[{"href":"https:\/\/szs.giuseppe-colonna.com\/en\/wp-json\/wp\/v2\/types\/page"}],"author":[{"embeddable":true,"href":"https:\/\/szs.giuseppe-colonna.com\/en\/wp-json\/wp\/v2\/users\/1"}],"replies":[{"embeddable":true,"href":"https:\/\/szs.giuseppe-colonna.com\/en\/wp-json\/wp\/v2\/comments?post=26416"}],"version-history":[{"count":0,"href":"https:\/\/szs.giuseppe-colonna.com\/en\/wp-json\/wp\/v2\/pages\/26416\/revisions"}],"wp:featuredmedia":[{"embeddable":true,"href":"https:\/\/szs.giuseppe-colonna.com\/en\/wp-json\/wp\/v2\/media\/21737"}],"wp:attachment":[{"href":"https:\/\/szs.giuseppe-colonna.com\/en\/wp-json\/wp\/v2\/media?parent=26416"}],"wp:term":[{"taxonomy":"author","embeddable":true,"href":"https:\/\/szs.giuseppe-colonna.com\/en\/wp-json\/wp\/v2\/coauthors?post=26416"}],"curies":[{"name":"wp","href":"https:\/\/api.w.org\/{rel}","templated":true}]}}