{"id":26406,"date":"2019-05-07T11:40:30","date_gmt":"2019-05-07T10:40:30","guid":{"rendered":"http:\/\/szs.giuseppe-colonna.com\/travelling-series\/"},"modified":"2024-11-22T11:04:04","modified_gmt":"2024-11-22T10:04:04","slug":"travelling-series","status":"publish","type":"page","link":"https:\/\/szs.giuseppe-colonna.com\/en\/travelling-series\/","title":{"rendered":"Travelling Series"},"content":{"rendered":"<p>Bienvenidos al primer podcast que a\u00fana <strong>series y viajes<\/strong>. Presenta y dirige (nunca mejor dicho), <strong><a href=\"https:\/\/twitter.com\/lmejino\" target=\"_blank\" rel=\"noopener noreferrer\">Lorenzo Mejino<\/a>, <\/strong>un animal viajero y el mayor experto en series remotas, pero imprescindibles para entender la cultura y la gente de cada sitio.\u00a0Viaja a los lugares m\u00e1s extremos, raros e incre\u00edbles del planeta a trav\u00e9s de las series que mejor los representan.<\/p>\n<iframe loading=\"lazy\" style=\"border-radius: 12px;\" src=\"https:\/\/open.spotify.com\/embed\/episode\/16VoZfojyEqbFQhBTxxXos?utm_source=generator\" width=\"100%\" height=\"352\" frameborder=\"0\" allowfullscreen=\"allowfullscreen\"><\/iframe>\n<iframe loading=\"lazy\" style=\"border-radius: 12px;\" src=\"https:\/\/open.spotify.com\/embed\/episode\/0NJxrvOvpnJVhwHVSbRqhH?utm_source=generator\" width=\"100%\" height=\"352\" frameborder=\"0\" allowfullscreen=\"allowfullscreen\"><\/iframe>\n<iframe loading=\"lazy\" style=\"border-radius: 12px;\" src=\"https:\/\/open.spotify.com\/embed\/episode\/1nl3xtSmhXup6HNVKtiwWK?utm_source=generator\" width=\"100%\" height=\"352\" frameborder=\"0\" allowfullscreen=\"allowfullscreen\"><\/iframe>\n<p>&nbsp;<\/p>\n<p style=\"text-align: center;\"><a href=\"https:\/\/open.spotify.com\/show\/1P3kAMpPTEBIXE89BUWJ4q?si=5e52e11784984cfd\">Escuchar m\u00e1s cap\u00edtulos<\/a><\/p>\n","protected":false},"excerpt":{"rendered":"<p>Bienvenidos al primer podcast que a\u00fana series y viajes. Presenta y dirige (nunca mejor dicho), Lorenzo Mejino, un animal viajero y el mayor experto en series remotas, pero imprescindibles para entender la cultura y la gente de cada sitio.\u00a0Viaja a los lugares m\u00e1s extremos, raros e incre\u00edbles del planeta a trav\u00e9s de las series que [&hellip;]<\/p>\n","protected":false},"author":1,"featured_media":35373,"parent":0,"menu_order":0,"comment_status":"closed","ping_status":"closed","template":"page-podcasts.php","meta":{"_acf_changed":false,"inline_featured_image":false,"footnotes":""},"coauthors":[3790],"class_list":["post-26406","page","type-page","status-publish","has-post-thumbnail","hentry"],"acf":[],"yoast_head":"<!-- This site is optimized with the Yoast SEO plugin v27.0 - https:\/\/yoast.com\/product\/yoast-seo-wordpress\/ -->\n<title>Travelling Series - Serielizados Podcasts<\/title>\n<meta name=\"robots\" content=\"noindex, follow, max-snippet:-1, max-image-preview:large, max-video-preview:-1\" \/>\n<meta property=\"og:locale\" content=\"en_US\" \/>\n<meta property=\"og:type\" content=\"article\" \/>\n<meta property=\"og:title\" content=\"Travelling Series - Serielizados Podcasts\" \/>\n<meta property=\"og:description\" content=\"Bienvenidos al primer podcast que a\u00fana series y viajes. Presenta y dirige (nunca mejor dicho), Lorenzo Mejino, un animal viajero y el mayor experto en series remotas, pero imprescindibles para entender la cultura y la gente de cada sitio.\u00a0Viaja a los lugares m\u00e1s extremos, raros e incre\u00edbles del planeta a trav\u00e9s de las series que [&hellip;]\" \/>\n<meta property=\"og:url\" content=\"https:\/\/szs.giuseppe-colonna.com\/en\/travelling-series\/\" \/>\n<meta property=\"og:site_name\" content=\"Serielizados\" \/>\n<meta property=\"article:publisher\" content=\"https:\/\/www.facebook.com\/serielizados\/\" \/>\n<meta property=\"article:modified_time\" content=\"2024-11-22T10:04:04+00:00\" \/>\n<meta property=\"og:image\" content=\"https:\/\/szs.giuseppe-colonna.com\/wp-content\/uploads\/TravellingWEB-2.jpeg\" \/>\n\t<meta property=\"og:image:width\" content=\"1080\" \/>\n\t<meta property=\"og:image:height\" content=\"1080\" \/>\n\t<meta property=\"og:image:type\" content=\"image\/jpeg\" \/>\n<meta name=\"twitter:card\" content=\"summary_large_image\" \/>\n<meta name=\"twitter:site\" content=\"@serielizados\" \/>\n<meta name=\"twitter:label1\" content=\"Est. reading time\" \/>\n\t<meta name=\"twitter:data1\" content=\"1 minute\" \/>\n\t<meta name=\"twitter:label2\" content=\"Written by\" \/>\n\t<meta name=\"twitter:data2\" content=\"Serielizados\" \/>\n<script type=\"application\/ld+json\" class=\"yoast-schema-graph\">{\"@context\":\"https:\/\/schema.org\",\"@graph\":[{\"@type\":\"WebPage\",\"@id\":\"https:\/\/szs.giuseppe-colonna.com\/en\/travelling-series\/\",\"url\":\"https:\/\/szs.giuseppe-colonna.com\/en\/travelling-series\/\",\"name\":\"Travelling Series - Serielizados Podcasts\",\"isPartOf\":{\"@id\":\"https:\/\/szs.giuseppe-colonna.com\/en\/#website\"},\"primaryImageOfPage\":{\"@id\":\"https:\/\/szs.giuseppe-colonna.com\/en\/travelling-series\/#primaryimage\"},\"image\":{\"@id\":\"https:\/\/szs.giuseppe-colonna.com\/en\/travelling-series\/#primaryimage\"},\"thumbnailUrl\":\"https:\/\/szs.giuseppe-colonna.com\/wp-content\/uploads\/TravellingWEB-2.jpeg\",\"datePublished\":\"2019-05-07T10:40:30+00:00\",\"dateModified\":\"2024-11-22T10:04:04+00:00\",\"breadcrumb\":{\"@id\":\"https:\/\/szs.giuseppe-colonna.com\/en\/travelling-series\/#breadcrumb\"},\"inLanguage\":\"en-US\",\"potentialAction\":[{\"@type\":\"ReadAction\",\"target\":[\"https:\/\/szs.giuseppe-colonna.com\/en\/travelling-series\/\"]}]},{\"@type\":\"ImageObject\",\"inLanguage\":\"en-US\",\"@id\":\"https:\/\/szs.giuseppe-colonna.com\/en\/travelling-series\/#primaryimage\",\"url\":\"https:\/\/szs.giuseppe-colonna.com\/wp-content\/uploads\/TravellingWEB-2.jpeg\",\"contentUrl\":\"https:\/\/szs.giuseppe-colonna.com\/wp-content\/uploads\/TravellingWEB-2.jpeg\",\"width\":1080,\"height\":1080},{\"@type\":\"BreadcrumbList\",\"@id\":\"https:\/\/szs.giuseppe-colonna.com\/en\/travelling-series\/#breadcrumb\",\"itemListElement\":[{\"@type\":\"ListItem\",\"position\":1,\"name\":\"Portada\",\"item\":\"https:\/\/szs.giuseppe-colonna.com\/en\/\"},{\"@type\":\"ListItem\",\"position\":2,\"name\":\"Travelling Series\"}]},{\"@type\":\"WebSite\",\"@id\":\"https:\/\/szs.giuseppe-colonna.com\/en\/#website\",\"url\":\"https:\/\/szs.giuseppe-colonna.com\/en\/\",\"name\":\"Serielizados\",\"description\":\"Revista y Festival Internacional de series\",\"publisher\":{\"@id\":\"https:\/\/szs.giuseppe-colonna.com\/en\/#organization\"},\"potentialAction\":[{\"@type\":\"SearchAction\",\"target\":{\"@type\":\"EntryPoint\",\"urlTemplate\":\"https:\/\/szs.giuseppe-colonna.com\/en\/?s={search_term_string}\"},\"query-input\":{\"@type\":\"PropertyValueSpecification\",\"valueRequired\":true,\"valueName\":\"search_term_string\"}}],\"inLanguage\":\"en-US\"},{\"@type\":\"Organization\",\"@id\":\"https:\/\/szs.giuseppe-colonna.com\/en\/#organization\",\"name\":\"Serielizados\",\"url\":\"https:\/\/szs.giuseppe-colonna.com\/en\/\",\"logo\":{\"@type\":\"ImageObject\",\"inLanguage\":\"en-US\",\"@id\":\"https:\/\/szs.giuseppe-colonna.com\/en\/#\/schema\/logo\/image\/\",\"url\":\"http:\/\/szs.giuseppe-colonna.com\/wp-content\/uploads\/SZS_imatgedestacada-1.jpg\",\"contentUrl\":\"http:\/\/szs.giuseppe-colonna.com\/wp-content\/uploads\/SZS_imatgedestacada-1.jpg\",\"width\":1200,\"height\":720,\"caption\":\"Serielizados\"},\"image\":{\"@id\":\"https:\/\/szs.giuseppe-colonna.com\/en\/#\/schema\/logo\/image\/\"},\"sameAs\":[\"https:\/\/www.facebook.com\/serielizados\/\",\"https:\/\/x.com\/serielizados\",\"https:\/\/www.instagram.com\/serielizadosmagazine\/\",\"https:\/\/es.linkedin.com\/in\/serielizados\",\"https:\/\/www.youtube.com\/serielizadosTV\"]}]}<\/script>\n<!-- \/ Yoast SEO plugin. -->","yoast_head_json":{"title":"Travelling Series - Serielizados Podcasts","robots":{"index":"noindex","follow":"follow","max-snippet":"max-snippet:-1","max-image-preview":"max-image-preview:large","max-video-preview":"max-video-preview:-1"},"og_locale":"en_US","og_type":"article","og_title":"Travelling Series - Serielizados Podcasts","og_description":"Bienvenidos al primer podcast que a\u00fana series y viajes. Presenta y dirige (nunca mejor dicho), Lorenzo Mejino, un animal viajero y el mayor experto en series remotas, pero imprescindibles para entender la cultura y la gente de cada sitio.\u00a0Viaja a los lugares m\u00e1s extremos, raros e incre\u00edbles del planeta a trav\u00e9s de las series que [&hellip;]","og_url":"https:\/\/szs.giuseppe-colonna.com\/en\/travelling-series\/","og_site_name":"Serielizados","article_publisher":"https:\/\/www.facebook.com\/serielizados\/","article_modified_time":"2024-11-22T10:04:04+00:00","og_image":[{"width":1080,"height":1080,"url":"https:\/\/szs.giuseppe-colonna.com\/wp-content\/uploads\/TravellingWEB-2.jpeg","type":"image\/jpeg"}],"twitter_card":"summary_large_image","twitter_site":"@serielizados","twitter_misc":{"Est. reading time":"1 minute","Written by":"Serielizados"},"schema":{"@context":"https:\/\/schema.org","@graph":[{"@type":"WebPage","@id":"https:\/\/szs.giuseppe-colonna.com\/en\/travelling-series\/","url":"https:\/\/szs.giuseppe-colonna.com\/en\/travelling-series\/","name":"Travelling Series - Serielizados Podcasts","isPartOf":{"@id":"https:\/\/szs.giuseppe-colonna.com\/en\/#website"},"primaryImageOfPage":{"@id":"https:\/\/szs.giuseppe-colonna.com\/en\/travelling-series\/#primaryimage"},"image":{"@id":"https:\/\/szs.giuseppe-colonna.com\/en\/travelling-series\/#primaryimage"},"thumbnailUrl":"https:\/\/szs.giuseppe-colonna.com\/wp-content\/uploads\/TravellingWEB-2.jpeg","datePublished":"2019-05-07T10:40:30+00:00","dateModified":"2024-11-22T10:04:04+00:00","breadcrumb":{"@id":"https:\/\/szs.giuseppe-colonna.com\/en\/travelling-series\/#breadcrumb"},"inLanguage":"en-US","potentialAction":[{"@type":"ReadAction","target":["https:\/\/szs.giuseppe-colonna.com\/en\/travelling-series\/"]}]},{"@type":"ImageObject","inLanguage":"en-US","@id":"https:\/\/szs.giuseppe-colonna.com\/en\/travelling-series\/#primaryimage","url":"https:\/\/szs.giuseppe-colonna.com\/wp-content\/uploads\/TravellingWEB-2.jpeg","contentUrl":"https:\/\/szs.giuseppe-colonna.com\/wp-content\/uploads\/TravellingWEB-2.jpeg","width":1080,"height":1080},{"@type":"BreadcrumbList","@id":"https:\/\/szs.giuseppe-colonna.com\/en\/travelling-series\/#breadcrumb","itemListElement":[{"@type":"ListItem","position":1,"name":"Portada","item":"https:\/\/szs.giuseppe-colonna.com\/en\/"},{"@type":"ListItem","position":2,"name":"Travelling Series"}]},{"@type":"WebSite","@id":"https:\/\/szs.giuseppe-colonna.com\/en\/#website","url":"https:\/\/szs.giuseppe-colonna.com\/en\/","name":"Serielizados","description":"Revista y Festival Internacional de series","publisher":{"@id":"https:\/\/szs.giuseppe-colonna.com\/en\/#organization"},"potentialAction":[{"@type":"SearchAction","target":{"@type":"EntryPoint","urlTemplate":"https:\/\/szs.giuseppe-colonna.com\/en\/?s={search_term_string}"},"query-input":{"@type":"PropertyValueSpecification","valueRequired":true,"valueName":"search_term_string"}}],"inLanguage":"en-US"},{"@type":"Organization","@id":"https:\/\/szs.giuseppe-colonna.com\/en\/#organization","name":"Serielizados","url":"https:\/\/szs.giuseppe-colonna.com\/en\/","logo":{"@type":"ImageObject","inLanguage":"en-US","@id":"https:\/\/szs.giuseppe-colonna.com\/en\/#\/schema\/logo\/image\/","url":"http:\/\/szs.giuseppe-colonna.com\/wp-content\/uploads\/SZS_imatgedestacada-1.jpg","contentUrl":"http:\/\/szs.giuseppe-colonna.com\/wp-content\/uploads\/SZS_imatgedestacada-1.jpg","width":1200,"height":720,"caption":"Serielizados"},"image":{"@id":"https:\/\/szs.giuseppe-colonna.com\/en\/#\/schema\/logo\/image\/"},"sameAs":["https:\/\/www.facebook.com\/serielizados\/","https:\/\/x.com\/serielizados","https:\/\/www.instagram.com\/serielizadosmagazine\/","https:\/\/es.linkedin.com\/in\/serielizados","https:\/\/www.youtube.com\/serielizadosTV"]}]}},"_links":{"self":[{"href":"https:\/\/szs.giuseppe-colonna.com\/en\/wp-json\/wp\/v2\/pages\/26406","targetHints":{"allow":["GET"]}}],"collection":[{"href":"https:\/\/szs.giuseppe-colonna.com\/en\/wp-json\/wp\/v2\/pages"}],"about":[{"href":"https:\/\/szs.giuseppe-colonna.com\/en\/wp-json\/wp\/v2\/types\/page"}],"author":[{"embeddable":true,"href":"https:\/\/szs.giuseppe-colonna.com\/en\/wp-json\/wp\/v2\/users\/1"}],"replies":[{"embeddable":true,"href":"https:\/\/szs.giuseppe-colonna.com\/en\/wp-json\/wp\/v2\/comments?post=26406"}],"version-history":[{"count":0,"href":"https:\/\/szs.giuseppe-colonna.com\/en\/wp-json\/wp\/v2\/pages\/26406\/revisions"}],"wp:featuredmedia":[{"embeddable":true,"href":"https:\/\/szs.giuseppe-colonna.com\/en\/wp-json\/wp\/v2\/media\/35373"}],"wp:attachment":[{"href":"https:\/\/szs.giuseppe-colonna.com\/en\/wp-json\/wp\/v2\/media?parent=26406"}],"wp:term":[{"taxonomy":"author","embeddable":true,"href":"https:\/\/szs.giuseppe-colonna.com\/en\/wp-json\/wp\/v2\/coauthors?post=26406"}],"curies":[{"name":"wp","href":"https:\/\/api.w.org\/{rel}","templated":true}]}}