{"id":49899,"date":"2025-03-18T12:24:57","date_gmt":"2025-03-18T11:24:57","guid":{"rendered":"http:\/\/szs.giuseppe-colonna.com\/?page_id=49899"},"modified":"2025-05-15T09:29:20","modified_gmt":"2025-05-15T08:29:20","slug":"bases-i-reglament-2025","status":"publish","type":"page","link":"https:\/\/szs.giuseppe-colonna.com\/ca\/bases-i-reglament-2025\/","title":{"rendered":"Bases i reglament 2025"},"content":{"rendered":"<div class=\"wpb-content-wrapper\"><p>[vc_row full_width=&#8221;stretch_row_content&#8221;][vc_column width=&#8221;1\/6&#8243;][\/vc_column][vc_column width=&#8221;2\/3&#8243;][vc_single_image image=&#8221;49885&#8243; img_size=&#8221;full&#8221; alignment=&#8221;center&#8221; css=&#8221;&#8221;][vc_empty_space height=&#8221;40&#8243;][vc_custom_heading text=&#8221;Bases i reglament 2025&#8243; font_container=&#8221;tag:h1|font_size:78|text_align:center|color:%231D1D1B&#8221; use_theme_fonts=&#8221;yes&#8221; css=&#8221;&#8221;][vc_empty_space height=&#8221;5&#8243;][vc_empty_space height=&#8221;10&#8243;][vc_separator color=&#8221;custom&#8221; style=&#8221;double&#8221; border_width=&#8221;5&#8243; css=&#8221;&#8221; accent_color=&#8221;#F8B133&#8243;][vc_column_text css=&#8221;&#8221;]<\/p>\n<h2><span style=\"color: #e84e1b;\"><b>INTRODUCCI\u00d3<\/b><\/span><\/h2>\n<p><b>La 12a edici\u00f3 del Serielizados Fest, Festival Internacional de S\u00e8ries de TV, tindr\u00e0 lloc del 3 al 12 de novembre de 2024 a Barcelona.<\/b> Des de la seva creaci\u00f3, el Serielizados Fest selecciona s\u00e8ries, de diversa proced\u00e8ncia i diferents formats, per configurar el gruix de la seva programaci\u00f3. El festival est\u00e0 dividit en diferents seccions i inclou car\u00e0cter competitiu en diferents seccions.<\/p>\n<p>Des del 26 de mar\u00e7 de 2025 al 30 de juny de 2025 obrim el present <em>Open Call<\/em> amb l&#8217;objectiu de rebre projectes que encaixin en la nostra programaci\u00f3 i les seves diferents seccions. El festival facilitar\u00e0 un formulari d&#8217;inscripci\u00f3 per centralitzar les peticions.<\/p>\n<p>Durant la celebraci\u00f3 del festival, es duran a terme esdeveniments i projeccions presencials a Barcelona aix\u00ed com tamb\u00e9 part de la nostra selecci\u00f3 de s\u00e8ries i documentals estar\u00e0 disponible de forma limitada i geobloquejada a la plataforma VOD <b>Filmin. Els t\u00edtols seleccionats per a la visualitzaci\u00f3 en l\u00ednia a Filmin nom\u00e9s estaran disponibles per a usuaris dins d&#8217;Espanya durant les dates del festival.<\/b> El <b>Serielizados Fest<\/b> est\u00e0 obert a convidats professionals i a premsa, per\u00f2 el nostre principal objectiu \u00e9s arribar al p\u00fablic general amant de la televisi\u00f3 i que vulgui descobrir les novetats de tot el m\u00f3n.[\/vc_column_text][vc_separator color=&#8221;custom&#8221; border_width=&#8221;3&#8243; css=&#8221;&#8221; accent_color=&#8221;#F8B133&#8243;][vc_column_text css=&#8221;&#8221;]<\/p>\n<h2><span style=\"color: #e84e1b;\"><b>SECCIONS<\/b><\/span><\/h2>\n<ul>\n<li><b>Competici\u00f3 Internacional:<\/b> Produccions fora d&#8217;Espanya, innovadores i recents, produ\u00efdes a partir del 2024. Han de consistir en una primera temporada que no s&#8217;hagi estrenat a Espanya o a Catalunya, en cap altre festival o plataforma\/cadena. Les s\u00e8ries admeses seran t\u00edtols els episodis dels quals superin els 20 minuts de durada i comprenguin qualsevol tipus de format o g\u00e8nere. La secci\u00f3 estableix una competici\u00f3 oficial en la qual s&#8217;atorgaran diversos premis. El festival es reserva el dret a que els t\u00edtols participants d&#8217;aquesta secci\u00f3 formin part o no de la selecci\u00f3 online del festival.<\/li>\n<\/ul>\n<ul>\n<li><strong>Competici\u00f3 Nacional: <\/strong>Produccions origin\u00e0ries d&#8217;Espanya i recents, produ\u00efdes a partir del 2024. Han de consistir en una primera temporada que no s&#8217;hagi estrenat a Espanya o a Catalunya en cap altre festival o plataforma\/cadena. Les s\u00e8ries admeses seran t\u00edtols els episodis dels quals superin els 20 minuts de durada i comprenguin qualsevol tipus de format o g\u00e8nere. La secci\u00f3 estableix una competici\u00f3 oficial en la qual s&#8217;atorgaran diversos premis. Els t\u00edtols participants d&#8217;aquesta secci\u00f3 no formaran part de la selecci\u00f3 online del festival.<\/li>\n<\/ul>\n<ul>\n<li><b>Panorama Internacional:<\/b> Descobriments interessants, de producci\u00f3 recent, compresa entre el 2023 i el 2025. Aquesta secci\u00f3 no t\u00e9 car\u00e0cter competitiu i est\u00e0 constitu\u00efda per s\u00e8ries internacionals els episodis dels quals superin els 20 minuts de durada i comprenguin qualsevol tipus de format o g\u00e8nere, a m\u00e9s de ser t\u00edtols in\u00e8dits a Espanya.<\/li>\n<\/ul>\n<ul>\n<li><b>Pel\u00b7l\u00edcules Documentals:<\/b> Secci\u00f3 formada per llargmetratges documentals sobre int\u00e8rprets televisius, guionistes, humoristes, o sobre cultura pop relacionada amb el consum de televisi\u00f3 (alguns exemples de documentals pr\u00e8viament seleccionats: <em>Chuck Norris vs Communism<\/em>, <em>Doctor Who Am I<\/em>, <em>The Problem with Apu, I am Richard Pryor <\/em>o\u00a0<em>The Sopranos Sessions<\/em>). Preferiblement documentals in\u00e8dits a Espanya.<\/li>\n<\/ul>\n<ul>\n<li><b>Short Form:<\/b> S\u00e8ries de producci\u00f3 recent, compresa entre el 2023 i el 2025, amb cap\u00edtols de menys de 20 minuts de durada. S&#8217;admeten s\u00e8ries tant nacionals com internacionals, preferiblement in\u00e8dites a Espanya.<\/li>\n<\/ul>\n<p>[\/vc_column_text][vc_separator color=&#8221;custom&#8221; border_width=&#8221;3&#8243; css=&#8221;&#8221; accent_color=&#8221;#F8B133&#8243;][vc_column_text css=&#8221;&#8221;]<\/p>\n<h2><span style=\"color: #e84e1b;\"><b>PREMIS<\/b><\/span><\/h2>\n<p>El Serielizados Fest lliurar\u00e0 diferents premis a les seves seccions competitives atorgats per jurats formats per un m\u00ednim de tres persones. La composici\u00f3 final de cada jurat ser\u00e0 anunciada en les dates pr\u00e8vies a la celebraci\u00f3 del festival. El festival es reserva l&#8217;opci\u00f3 de modificar el nombre de premis en funci\u00f3 de la selecci\u00f3 final de t\u00edtols. A continuaci\u00f3 es detallen els diferents premis:<\/p>\n<ul>\n<li><strong>Secci\u00f3 Oficial Internacional &#8211; Premis del jurat: <\/strong>Atorgats per un jurat format per professionals de la ind\u00fastria, de diferents camps i proced\u00e8ncies com a guionistes i showrunners, actors i actrius, periodistes especialitzats o productors i distribu\u00efdors, sobre les s\u00e8ries que formen la Secci\u00f3 Oficial Internacional.\n<ul>\n<li><b>Millor s\u00e8rie<\/b><\/li>\n<li><strong>Millor interpretaci\u00f3<\/strong><\/li>\n<li><strong>Millor gui\u00f3<\/strong><\/li>\n<\/ul>\n<\/li>\n<\/ul>\n<ul>\n<li><strong>Secci\u00f3 Oficial Nacional &#8211; Premis del jurat: <\/strong>Atorgats per un jurat format per professionals de la ind\u00fastria, de diferents camps i proced\u00e8ncies com a guionistes i showrunners, actors i actrius, periodistes especialitzats o productors i distribu\u00efdors, sobre les s\u00e8ries que formen la Secci\u00f3 Oficial Nacional.\n<ul>\n<li><b>Millor s\u00e8rie<\/b><\/li>\n<li><strong>Millor interpretaci\u00f3<\/strong><\/li>\n<li><strong><strong><strong><strong><strong>Millor gui\u00f3<\/strong><\/strong><\/strong><\/strong><\/strong><\/li>\n<\/ul>\n<\/li>\n<li><strong>Premi del Jurat Jove:<\/strong> Atorgat per un jurat format per estudiants que visionaran una de les seccions competitives del Festival i atorgaran el Premi del Jurat Jove a la millor s\u00e8rie d&#8217;aquella secci\u00f3.<\/li>\n<li><strong>Premi del P\u00fablic:<\/strong> Atorgat per votaci\u00f3 popular pel p\u00fablic assistent a les projeccions presencials de les seccions competitives del festival.<\/li>\n<\/ul>\n<p>[\/vc_column_text][vc_separator color=&#8221;custom&#8221; border_width=&#8221;3&#8243; css=&#8221;&#8221; accent_color=&#8221;#F8B133&#8243;][vc_column_text css=&#8221;&#8221;]<\/p>\n<h2><span style=\"color: #e84e1b;\"><b>INSCRIPCI\u00d3\u00a0<\/b><\/span><\/h2>\n<p>La presentaci\u00f3 de projectes \u00e9s gratu\u00efta i <b>ha de realitzar-se a trav\u00e9s de <\/b><a href=\"http:\/\/szs.giuseppe-colonna.com\/ca\/open-call-2025\/\" target=\"_blank\" rel=\"\\&quot;noopener\\&quot;\"><b>aquest formulari<\/b><\/a>.<\/p>\n<p>&nbsp;<\/p>\n<p>Per ser elegible per participar, les s\u00e8ries de m\u00e9s de 35 minuts han d&#8217;incloure <strong>com a m\u00ednim els 2 primers episodis<\/strong>; les s\u00e8ries de menys de 35 minuts han d&#8217;incloure com a m\u00ednim els 3 primers episodis. S&#8217;accepten treballs en curs, <strong>amb un progr\u00e9s avan\u00e7at. <\/strong>Aquest estat de la producci\u00f3 s&#8217;ha de senyalar en el moment de la inscripci\u00f3, en l&#8217;apartat corresponent. Tamb\u00e9 s&#8217;ha d&#8217;especificar la secci\u00f3 en la qual es vol inscriure el projecte, tot i que, en cas de ser seleccionat, el Comit\u00e8 de Programaci\u00f3 es reserva el dret de decidir la secci\u00f3 definitiva en la qual s&#8217;inclour\u00e0 el treball.<\/p>\n<p>&nbsp;<\/p>\n<p>La persona que presenta el projecte i inclou les seves dades en el formulari ha de tenir l&#8217;autoritzaci\u00f3 adequada per fer-ho. <strong>En el moment que es omple el formulari, s&#8217;accepten les bases i condicions de la inscripci\u00f3 al festival.<\/strong> Omplir el formulari implica enviar enlla\u00e7os de visualitzaci\u00f3 (poden estar protegits per contrasenya) per poder valorar el mateix. <strong>La inscripci\u00f3 en aquesta fase de <em>Open Call<\/em> no suposa en cap moment la participaci\u00f3 final en el Festival.<\/strong> El Festival es reserva el dret a la selecci\u00f3 final basada en els criteris de programaci\u00f3 marcats pel Comit\u00e8 de Programaci\u00f3.<\/p>\n<p>&nbsp;<\/p>\n<p><b>El festival accepta s\u00e8ries de drama, com\u00e8dia, animaci\u00f3 o documentals. Totes les s\u00e8ries i llargmetratges han d&#8217;incloure subt\u00edtols en angl\u00e8s, llevat dels projectes que ja siguin en catal\u00e0, castell\u00e0 o angl\u00e8s.<\/b><\/p>\n<p>&nbsp;<\/p>\n<h4><span style=\"color: #f20000;\"><em><strong>**El proc\u00e9s de presentaci\u00f3 comen\u00e7a amb la publicaci\u00f3 d&#8217;aquestes Bases i Reglaments, i es tanca el 30 de juny de 2025 a les 23:59 (CET)**<\/strong><\/em><\/span><\/h4>\n<p>[\/vc_column_text][vc_separator color=&#8221;custom&#8221; border_width=&#8221;3&#8243; css=&#8221;&#8221; accent_color=&#8221;#F8B133&#8243;][vc_column_text css=&#8221;&#8221;]<\/p>\n<h2><span style=\"color: #f20000;\"><b>PARTICIPACI\u00d3 EN CAS DE SELECCI\u00d3<\/b><\/span><\/h2>\n<p>La productora o distribu\u00efdora de les s\u00e8ries i documentals seleccionats seran contactades i rebran un formulari d&#8217;entrada. <b>Serielizados Fest oferir\u00e0 tamb\u00e9 una proposta de direcci\u00f3 sobre la secci\u00f3 i sobre el dia, hora, lloc i condicions de projecci\u00f3 presencial a Barcelona i la possible projecci\u00f3 en l\u00ednia per a l&#8217;aprovaci\u00f3 de la productora\/distribu\u00efdora. <\/b><b>La selecci\u00f3 al festival suposar\u00e0 l&#8217;acceptaci\u00f3 de les Bases i Reglament de Serielizados Fest.<\/b><\/p>\n<p>&nbsp;<\/p>\n<p>Un cop seleccionades, les s\u00e8ries i documentals hauran de lliurar al Festival el seg\u00fcent material publicitari en alta qualitat: fotografies, p\u00f2sters, dossiers de premsa, tr\u00e0iler o teaser, perqu\u00e8 el Festival pugui promocionar-les. <strong>El Festival es reserva el dret a no retornar aquests materials.<\/strong><\/p>\n<p>&nbsp;<\/p>\n<p>Totes les projeccions del Serielizados Fest amb idioma original que no sigui l&#8217;espanyol o el catal\u00e0 han de ser subtitulades en aquests idiomes. Per tant, els participants estan obligats a proveir al Festival amb pistes de subt\u00edtols en angl\u00e8s o espanyol o llistes de di\u00e0leg separades. En cas que no estiguin disponibles en angl\u00e8s, es valorar\u00e0 l&#8217;opci\u00f3 d&#8217;altres idiomes per a realitzar la traducci\u00f3 a l&#8217;espanyol i catal\u00e0.<\/p>\n<p>&nbsp;<\/p>\n<ul>\n<li><strong>Material de projecci\u00f3:\u00a0<\/strong>Els projectes seleccionats per a la 12a edici\u00f3 del Serielizados Fest hauran d&#8217;enviar al festival el nombre d&#8217;episodis acordat (o en el cas de pel\u00b7l\u00edcules documentals, la pel\u00b7l\u00edcula en la seva totalitat) en format digital, amb les seg\u00fcents caracter\u00edstiques:<\/li>\n<\/ul>\n<p>&nbsp;<\/p>\n<ul>\n<li>\n<ul>\n<li>Projectes amb projecci\u00f3 presencial: <strong>Master ProRes HD (o UHD) 422 amb la VO en 5.1 + 2.0 a 25 o 24 fps. <\/strong>En funci\u00f3 de si el lloc de projecci\u00f3 permet el format DCP, el Festival procedir\u00e0 a la seva creaci\u00f3 a partir de la c\u00f2pia Master ProRes proporcionada. En cas d&#8217;existir ja un DCP creat pr\u00e8viament, tamb\u00e9 es valorar\u00e0 la seva utilitzaci\u00f3.<\/li>\n<li>Projectes amb projecci\u00f3 en l\u00ednia: Codec:\u00a0<span class=\"\\&quot;gmail-il\\&quot;\">H264 | <\/span>Format: MP4 <span class=\"\\&quot;gmail-il\\&quot;\">|<\/span> Aspecte: 16:9 o 4\/3\u00a0 <span class=\"\\&quot;gmail-il\\&quot;\">| <\/span>Al\u00e7ada: 1080px <span class=\"\\&quot;gmail-il\\&quot;\">| <\/span>AVG Bitrate: 20MBPS <span class=\"\\&quot;gmail-il\\&quot;\">| <\/span>So: 5.1 AAC 48Hz 320 o est\u00e8reo. (Nom\u00e9s 1 pista d&#8217;\u00e0udio barrejada) <span class=\"\\&quot;gmail-il\\&quot;\">| <\/span>Frame rate: 24 o 25fps.<\/li>\n<\/ul>\n<\/li>\n<\/ul>\n<p>&nbsp;<\/p>\n<p>En el cas eventual de proporcionar una c\u00f2pia de projecci\u00f3 en suport f\u00edsic, el Festival es compromet a retornar aquesta c\u00f2pia el m\u00e9s aviat possible, despr\u00e9s de la finalitzaci\u00f3 del certamen. L&#8217;organitzaci\u00f3 del Festival es reserva el dret a guardar els arxius digitals utilitzats.<\/p>\n<p>&nbsp;<\/p>\n<p><strong>Les Bases i Reglament del\u00a0 Serielizados Fest poden ser modificades per l&#8217;organitzaci\u00f3, en cas d&#8217;emerg\u00e8ncia, abans de la 12a edici\u00f3 de Serielizados Fest.<\/strong><\/p>\n<p>&nbsp;<\/p>\n<h4><span style=\"color: #f20000;\"><em><strong>Per a qualsevol consulta sobre la participaci\u00f3 en el Serielizados Fest, pots enviar un correu electr\u00f2nic a Guillem F. Mar\u00ed: <a style=\"color: #f20000;\" href=\"\\&quot;mailto:guillem@szsfest.com\\&quot;\" target=\"\\&quot;_blank\\&quot;\" rel=\"\\&quot;noopener\\&quot;\">guillem@szsfest.com<\/a>.<\/strong><\/em><\/span><\/h4>\n<p>[\/vc_column_text][vc_empty_space height=&#8221;10&#8243;][vc_separator color=&#8221;custom&#8221; style=&#8221;double&#8221; border_width=&#8221;5&#8243; css=&#8221;&#8221; accent_color=&#8221;#F8B133&#8243;][vc_single_image image=&#8221;49869&#8243; img_size=&#8221;full&#8221; alignment=&#8221;center&#8221; css=&#8221;&#8221;][\/vc_column][vc_column width=&#8221;1\/6&#8243;][\/vc_column][\/vc_row][vc_row][vc_column][\/vc_column][\/vc_row]<\/p>\n<\/div>","protected":false},"excerpt":{"rendered":"<p>[vc_row full_width=&#8221;stretch_row_content&#8221;][vc_column width=&#8221;1\/6&#8243;][\/vc_column][vc_column width=&#8221;2\/3&#8243;][vc_single_image image=&#8221;49885&#8243; img_size=&#8221;full&#8221; alignment=&#8221;center&#8221; css=&#8221;&#8221;][vc_empty_space height=&#8221;40&#8243;][vc_custom_heading text=&#8221;Bases i reglament 2025&#8243; font_container=&#8221;tag:h1|font_size:78|text_align:center|color:%231D1D1B&#8221; use_theme_fonts=&#8221;yes&#8221; css=&#8221;&#8221;][vc_empty_space height=&#8221;5&#8243;][vc_empty_space height=&#8221;10&#8243;][vc_separator color=&#8221;custom&#8221; style=&#8221;double&#8221; border_width=&#8221;5&#8243; css=&#8221;&#8221; accent_color=&#8221;#F8B133&#8243;][vc_column_text css=&#8221;&#8221;] INTRODUCCI\u00d3 La 12a edici\u00f3 del Serielizados Fest, Festival Internacional de S\u00e8ries de TV, tindr\u00e0 lloc del 3 al 12 de novembre de 2024 a Barcelona. Des de la seva creaci\u00f3, el [&hellip;]<\/p>\n","protected":false},"author":1,"featured_media":0,"parent":0,"menu_order":0,"comment_status":"closed","ping_status":"closed","template":"","meta":{"_acf_changed":false,"inline_featured_image":false,"footnotes":""},"coauthors":[3790],"class_list":["post-49899","page","type-page","status-publish","hentry"],"acf":[],"yoast_head":"<!-- This site is optimized with the Yoast SEO plugin v27.0 - https:\/\/yoast.com\/product\/yoast-seo-wordpress\/ -->\n<title>Bases i reglament 2025 | Serielizados Fest<\/title>\n<meta name=\"description\" content=\"La 12a edici\u00f3 del Serielizados Fest, Festival Internacional de S\u00e8ries de TV, tindr\u00e0 lloc del 3 al 12 de novembre de 2024 a Barcelona.\" \/>\n<meta name=\"robots\" content=\"noindex, follow, max-snippet:-1, max-image-preview:large, max-video-preview:-1\" \/>\n<meta property=\"og:locale\" content=\"ca_ES\" \/>\n<meta property=\"og:type\" content=\"article\" \/>\n<meta property=\"og:title\" content=\"Bases i reglament 2025 | Serielizados Fest\" \/>\n<meta property=\"og:description\" content=\"La 12a edici\u00f3 del Serielizados Fest, Festival Internacional de S\u00e8ries de TV, tindr\u00e0 lloc del 3 al 12 de novembre de 2024 a Barcelona.\" \/>\n<meta property=\"og:url\" content=\"https:\/\/szs.giuseppe-colonna.com\/ca\/bases-i-reglament-2025\/\" \/>\n<meta property=\"og:site_name\" content=\"Serielizados\" \/>\n<meta property=\"article:publisher\" content=\"https:\/\/www.facebook.com\/serielizados\/\" \/>\n<meta property=\"article:modified_time\" content=\"2025-05-15T08:29:20+00:00\" \/>\n<meta property=\"og:image\" content=\"https:\/\/szs.giuseppe-colonna.com\/wp-content\/uploads\/SZS_imatgedestacada-1.jpg\" \/>\n\t<meta property=\"og:image:width\" content=\"1200\" \/>\n\t<meta property=\"og:image:height\" content=\"720\" \/>\n\t<meta property=\"og:image:type\" content=\"image\/jpeg\" \/>\n<meta name=\"twitter:card\" content=\"summary_large_image\" \/>\n<meta name=\"twitter:site\" content=\"@serielizados\" \/>\n<meta name=\"twitter:label1\" content=\"Temps estimat de lectura\" \/>\n\t<meta name=\"twitter:data1\" content=\"7 minuts\" \/>\n\t<meta name=\"twitter:label2\" content=\"Written by\" \/>\n\t<meta name=\"twitter:data2\" content=\"Serielizados\" \/>\n<script type=\"application\/ld+json\" class=\"yoast-schema-graph\">{\"@context\":\"https:\/\/schema.org\",\"@graph\":[{\"@type\":\"WebPage\",\"@id\":\"https:\/\/szs.giuseppe-colonna.com\/ca\/bases-i-reglament-2025\/\",\"url\":\"https:\/\/szs.giuseppe-colonna.com\/ca\/bases-i-reglament-2025\/\",\"name\":\"Bases i reglament 2025 | Serielizados Fest\",\"isPartOf\":{\"@id\":\"https:\/\/szs.giuseppe-colonna.com\/ca\/#website\"},\"datePublished\":\"2025-03-18T11:24:57+00:00\",\"dateModified\":\"2025-05-15T08:29:20+00:00\",\"description\":\"La 12a edici\u00f3 del Serielizados Fest, Festival Internacional de S\u00e8ries de TV, tindr\u00e0 lloc del 3 al 12 de novembre de 2024 a Barcelona.\",\"breadcrumb\":{\"@id\":\"https:\/\/szs.giuseppe-colonna.com\/ca\/bases-i-reglament-2025\/#breadcrumb\"},\"inLanguage\":\"ca\",\"potentialAction\":[{\"@type\":\"ReadAction\",\"target\":[\"https:\/\/szs.giuseppe-colonna.com\/ca\/bases-i-reglament-2025\/\"]}]},{\"@type\":\"BreadcrumbList\",\"@id\":\"https:\/\/szs.giuseppe-colonna.com\/ca\/bases-i-reglament-2025\/#breadcrumb\",\"itemListElement\":[{\"@type\":\"ListItem\",\"position\":1,\"name\":\"Portada\",\"item\":\"https:\/\/szs.giuseppe-colonna.com\/ca\/\"},{\"@type\":\"ListItem\",\"position\":2,\"name\":\"Bases i reglament 2025\"}]},{\"@type\":\"WebSite\",\"@id\":\"https:\/\/szs.giuseppe-colonna.com\/ca\/#website\",\"url\":\"https:\/\/szs.giuseppe-colonna.com\/ca\/\",\"name\":\"Serielizados\",\"description\":\"Revista y Festival Internacional de series\",\"publisher\":{\"@id\":\"https:\/\/szs.giuseppe-colonna.com\/ca\/#organization\"},\"potentialAction\":[{\"@type\":\"SearchAction\",\"target\":{\"@type\":\"EntryPoint\",\"urlTemplate\":\"https:\/\/szs.giuseppe-colonna.com\/ca\/?s={search_term_string}\"},\"query-input\":{\"@type\":\"PropertyValueSpecification\",\"valueRequired\":true,\"valueName\":\"search_term_string\"}}],\"inLanguage\":\"ca\"},{\"@type\":\"Organization\",\"@id\":\"https:\/\/szs.giuseppe-colonna.com\/ca\/#organization\",\"name\":\"Serielizados\",\"url\":\"https:\/\/szs.giuseppe-colonna.com\/ca\/\",\"logo\":{\"@type\":\"ImageObject\",\"inLanguage\":\"ca\",\"@id\":\"https:\/\/szs.giuseppe-colonna.com\/ca\/#\/schema\/logo\/image\/\",\"url\":\"http:\/\/szs.giuseppe-colonna.com\/wp-content\/uploads\/SZS_imatgedestacada-1.jpg\",\"contentUrl\":\"http:\/\/szs.giuseppe-colonna.com\/wp-content\/uploads\/SZS_imatgedestacada-1.jpg\",\"width\":1200,\"height\":720,\"caption\":\"Serielizados\"},\"image\":{\"@id\":\"https:\/\/szs.giuseppe-colonna.com\/ca\/#\/schema\/logo\/image\/\"},\"sameAs\":[\"https:\/\/www.facebook.com\/serielizados\/\",\"https:\/\/x.com\/serielizados\",\"https:\/\/www.instagram.com\/serielizadosmagazine\/\",\"https:\/\/es.linkedin.com\/in\/serielizados\",\"https:\/\/www.youtube.com\/serielizadosTV\"]}]}<\/script>\n<!-- \/ Yoast SEO plugin. -->","yoast_head_json":{"title":"Bases i reglament 2025 | Serielizados Fest","description":"La 12a edici\u00f3 del Serielizados Fest, Festival Internacional de S\u00e8ries de TV, tindr\u00e0 lloc del 3 al 12 de novembre de 2024 a Barcelona.","robots":{"index":"noindex","follow":"follow","max-snippet":"max-snippet:-1","max-image-preview":"max-image-preview:large","max-video-preview":"max-video-preview:-1"},"og_locale":"ca_ES","og_type":"article","og_title":"Bases i reglament 2025 | Serielizados Fest","og_description":"La 12a edici\u00f3 del Serielizados Fest, Festival Internacional de S\u00e8ries de TV, tindr\u00e0 lloc del 3 al 12 de novembre de 2024 a Barcelona.","og_url":"https:\/\/szs.giuseppe-colonna.com\/ca\/bases-i-reglament-2025\/","og_site_name":"Serielizados","article_publisher":"https:\/\/www.facebook.com\/serielizados\/","article_modified_time":"2025-05-15T08:29:20+00:00","og_image":[{"width":1200,"height":720,"url":"https:\/\/szs.giuseppe-colonna.com\/wp-content\/uploads\/SZS_imatgedestacada-1.jpg","type":"image\/jpeg"}],"twitter_card":"summary_large_image","twitter_site":"@serielizados","twitter_misc":{"Temps estimat de lectura":"7 minuts","Written by":"Serielizados"},"schema":{"@context":"https:\/\/schema.org","@graph":[{"@type":"WebPage","@id":"https:\/\/szs.giuseppe-colonna.com\/ca\/bases-i-reglament-2025\/","url":"https:\/\/szs.giuseppe-colonna.com\/ca\/bases-i-reglament-2025\/","name":"Bases i reglament 2025 | Serielizados Fest","isPartOf":{"@id":"https:\/\/szs.giuseppe-colonna.com\/ca\/#website"},"datePublished":"2025-03-18T11:24:57+00:00","dateModified":"2025-05-15T08:29:20+00:00","description":"La 12a edici\u00f3 del Serielizados Fest, Festival Internacional de S\u00e8ries de TV, tindr\u00e0 lloc del 3 al 12 de novembre de 2024 a Barcelona.","breadcrumb":{"@id":"https:\/\/szs.giuseppe-colonna.com\/ca\/bases-i-reglament-2025\/#breadcrumb"},"inLanguage":"ca","potentialAction":[{"@type":"ReadAction","target":["https:\/\/szs.giuseppe-colonna.com\/ca\/bases-i-reglament-2025\/"]}]},{"@type":"BreadcrumbList","@id":"https:\/\/szs.giuseppe-colonna.com\/ca\/bases-i-reglament-2025\/#breadcrumb","itemListElement":[{"@type":"ListItem","position":1,"name":"Portada","item":"https:\/\/szs.giuseppe-colonna.com\/ca\/"},{"@type":"ListItem","position":2,"name":"Bases i reglament 2025"}]},{"@type":"WebSite","@id":"https:\/\/szs.giuseppe-colonna.com\/ca\/#website","url":"https:\/\/szs.giuseppe-colonna.com\/ca\/","name":"Serielizados","description":"Revista y Festival Internacional de series","publisher":{"@id":"https:\/\/szs.giuseppe-colonna.com\/ca\/#organization"},"potentialAction":[{"@type":"SearchAction","target":{"@type":"EntryPoint","urlTemplate":"https:\/\/szs.giuseppe-colonna.com\/ca\/?s={search_term_string}"},"query-input":{"@type":"PropertyValueSpecification","valueRequired":true,"valueName":"search_term_string"}}],"inLanguage":"ca"},{"@type":"Organization","@id":"https:\/\/szs.giuseppe-colonna.com\/ca\/#organization","name":"Serielizados","url":"https:\/\/szs.giuseppe-colonna.com\/ca\/","logo":{"@type":"ImageObject","inLanguage":"ca","@id":"https:\/\/szs.giuseppe-colonna.com\/ca\/#\/schema\/logo\/image\/","url":"http:\/\/szs.giuseppe-colonna.com\/wp-content\/uploads\/SZS_imatgedestacada-1.jpg","contentUrl":"http:\/\/szs.giuseppe-colonna.com\/wp-content\/uploads\/SZS_imatgedestacada-1.jpg","width":1200,"height":720,"caption":"Serielizados"},"image":{"@id":"https:\/\/szs.giuseppe-colonna.com\/ca\/#\/schema\/logo\/image\/"},"sameAs":["https:\/\/www.facebook.com\/serielizados\/","https:\/\/x.com\/serielizados","https:\/\/www.instagram.com\/serielizadosmagazine\/","https:\/\/es.linkedin.com\/in\/serielizados","https:\/\/www.youtube.com\/serielizadosTV"]}]}},"_links":{"self":[{"href":"https:\/\/szs.giuseppe-colonna.com\/ca\/wp-json\/wp\/v2\/pages\/49899","targetHints":{"allow":["GET"]}}],"collection":[{"href":"https:\/\/szs.giuseppe-colonna.com\/ca\/wp-json\/wp\/v2\/pages"}],"about":[{"href":"https:\/\/szs.giuseppe-colonna.com\/ca\/wp-json\/wp\/v2\/types\/page"}],"author":[{"embeddable":true,"href":"https:\/\/szs.giuseppe-colonna.com\/ca\/wp-json\/wp\/v2\/users\/1"}],"replies":[{"embeddable":true,"href":"https:\/\/szs.giuseppe-colonna.com\/ca\/wp-json\/wp\/v2\/comments?post=49899"}],"version-history":[{"count":0,"href":"https:\/\/szs.giuseppe-colonna.com\/ca\/wp-json\/wp\/v2\/pages\/49899\/revisions"}],"wp:attachment":[{"href":"https:\/\/szs.giuseppe-colonna.com\/ca\/wp-json\/wp\/v2\/media?parent=49899"}],"wp:term":[{"taxonomy":"author","embeddable":true,"href":"https:\/\/szs.giuseppe-colonna.com\/ca\/wp-json\/wp\/v2\/coauthors?post=49899"}],"curies":[{"name":"wp","href":"https:\/\/api.w.org\/{rel}","templated":true}]}}