{"id":49896,"date":"2025-03-17T13:15:33","date_gmt":"2025-03-17T12:15:33","guid":{"rendered":"http:\/\/szs.giuseppe-colonna.com\/?page_id=49896"},"modified":"2025-05-15T09:29:51","modified_gmt":"2025-05-15T08:29:51","slug":"open-call-2025","status":"publish","type":"page","link":"https:\/\/szs.giuseppe-colonna.com\/ca\/open-call-2025\/","title":{"rendered":"Open Call 2025"},"content":{"rendered":"<div class=\"wpb-content-wrapper\"><p>[vc_row full_width=&#8221;stretch_row_content&#8221;][vc_column width=&#8221;1\/6&#8243;][\/vc_column][vc_column width=&#8221;2\/3&#8243;][vc_single_image image=&#8221;49885&#8243; img_size=&#8221;full&#8221; alignment=&#8221;center&#8221; css=&#8221;&#8221;][vc_empty_space height=&#8221;40&#8243;][vc_custom_heading text=&#8221;Open Call 2025&#8243; font_container=&#8221;tag:h1|font_size:78|text_align:center|color:%231D1D1B&#8221; use_theme_fonts=&#8221;yes&#8221; css=&#8221;&#8221;][vc_empty_space height=&#8221;15&#8243;][vc_separator color=&#8221;custom&#8221; style=&#8221;double&#8221; border_width=&#8221;5&#8243; css=&#8221;&#8221; accent_color=&#8221;#F8B133&#8243;][vc_empty_space height=&#8221;20&#8243;][vc_column_text css=&#8221;&#8221;]Serielizados Fest llan\u00e7a la seva <strong>Convocat\u00f2ria Oberta<\/strong> de s\u00e8ries per a l&#8217;edici\u00f3 2025 de Serielizados Fest, Festival Internacional de S\u00e8ries de Barcelona, que tindr\u00e0 lloc <strong>del 3 al 12 de novembre de 2025.<\/strong><\/p>\n<p>&nbsp;<\/p>\n<p><a href=\"\\&quot;http:\/\/szs.giuseppe-colonna.com\/bases-y-reglamento-serielizados-fest-2025\/\\&quot;\" target=\"\\&quot;_blank\\&quot;\" rel=\"\\&quot;noopener\\&quot;\">Consulta les nostres bases i reglament aqu\u00ed<\/a> abans de omplir el formulari d&#8217;inscripci\u00f3.<\/p>\n<p>&nbsp;<\/p>\n<p><strong>Omple el seg\u00fcent formulari si desitges inscriure la teva S\u00e8rie de TV o Pel\u00b7l\u00edcula Documental per a la consideraci\u00f3 del nostre comit\u00e8 de programaci\u00f3 i optar a ser un dels t\u00edtols finals seleccionats pel festival.<\/strong><\/p>\n<p>&nbsp;<\/p>\n<p>Si necessites ajuda, posa&#8217;t en contacte amb el nostre coordinador, Guillem F. Mar\u00ed, a <a href=\"\\&quot;mailto:guillem@szsfest.com\\&quot;\" target=\"\\&quot;_blank\\&quot;\" rel=\"\\&quot;noopener\\&quot;\">guillem@szsfest.com<\/a><\/p>\n<p>&nbsp;<\/p>\n<h4><span style=\"color: #f20000;\"><em><strong>** La data l\u00edmit per presentar el teu projecte \u00e9s el 30 de juny de 2025.**<\/strong><\/em><\/span><\/h4>\n<p>[\/vc_column_text][vc_empty_space height=&#8221;20&#8243;][\/vc_column][vc_column width=&#8221;1\/6&#8243;][\/vc_column][\/vc_row][vc_row][vc_column][vc_empty_space height=&#8221;20&#8243;][\/vc_column][\/vc_row][vc_row full_width=&#8221;stretch_row_content&#8221;][vc_column width=&#8221;1\/6&#8243;][\/vc_column][vc_column width=&#8221;2\/3&#8243;][vc_raw_html css=&#8221;&#8221;]JTNDaWZyYW1lJTIwY2xhc3MlM0QlMjJhaXJ0YWJsZS1lbWJlZCUyMiUyMHNyYyUzRCUyMmh0dHBzJTNBJTJGJTJGYWlydGFibGUuY29tJTJGZW1iZWQlMkZhcHBaTnJQeTZ4VEpsYmY3RCUyRnNoclNpdjJFU202TEF4b2VoJTIyJTIwZnJhbWVib3JkZXIlM0QlMjIwJTIyJTIwb25tb3VzZXdoZWVsJTNEJTIyJTIyJTIwd2lkdGglM0QlMjIxMDAlMjUlMjIlMjBoZWlnaHQlM0QlMjI1NTMzJTIyJTIwc3R5bGUlM0QlMjJiYWNrZ3JvdW5kJTNBJTIwdHJhbnNwYXJlbnQlM0IlMjBib3JkZXIlM0ElMjAxcHglMjBzb2xpZCUyMCUyM2NjYyUzQiUyMiUzRSUzQyUyRmlmcmFtZSUzRQ==[\/vc_raw_html][\/vc_column][vc_column width=&#8221;1\/6&#8243;][\/vc_column][\/vc_row][vc_row full_width=&#8221;stretch_row_content&#8221;][vc_column width=&#8221;1\/6&#8243;][\/vc_column][vc_column width=&#8221;2\/3&#8243;][vc_empty_space][vc_single_image image=&#8221;49869&#8243; img_size=&#8221;full&#8221; alignment=&#8221;center&#8221; css=&#8221;&#8221;][vc_empty_space][vc_separator color=&#8221;custom&#8221; style=&#8221;double&#8221; border_width=&#8221;10&#8243; css=&#8221;&#8221; accent_color=&#8221;#F8B133&#8243;][\/vc_column][vc_column width=&#8221;1\/6&#8243;][\/vc_column][\/vc_row]<\/p>\n<\/div>","protected":false},"excerpt":{"rendered":"<p>[vc_row full_width=&#8221;stretch_row_content&#8221;][vc_column width=&#8221;1\/6&#8243;][\/vc_column][vc_column width=&#8221;2\/3&#8243;][vc_single_image image=&#8221;49885&#8243; img_size=&#8221;full&#8221; alignment=&#8221;center&#8221; css=&#8221;&#8221;][vc_empty_space height=&#8221;40&#8243;][vc_custom_heading text=&#8221;Open Call 2025&#8243; font_container=&#8221;tag:h1|font_size:78|text_align:center|color:%231D1D1B&#8221; use_theme_fonts=&#8221;yes&#8221; css=&#8221;&#8221;][vc_empty_space height=&#8221;15&#8243;][vc_separator color=&#8221;custom&#8221; style=&#8221;double&#8221; border_width=&#8221;5&#8243; css=&#8221;&#8221; accent_color=&#8221;#F8B133&#8243;][vc_empty_space height=&#8221;20&#8243;][vc_column_text css=&#8221;&#8221;]Serielizados Fest llan\u00e7a la seva Convocat\u00f2ria Oberta de s\u00e8ries per a l&#8217;edici\u00f3 2025 de Serielizados Fest, Festival Internacional de S\u00e8ries de Barcelona, que tindr\u00e0 lloc del 3 al 12 de novembre de 2025. [&hellip;]<\/p>\n","protected":false},"author":1,"featured_media":0,"parent":0,"menu_order":0,"comment_status":"closed","ping_status":"closed","template":"","meta":{"_acf_changed":false,"inline_featured_image":false,"footnotes":""},"coauthors":[3790],"class_list":["post-49896","page","type-page","status-publish","hentry"],"acf":[],"yoast_head":"<!-- This site is optimized with the Yoast SEO plugin v27.0 - https:\/\/yoast.com\/product\/yoast-seo-wordpress\/ -->\n<title>Open Call for Series | Serielizados Fest 2025<\/title>\n<meta name=\"description\" content=\"Serielizados Fest llan\u00e7a la seva Convocat\u00f2ria Oberta de s\u00e8ries per a l&#039;edici\u00f3 2025 que tindr\u00e0 lloc del 3 al 12 de novembre de 2025.\" \/>\n<meta name=\"robots\" content=\"noindex, follow, max-snippet:-1, max-image-preview:large, max-video-preview:-1\" \/>\n<meta property=\"og:locale\" content=\"ca_ES\" \/>\n<meta property=\"og:type\" content=\"article\" \/>\n<meta property=\"og:title\" content=\"Open Call for Series | Serielizados Fest 2025\" \/>\n<meta property=\"og:description\" content=\"Serielizados Fest llan\u00e7a la seva Convocat\u00f2ria Oberta de s\u00e8ries per a l&#039;edici\u00f3 2025 que tindr\u00e0 lloc del 3 al 12 de novembre de 2025.\" \/>\n<meta property=\"og:url\" content=\"https:\/\/szs.giuseppe-colonna.com\/ca\/open-call-2025\/\" \/>\n<meta property=\"og:site_name\" content=\"Serielizados\" \/>\n<meta property=\"article:publisher\" content=\"https:\/\/www.facebook.com\/serielizados\/\" \/>\n<meta property=\"article:modified_time\" content=\"2025-05-15T08:29:51+00:00\" \/>\n<meta property=\"og:image\" content=\"https:\/\/szs.giuseppe-colonna.com\/wp-content\/uploads\/SZS_imatgedestacada-1.jpg\" \/>\n\t<meta property=\"og:image:width\" content=\"1200\" \/>\n\t<meta property=\"og:image:height\" content=\"720\" \/>\n\t<meta property=\"og:image:type\" content=\"image\/jpeg\" \/>\n<meta name=\"twitter:card\" content=\"summary_large_image\" \/>\n<meta name=\"twitter:site\" content=\"@serielizados\" \/>\n<meta name=\"twitter:label1\" content=\"Temps estimat de lectura\" \/>\n\t<meta name=\"twitter:data1\" content=\"2 minuts\" \/>\n\t<meta name=\"twitter:label2\" content=\"Written by\" \/>\n\t<meta name=\"twitter:data2\" content=\"Serielizados\" \/>\n<script type=\"application\/ld+json\" class=\"yoast-schema-graph\">{\"@context\":\"https:\/\/schema.org\",\"@graph\":[{\"@type\":\"WebPage\",\"@id\":\"https:\/\/szs.giuseppe-colonna.com\/ca\/open-call-2025\/\",\"url\":\"https:\/\/szs.giuseppe-colonna.com\/ca\/open-call-2025\/\",\"name\":\"Open Call for Series | Serielizados Fest 2025\",\"isPartOf\":{\"@id\":\"https:\/\/szs.giuseppe-colonna.com\/ca\/#website\"},\"datePublished\":\"2025-03-17T12:15:33+00:00\",\"dateModified\":\"2025-05-15T08:29:51+00:00\",\"description\":\"Serielizados Fest llan\u00e7a la seva Convocat\u00f2ria Oberta de s\u00e8ries per a l'edici\u00f3 2025 que tindr\u00e0 lloc del 3 al 12 de novembre de 2025.\",\"breadcrumb\":{\"@id\":\"https:\/\/szs.giuseppe-colonna.com\/ca\/open-call-2025\/#breadcrumb\"},\"inLanguage\":\"ca\",\"potentialAction\":[{\"@type\":\"ReadAction\",\"target\":[\"https:\/\/szs.giuseppe-colonna.com\/ca\/open-call-2025\/\"]}]},{\"@type\":\"BreadcrumbList\",\"@id\":\"https:\/\/szs.giuseppe-colonna.com\/ca\/open-call-2025\/#breadcrumb\",\"itemListElement\":[{\"@type\":\"ListItem\",\"position\":1,\"name\":\"Portada\",\"item\":\"https:\/\/szs.giuseppe-colonna.com\/ca\/\"},{\"@type\":\"ListItem\",\"position\":2,\"name\":\"Open Call 2025\"}]},{\"@type\":\"WebSite\",\"@id\":\"https:\/\/szs.giuseppe-colonna.com\/ca\/#website\",\"url\":\"https:\/\/szs.giuseppe-colonna.com\/ca\/\",\"name\":\"Serielizados\",\"description\":\"Revista y Festival Internacional de series\",\"publisher\":{\"@id\":\"https:\/\/szs.giuseppe-colonna.com\/ca\/#organization\"},\"potentialAction\":[{\"@type\":\"SearchAction\",\"target\":{\"@type\":\"EntryPoint\",\"urlTemplate\":\"https:\/\/szs.giuseppe-colonna.com\/ca\/?s={search_term_string}\"},\"query-input\":{\"@type\":\"PropertyValueSpecification\",\"valueRequired\":true,\"valueName\":\"search_term_string\"}}],\"inLanguage\":\"ca\"},{\"@type\":\"Organization\",\"@id\":\"https:\/\/szs.giuseppe-colonna.com\/ca\/#organization\",\"name\":\"Serielizados\",\"url\":\"https:\/\/szs.giuseppe-colonna.com\/ca\/\",\"logo\":{\"@type\":\"ImageObject\",\"inLanguage\":\"ca\",\"@id\":\"https:\/\/szs.giuseppe-colonna.com\/ca\/#\/schema\/logo\/image\/\",\"url\":\"http:\/\/szs.giuseppe-colonna.com\/wp-content\/uploads\/SZS_imatgedestacada-1.jpg\",\"contentUrl\":\"http:\/\/szs.giuseppe-colonna.com\/wp-content\/uploads\/SZS_imatgedestacada-1.jpg\",\"width\":1200,\"height\":720,\"caption\":\"Serielizados\"},\"image\":{\"@id\":\"https:\/\/szs.giuseppe-colonna.com\/ca\/#\/schema\/logo\/image\/\"},\"sameAs\":[\"https:\/\/www.facebook.com\/serielizados\/\",\"https:\/\/x.com\/serielizados\",\"https:\/\/www.instagram.com\/serielizadosmagazine\/\",\"https:\/\/es.linkedin.com\/in\/serielizados\",\"https:\/\/www.youtube.com\/serielizadosTV\"]}]}<\/script>\n<!-- \/ Yoast SEO plugin. -->","yoast_head_json":{"title":"Open Call for Series | Serielizados Fest 2025","description":"Serielizados Fest llan\u00e7a la seva Convocat\u00f2ria Oberta de s\u00e8ries per a l'edici\u00f3 2025 que tindr\u00e0 lloc del 3 al 12 de novembre de 2025.","robots":{"index":"noindex","follow":"follow","max-snippet":"max-snippet:-1","max-image-preview":"max-image-preview:large","max-video-preview":"max-video-preview:-1"},"og_locale":"ca_ES","og_type":"article","og_title":"Open Call for Series | Serielizados Fest 2025","og_description":"Serielizados Fest llan\u00e7a la seva Convocat\u00f2ria Oberta de s\u00e8ries per a l'edici\u00f3 2025 que tindr\u00e0 lloc del 3 al 12 de novembre de 2025.","og_url":"https:\/\/szs.giuseppe-colonna.com\/ca\/open-call-2025\/","og_site_name":"Serielizados","article_publisher":"https:\/\/www.facebook.com\/serielizados\/","article_modified_time":"2025-05-15T08:29:51+00:00","og_image":[{"width":1200,"height":720,"url":"https:\/\/szs.giuseppe-colonna.com\/wp-content\/uploads\/SZS_imatgedestacada-1.jpg","type":"image\/jpeg"}],"twitter_card":"summary_large_image","twitter_site":"@serielizados","twitter_misc":{"Temps estimat de lectura":"2 minuts","Written by":"Serielizados"},"schema":{"@context":"https:\/\/schema.org","@graph":[{"@type":"WebPage","@id":"https:\/\/szs.giuseppe-colonna.com\/ca\/open-call-2025\/","url":"https:\/\/szs.giuseppe-colonna.com\/ca\/open-call-2025\/","name":"Open Call for Series | Serielizados Fest 2025","isPartOf":{"@id":"https:\/\/szs.giuseppe-colonna.com\/ca\/#website"},"datePublished":"2025-03-17T12:15:33+00:00","dateModified":"2025-05-15T08:29:51+00:00","description":"Serielizados Fest llan\u00e7a la seva Convocat\u00f2ria Oberta de s\u00e8ries per a l'edici\u00f3 2025 que tindr\u00e0 lloc del 3 al 12 de novembre de 2025.","breadcrumb":{"@id":"https:\/\/szs.giuseppe-colonna.com\/ca\/open-call-2025\/#breadcrumb"},"inLanguage":"ca","potentialAction":[{"@type":"ReadAction","target":["https:\/\/szs.giuseppe-colonna.com\/ca\/open-call-2025\/"]}]},{"@type":"BreadcrumbList","@id":"https:\/\/szs.giuseppe-colonna.com\/ca\/open-call-2025\/#breadcrumb","itemListElement":[{"@type":"ListItem","position":1,"name":"Portada","item":"https:\/\/szs.giuseppe-colonna.com\/ca\/"},{"@type":"ListItem","position":2,"name":"Open Call 2025"}]},{"@type":"WebSite","@id":"https:\/\/szs.giuseppe-colonna.com\/ca\/#website","url":"https:\/\/szs.giuseppe-colonna.com\/ca\/","name":"Serielizados","description":"Revista y Festival Internacional de series","publisher":{"@id":"https:\/\/szs.giuseppe-colonna.com\/ca\/#organization"},"potentialAction":[{"@type":"SearchAction","target":{"@type":"EntryPoint","urlTemplate":"https:\/\/szs.giuseppe-colonna.com\/ca\/?s={search_term_string}"},"query-input":{"@type":"PropertyValueSpecification","valueRequired":true,"valueName":"search_term_string"}}],"inLanguage":"ca"},{"@type":"Organization","@id":"https:\/\/szs.giuseppe-colonna.com\/ca\/#organization","name":"Serielizados","url":"https:\/\/szs.giuseppe-colonna.com\/ca\/","logo":{"@type":"ImageObject","inLanguage":"ca","@id":"https:\/\/szs.giuseppe-colonna.com\/ca\/#\/schema\/logo\/image\/","url":"http:\/\/szs.giuseppe-colonna.com\/wp-content\/uploads\/SZS_imatgedestacada-1.jpg","contentUrl":"http:\/\/szs.giuseppe-colonna.com\/wp-content\/uploads\/SZS_imatgedestacada-1.jpg","width":1200,"height":720,"caption":"Serielizados"},"image":{"@id":"https:\/\/szs.giuseppe-colonna.com\/ca\/#\/schema\/logo\/image\/"},"sameAs":["https:\/\/www.facebook.com\/serielizados\/","https:\/\/x.com\/serielizados","https:\/\/www.instagram.com\/serielizadosmagazine\/","https:\/\/es.linkedin.com\/in\/serielizados","https:\/\/www.youtube.com\/serielizadosTV"]}]}},"_links":{"self":[{"href":"https:\/\/szs.giuseppe-colonna.com\/ca\/wp-json\/wp\/v2\/pages\/49896","targetHints":{"allow":["GET"]}}],"collection":[{"href":"https:\/\/szs.giuseppe-colonna.com\/ca\/wp-json\/wp\/v2\/pages"}],"about":[{"href":"https:\/\/szs.giuseppe-colonna.com\/ca\/wp-json\/wp\/v2\/types\/page"}],"author":[{"embeddable":true,"href":"https:\/\/szs.giuseppe-colonna.com\/ca\/wp-json\/wp\/v2\/users\/1"}],"replies":[{"embeddable":true,"href":"https:\/\/szs.giuseppe-colonna.com\/ca\/wp-json\/wp\/v2\/comments?post=49896"}],"version-history":[{"count":0,"href":"https:\/\/szs.giuseppe-colonna.com\/ca\/wp-json\/wp\/v2\/pages\/49896\/revisions"}],"wp:attachment":[{"href":"https:\/\/szs.giuseppe-colonna.com\/ca\/wp-json\/wp\/v2\/media?parent=49896"}],"wp:term":[{"taxonomy":"author","embeddable":true,"href":"https:\/\/szs.giuseppe-colonna.com\/ca\/wp-json\/wp\/v2\/coauthors?post=49896"}],"curies":[{"name":"wp","href":"https:\/\/api.w.org\/{rel}","templated":true}]}}