{"id":48578,"date":"2025-03-18T12:52:23","date_gmt":"2025-03-18T11:52:23","guid":{"rendered":"http:\/\/szs.giuseppe-colonna.com\/?page_id=48578"},"modified":"2025-05-14T09:52:16","modified_gmt":"2025-05-14T08:52:16","slug":"sostenibilidad","status":"publish","type":"page","link":"https:\/\/szs.giuseppe-colonna.com\/ca\/sostenibilidad\/","title":{"rendered":"Green to Screen"},"content":{"rendered":"<div class=\"wpb-content-wrapper\"><p>[vc_row full_width=&#8221;stretch_row_content&#8221;][vc_column width=&#8221;1\/6&#8243;][\/vc_column][vc_column width=&#8221;2\/3&#8243;][vc_custom_heading text=&#8221;Green to Screen&#8221; font_container=&#8221;tag:h1|font_size:78|text_align:left|color:%23009500&#8243; use_theme_fonts=&#8221;yes&#8221; css=&#8221;&#8221;][vc_empty_space][vc_column_text css=&#8221;&#8221;]<span style=\"font-weight: 400;\">En Serielizados nos gusta pensar que apostamos por la cultura como un bien com\u00fan y no como un producto de consumo.<\/span><\/p>\n<p>&nbsp;<\/p>\n<p><span style=\"font-weight: 400;\">Por eso desde 2013, <span style=\"color: #009500;\"><strong>apostamos por un consumo responsable de series y tambi\u00e9n por un consumo responsable de nuestro planeta<\/strong><\/span>.<\/span><\/p>\n<p>&nbsp;<\/p>\n<p><span style=\"font-weight: 400;\">Las series, como parte de la cultura, nos ayudan a entender y pensar el mundo que nos rodea, es por eso que en Serielizados implementamos diversas acciones en favor de la sostenibilidad.\u00a0<\/span>[\/vc_column_text][vc_empty_space][\/vc_column][vc_column width=&#8221;1\/6&#8243;][\/vc_column][\/vc_row][vc_row full_width=&#8221;stretch_row&#8221;][vc_column width=&#8221;1\/3&#8243;][vc_single_image image=&#8221;50372&#8243; img_size=&#8221;full&#8221; css=&#8221;&#8221;][\/vc_column][vc_column width=&#8221;1\/3&#8243;][\/vc_column][vc_column width=&#8221;1\/3&#8243;][\/vc_column][\/vc_row][vc_row full_width=&#8221;stretch_row_content&#8221;][vc_column width=&#8221;1\/6&#8243;][\/vc_column][vc_column width=&#8221;2\/3&#8243;][vc_column_text css=&#8221;&#8221;]<span style=\"font-weight: 400;\">Aqu\u00ed un poco de nuestra aportaci\u00f3n seri\u00e9fila a preservar la cultura como un espacio <span style=\"color: #009500;\"><em><strong>green friendly<\/strong><\/em><\/span>:<\/span><\/p>\n<p>&nbsp;<\/p>\n<h3><span style=\"color: #009500;\"><strong>NUESTRO COMPROMISO<\/strong><\/span><\/h3>\n<p>&nbsp;<\/p>\n<ul>\n<li style=\"font-weight: 400;\" aria-level=\"1\"><span style=\"font-weight: 400;\">A parte de lo t\u00edpico de usar vasos de cart\u00f3n e ir en bici, nos hemos currado una auditor\u00eda ambiental del Fest \u2013an\u00e1lisis de huella de carbono incluida\u2013 que pod\u00e9is consultar <a href=\"https:\/\/drive.google.com\/file\/d\/1qLnTT70NXQzrqwgWks4KwQl-bguhz81o\/view?usp=sharing\" target=\"_blank\" rel=\"noopener\" download=\"\"><strong>AQU\u00cd<\/strong><\/a>.\u00a0<\/span><\/li>\n<li style=\"font-weight: 400;\" aria-level=\"1\"><span style=\"font-weight: 400;\">Nos hemos examinado con <span style=\"color: #009500;\"><em><strong>A Greener Future<\/strong><\/em><\/span> y tenemos un certificado conforme progresamos adecuadamente.<\/span><\/li>\n<li style=\"font-weight: 400;\" aria-level=\"1\"><span style=\"font-weight: 400;\">Colaboramos con <strong>Renfe<\/strong> como tren oficial del festival y nos movemos con <strong>All move<\/strong>, que tiene una flota de veh\u00edculos el\u00e9ctricos.<\/span><\/li>\n<li aria-level=\"1\"><strong>Minimizamos el n\u00famero de traslados<\/strong> de los invitados, haciendo uso de las opciones mas sostenibles a la hora de reservar y gestionar los viajes, escogiendo hoteles cercanos a nuestros espacios para minimizar los desplazamientos.<\/li>\n<li aria-level=\"1\">Priorizamos el uso de i<strong>nfraestructuras y materiales de alquiler.<\/strong><\/li>\n<li aria-level=\"1\"><span style=\"color: #1d1d1b;\">Reutilizamos<\/span> decoraciones, materiales, y se\u00f1alizaciones de ediciones anteriores para dar una segunda vida a los materiales.<\/li>\n<li style=\"font-weight: 400;\" aria-level=\"1\"><span style=\"font-weight: 400;\">Tenemos en el equipo a <strong>una persona dedicada a la ecolog\u00eda<\/strong>, que vigila que no nos pasemos ni un pelo.<\/span><\/li>\n<\/ul>\n<p>&nbsp;<\/p>\n<h3><span style=\"color: #009500;\"><strong>SERIES Y MEDIOAMBIENTE<\/strong><\/span><\/h3>\n<p><span style=\"color: #1d1d1b;\"><strong>Desde 2015 gestionamos nuestra &#8220;ecoansidedad&#8221; viendo series sobre el cambio clim\u00e1tico y hablando sobre ellas.<\/strong><\/span>[\/vc_column_text][\/vc_column][vc_column width=&#8221;1\/6&#8243;][\/vc_column][\/vc_row][vc_row full_width=&#8221;stretch_row_content&#8221; gap=&#8221;4&#8243; css=&#8221;.vc_custom_1742300413970{margin-right: 5px !important;margin-left: 5px !important;border-right-width: 15px !important;border-left-width: 15px !important;background-color: #1D1D1B !important;}&#8221;][vc_column width=&#8221;1\/5&#8243;][vc_single_image image=&#8221;49766&#8243; img_size=&#8221;full&#8221; alignment=&#8221;center&#8221; onclick=&#8221;custom_link&#8221; css=&#8221;&#8221; link=&#8221;https:\/\/lab.cccb.org\/es\/antropoceno-cambio-climatico-y-distopias\/&#8221;][vc_column_text css=&#8221;&#8221;]<\/p>\n<h3><span style=\"color: #009500;\"><strong>Antropoceno, cambio clim\u00e1tico y distop\u00edas<\/strong><\/span><\/h3>\n<p><span style=\"color: #ffffff;\">Las series de televisi\u00f3n cuando piensan en el futuro nos pintan un mundo muy oscuro.<\/span><\/p>\n<p>&nbsp;<\/p>\n<p><span style=\"color: #ffffff;\"><em><strong>&#8211; Por Serielizados<\/strong><\/em><\/span>[\/vc_column_text][vc_column_text css=&#8221;&#8221;]<a href=\"https:\/\/lab.cccb.org\/es\/antropoceno-cambio-climatico-y-distopias\/\" target=\"_blank\" rel=\"noopener\"><strong>Leer m\u00e1s<\/strong><\/a>[\/vc_column_text][\/vc_column][vc_column width=&#8221;1\/5&#8243;][vc_single_image image=&#8221;49775&#8243; img_size=&#8221;full&#8221; alignment=&#8221;center&#8221; onclick=&#8221;custom_link&#8221; css=&#8221;&#8221; link=&#8221;http:\/\/szs.giuseppe-colonna.com\/el-cambio-climatico-y-las-series-de-la-concienciacion-al-catastrofismo\/&#8221;][vc_column_text css=&#8221;&#8221;]<\/p>\n<h3><span style=\"color: #009500;\"><strong>El cambio clim\u00e1tico y las series<\/strong><\/span><\/h3>\n<p><span style=\"color: #ffffff;\">\u00bfEst\u00e1s preocupado por las consecuencias del cambio clim\u00e1tico? \u00bfRealizas acciones individuales para intentar paliarlo en la medida de lo posible? \u00bfConsideras que los escenarios apocal\u00edpticos son una buena forma de concienciar a la gente? Si alguna de las respuestas a estas preguntas es S\u00cd, este articulo va dedicado a vosotros.<\/span><\/p>\n<p>&nbsp;<\/p>\n<p><span style=\"color: #ffffff;\"><em><strong>&#8211; Por Lorenzo Mejino<\/strong><\/em><\/span>[\/vc_column_text][vc_column_text css=&#8221;&#8221;]<a href=\"http:\/\/szs.giuseppe-colonna.com\/el-cambio-climatico-y-las-series-de-la-concienciacion-al-catastrofismo\/\" target=\"_blank\" rel=\"noopener\"><strong>Leer m\u00e1s<\/strong><\/a>[\/vc_column_text][\/vc_column][vc_column width=&#8221;1\/5&#8243;][vc_single_image image=&#8221;49769&#8243; img_size=&#8221;full&#8221; alignment=&#8221;center&#8221; onclick=&#8221;custom_link&#8221; css=&#8221;&#8221; link=&#8221;http:\/\/szs.giuseppe-colonna.com\/familias-como-la-nuestra-y-si-los-refugiados-fuesemos-nosotros\/&#8221;][vc_column_text css=&#8221;&#8221;]<\/p>\n<h3><span style=\"color: #009500;\"><strong>\u2018Familias como la nuestra\u2019: \u00bfY si los refugiados fu\u00e9semos nosotros?<\/strong><\/span><\/h3>\n<p><span style=\"color: #ffffff;\">&#8216;Familias como la nuestra&#8217; la primera serie del cineasta dan\u00e9s <strong>Thomas Vinterberg<\/strong> concluye su andadura en Movistar Plus+. Una serie apocal\u00edptica distinta que no renuncia a darnos un ba\u00f1o de esperanza.<\/span><\/p>\n<p>&nbsp;<\/p>\n<p><span style=\"color: #ffffff;\"><em><strong>&#8211; Por Enric Albero<\/strong><\/em><\/span>[\/vc_column_text][vc_column_text css=&#8221;&#8221;]<a href=\"http:\/\/szs.giuseppe-colonna.com\/familias-como-la-nuestra-y-si-los-refugiados-fuesemos-nosotros\/\" target=\"_blank\" rel=\"noopener\"><strong>Leer m\u00e1s<\/strong><\/a>[\/vc_column_text][\/vc_column][vc_column width=&#8221;1\/5&#8243;][vc_single_image image=&#8221;49772&#8243; img_size=&#8221;full&#8221; alignment=&#8221;center&#8221; onclick=&#8221;custom_link&#8221; css=&#8221;&#8221; link=&#8221;http:\/\/szs.giuseppe-colonna.com\/inundaciones-el-agua-siempre-reclama-sus-dominios\/&#8221;][vc_column_text css=&#8221;&#8221;]<\/p>\n<h3><span style=\"color: #009500;\"><strong>El agua siempre reclama sus dominios<\/strong><\/span><\/h3>\n<p><span style=\"color: #ffffff;\">Siempre es posible extraer lecciones positivas de las ficciones, aunque solo sea para no repetir y reproducir errores en la prevenci\u00f3n de las cat\u00e1strofes, por lo que espero ilustrar de forma positiva con esta exhaustiva selecci\u00f3n de series centradas en inundaciones de todo tipo y que abarcan muchos pa\u00edses diferentes.<\/span><\/p>\n<p>&nbsp;<\/p>\n<p><span style=\"color: #ffffff;\"><strong><em>&#8211; Por Lorenzo Mejino<\/em><\/strong><\/span>[\/vc_column_text][vc_column_text css=&#8221;&#8221;]<a href=\"http:\/\/szs.giuseppe-colonna.com\/inundaciones-el-agua-siempre-reclama-sus-dominios\/\" target=\"_blank\" rel=\"noopener\"><strong>Leer m\u00e1s<\/strong><\/a>[\/vc_column_text][\/vc_column][vc_column width=&#8221;1\/5&#8243;][vc_single_image image=&#8221;49792&#8243; img_size=&#8221;full&#8221; alignment=&#8221;center&#8221; onclick=&#8221;custom_link&#8221; css=&#8221;&#8221; link=&#8221;https:\/\/open.spotify.com\/episode\/3r1JUTkNd097Ku194hi6dH?si=CLA_cHuMQneTfjZ21YnWAw&#8221;][vc_column_text css=&#8221;&#8221;]<\/p>\n<h3><span style=\"color: #009500;\"><strong>Rodatges <\/strong><strong>sostenibles<\/strong><\/span><\/h3>\n<p><span style=\"color: #ffffff;\">De qu\u00e8 parlem quan parlem de sostenibilitat en els rodatges audiovisuals?\u00a0<\/span><\/p>\n<p>&nbsp;<\/p>\n<p><span style=\"color: #ffffff;\">En aquest cap\u00edtol del p\u00f2dcast <strong>Pla_C* Cultura Pel Clima<\/strong> parlem de diverses iniciatives que el sector audiovisual est\u00e0 aplicant en les filmacions i rodatges per reduir-ne l\u2019impacte ambiental. I acabem el cap\u00edtol amb recomanacions de s\u00e8ries sobre emerg\u00e8ncia clim\u00e0tica de la m\u00e0 d\u2019en <strong>V\u00edctor Sala<\/strong>, de Serielizados. <strong>Perqu\u00e8 la cultura ser\u00e0 sostenible o no ser\u00e0!<\/strong><\/span>[\/vc_column_text][vc_column_text css=&#8221;&#8221;]<a href=\"https:\/\/open.spotify.com\/episode\/3r1JUTkNd097Ku194hi6dH?si=tRv_GvviQeGhXyLPo7cuJA\" target=\"_blank\" rel=\"noopener\"><strong>Leer m\u00e1s<\/strong><\/a>[\/vc_column_text][\/vc_column][\/vc_row]<\/p>\n<\/div>","protected":false},"excerpt":{"rendered":"<p>[vc_row full_width=&#8221;stretch_row_content&#8221;][vc_column width=&#8221;1\/6&#8243;][\/vc_column][vc_column width=&#8221;2\/3&#8243;][vc_custom_heading text=&#8221;Green to Screen&#8221; font_container=&#8221;tag:h1|font_size:78|text_align:left|color:%23009500&#8243; use_theme_fonts=&#8221;yes&#8221; css=&#8221;&#8221;][vc_empty_space][vc_column_text css=&#8221;&#8221;]En Serielizados nos gusta pensar que apostamos por la cultura como un bien com\u00fan y no como un producto de consumo. &nbsp; Por eso desde 2013, apostamos por un consumo responsable de series y tambi\u00e9n por un consumo responsable de nuestro planeta. &nbsp; Las series, [&hellip;]<\/p>\n","protected":false},"author":1,"featured_media":0,"parent":0,"menu_order":0,"comment_status":"closed","ping_status":"closed","template":"","meta":{"_acf_changed":false,"inline_featured_image":false,"footnotes":""},"coauthors":[3790],"class_list":["post-48578","page","type-page","status-publish","hentry"],"acf":[],"yoast_head":"<!-- This site is optimized with the Yoast SEO plugin v27.0 - https:\/\/yoast.com\/product\/yoast-seo-wordpress\/ -->\n<title>Green to Screen | Serielizados<\/title>\n<meta name=\"robots\" content=\"noindex, follow, max-snippet:-1, max-image-preview:large, max-video-preview:-1\" \/>\n<meta property=\"og:locale\" content=\"ca_ES\" \/>\n<meta property=\"og:type\" content=\"article\" \/>\n<meta property=\"og:title\" content=\"Green to Screen | Serielizados\" \/>\n<meta property=\"og:description\" content=\"[vc_row full_width=&#8221;stretch_row_content&#8221;][vc_column width=&#8221;1\/6&#8243;][\/vc_column][vc_column width=&#8221;2\/3&#8243;][vc_custom_heading text=&#8221;Green to Screen&#8221; font_container=&#8221;tag:h1|font_size:78|text_align:left|color:%23009500&#8243; use_theme_fonts=&#8221;yes&#8221; css=&#8221;&#8221;][vc_empty_space][vc_column_text css=&#8221;&#8221;]En Serielizados nos gusta pensar que apostamos por la cultura como un bien com\u00fan y no como un producto de consumo. &nbsp; Por eso desde 2013, apostamos por un consumo responsable de series y tambi\u00e9n por un consumo responsable de nuestro planeta. &nbsp; Las series, [&hellip;]\" \/>\n<meta property=\"og:url\" content=\"https:\/\/szs.giuseppe-colonna.com\/ca\/sostenibilidad\/\" \/>\n<meta property=\"og:site_name\" content=\"Serielizados\" \/>\n<meta property=\"article:publisher\" content=\"https:\/\/www.facebook.com\/serielizados\/\" \/>\n<meta property=\"article:modified_time\" content=\"2025-05-14T08:52:16+00:00\" \/>\n<meta property=\"og:image\" content=\"https:\/\/szs.giuseppe-colonna.com\/wp-content\/uploads\/SZS_imatgedestacada-1.jpg\" \/>\n\t<meta property=\"og:image:width\" content=\"1200\" \/>\n\t<meta property=\"og:image:height\" content=\"720\" \/>\n\t<meta property=\"og:image:type\" content=\"image\/jpeg\" \/>\n<meta name=\"twitter:card\" content=\"summary_large_image\" \/>\n<meta name=\"twitter:site\" content=\"@serielizados\" \/>\n<meta name=\"twitter:label1\" content=\"Temps estimat de lectura\" \/>\n\t<meta name=\"twitter:data1\" content=\"5 minuts\" \/>\n\t<meta name=\"twitter:label2\" content=\"Written by\" \/>\n\t<meta name=\"twitter:data2\" content=\"Serielizados\" \/>\n<script type=\"application\/ld+json\" class=\"yoast-schema-graph\">{\"@context\":\"https:\/\/schema.org\",\"@graph\":[{\"@type\":\"WebPage\",\"@id\":\"https:\/\/szs.giuseppe-colonna.com\/ca\/sostenibilidad\/\",\"url\":\"https:\/\/szs.giuseppe-colonna.com\/ca\/sostenibilidad\/\",\"name\":\"Green to Screen | Serielizados\",\"isPartOf\":{\"@id\":\"https:\/\/szs.giuseppe-colonna.com\/ca\/#website\"},\"datePublished\":\"2025-03-18T11:52:23+00:00\",\"dateModified\":\"2025-05-14T08:52:16+00:00\",\"breadcrumb\":{\"@id\":\"https:\/\/szs.giuseppe-colonna.com\/ca\/sostenibilidad\/#breadcrumb\"},\"inLanguage\":\"ca\",\"potentialAction\":[{\"@type\":\"ReadAction\",\"target\":[\"https:\/\/szs.giuseppe-colonna.com\/ca\/sostenibilidad\/\"]}]},{\"@type\":\"BreadcrumbList\",\"@id\":\"https:\/\/szs.giuseppe-colonna.com\/ca\/sostenibilidad\/#breadcrumb\",\"itemListElement\":[{\"@type\":\"ListItem\",\"position\":1,\"name\":\"Portada\",\"item\":\"https:\/\/szs.giuseppe-colonna.com\/ca\/\"},{\"@type\":\"ListItem\",\"position\":2,\"name\":\"Green to Screen\"}]},{\"@type\":\"WebSite\",\"@id\":\"https:\/\/szs.giuseppe-colonna.com\/ca\/#website\",\"url\":\"https:\/\/szs.giuseppe-colonna.com\/ca\/\",\"name\":\"Serielizados\",\"description\":\"Revista y Festival Internacional de series\",\"publisher\":{\"@id\":\"https:\/\/szs.giuseppe-colonna.com\/ca\/#organization\"},\"potentialAction\":[{\"@type\":\"SearchAction\",\"target\":{\"@type\":\"EntryPoint\",\"urlTemplate\":\"https:\/\/szs.giuseppe-colonna.com\/ca\/?s={search_term_string}\"},\"query-input\":{\"@type\":\"PropertyValueSpecification\",\"valueRequired\":true,\"valueName\":\"search_term_string\"}}],\"inLanguage\":\"ca\"},{\"@type\":\"Organization\",\"@id\":\"https:\/\/szs.giuseppe-colonna.com\/ca\/#organization\",\"name\":\"Serielizados\",\"url\":\"https:\/\/szs.giuseppe-colonna.com\/ca\/\",\"logo\":{\"@type\":\"ImageObject\",\"inLanguage\":\"ca\",\"@id\":\"https:\/\/szs.giuseppe-colonna.com\/ca\/#\/schema\/logo\/image\/\",\"url\":\"http:\/\/szs.giuseppe-colonna.com\/wp-content\/uploads\/SZS_imatgedestacada-1.jpg\",\"contentUrl\":\"http:\/\/szs.giuseppe-colonna.com\/wp-content\/uploads\/SZS_imatgedestacada-1.jpg\",\"width\":1200,\"height\":720,\"caption\":\"Serielizados\"},\"image\":{\"@id\":\"https:\/\/szs.giuseppe-colonna.com\/ca\/#\/schema\/logo\/image\/\"},\"sameAs\":[\"https:\/\/www.facebook.com\/serielizados\/\",\"https:\/\/x.com\/serielizados\",\"https:\/\/www.instagram.com\/serielizadosmagazine\/\",\"https:\/\/es.linkedin.com\/in\/serielizados\",\"https:\/\/www.youtube.com\/serielizadosTV\"]}]}<\/script>\n<!-- \/ Yoast SEO plugin. -->","yoast_head_json":{"title":"Green to Screen | Serielizados","robots":{"index":"noindex","follow":"follow","max-snippet":"max-snippet:-1","max-image-preview":"max-image-preview:large","max-video-preview":"max-video-preview:-1"},"og_locale":"ca_ES","og_type":"article","og_title":"Green to Screen | Serielizados","og_description":"[vc_row full_width=&#8221;stretch_row_content&#8221;][vc_column width=&#8221;1\/6&#8243;][\/vc_column][vc_column width=&#8221;2\/3&#8243;][vc_custom_heading text=&#8221;Green to Screen&#8221; font_container=&#8221;tag:h1|font_size:78|text_align:left|color:%23009500&#8243; use_theme_fonts=&#8221;yes&#8221; css=&#8221;&#8221;][vc_empty_space][vc_column_text css=&#8221;&#8221;]En Serielizados nos gusta pensar que apostamos por la cultura como un bien com\u00fan y no como un producto de consumo. &nbsp; Por eso desde 2013, apostamos por un consumo responsable de series y tambi\u00e9n por un consumo responsable de nuestro planeta. &nbsp; Las series, [&hellip;]","og_url":"https:\/\/szs.giuseppe-colonna.com\/ca\/sostenibilidad\/","og_site_name":"Serielizados","article_publisher":"https:\/\/www.facebook.com\/serielizados\/","article_modified_time":"2025-05-14T08:52:16+00:00","og_image":[{"width":1200,"height":720,"url":"https:\/\/szs.giuseppe-colonna.com\/wp-content\/uploads\/SZS_imatgedestacada-1.jpg","type":"image\/jpeg"}],"twitter_card":"summary_large_image","twitter_site":"@serielizados","twitter_misc":{"Temps estimat de lectura":"5 minuts","Written by":"Serielizados"},"schema":{"@context":"https:\/\/schema.org","@graph":[{"@type":"WebPage","@id":"https:\/\/szs.giuseppe-colonna.com\/ca\/sostenibilidad\/","url":"https:\/\/szs.giuseppe-colonna.com\/ca\/sostenibilidad\/","name":"Green to Screen | Serielizados","isPartOf":{"@id":"https:\/\/szs.giuseppe-colonna.com\/ca\/#website"},"datePublished":"2025-03-18T11:52:23+00:00","dateModified":"2025-05-14T08:52:16+00:00","breadcrumb":{"@id":"https:\/\/szs.giuseppe-colonna.com\/ca\/sostenibilidad\/#breadcrumb"},"inLanguage":"ca","potentialAction":[{"@type":"ReadAction","target":["https:\/\/szs.giuseppe-colonna.com\/ca\/sostenibilidad\/"]}]},{"@type":"BreadcrumbList","@id":"https:\/\/szs.giuseppe-colonna.com\/ca\/sostenibilidad\/#breadcrumb","itemListElement":[{"@type":"ListItem","position":1,"name":"Portada","item":"https:\/\/szs.giuseppe-colonna.com\/ca\/"},{"@type":"ListItem","position":2,"name":"Green to Screen"}]},{"@type":"WebSite","@id":"https:\/\/szs.giuseppe-colonna.com\/ca\/#website","url":"https:\/\/szs.giuseppe-colonna.com\/ca\/","name":"Serielizados","description":"Revista y Festival Internacional de series","publisher":{"@id":"https:\/\/szs.giuseppe-colonna.com\/ca\/#organization"},"potentialAction":[{"@type":"SearchAction","target":{"@type":"EntryPoint","urlTemplate":"https:\/\/szs.giuseppe-colonna.com\/ca\/?s={search_term_string}"},"query-input":{"@type":"PropertyValueSpecification","valueRequired":true,"valueName":"search_term_string"}}],"inLanguage":"ca"},{"@type":"Organization","@id":"https:\/\/szs.giuseppe-colonna.com\/ca\/#organization","name":"Serielizados","url":"https:\/\/szs.giuseppe-colonna.com\/ca\/","logo":{"@type":"ImageObject","inLanguage":"ca","@id":"https:\/\/szs.giuseppe-colonna.com\/ca\/#\/schema\/logo\/image\/","url":"http:\/\/szs.giuseppe-colonna.com\/wp-content\/uploads\/SZS_imatgedestacada-1.jpg","contentUrl":"http:\/\/szs.giuseppe-colonna.com\/wp-content\/uploads\/SZS_imatgedestacada-1.jpg","width":1200,"height":720,"caption":"Serielizados"},"image":{"@id":"https:\/\/szs.giuseppe-colonna.com\/ca\/#\/schema\/logo\/image\/"},"sameAs":["https:\/\/www.facebook.com\/serielizados\/","https:\/\/x.com\/serielizados","https:\/\/www.instagram.com\/serielizadosmagazine\/","https:\/\/es.linkedin.com\/in\/serielizados","https:\/\/www.youtube.com\/serielizadosTV"]}]}},"_links":{"self":[{"href":"https:\/\/szs.giuseppe-colonna.com\/ca\/wp-json\/wp\/v2\/pages\/48578","targetHints":{"allow":["GET"]}}],"collection":[{"href":"https:\/\/szs.giuseppe-colonna.com\/ca\/wp-json\/wp\/v2\/pages"}],"about":[{"href":"https:\/\/szs.giuseppe-colonna.com\/ca\/wp-json\/wp\/v2\/types\/page"}],"author":[{"embeddable":true,"href":"https:\/\/szs.giuseppe-colonna.com\/ca\/wp-json\/wp\/v2\/users\/1"}],"replies":[{"embeddable":true,"href":"https:\/\/szs.giuseppe-colonna.com\/ca\/wp-json\/wp\/v2\/comments?post=48578"}],"version-history":[{"count":1,"href":"https:\/\/szs.giuseppe-colonna.com\/ca\/wp-json\/wp\/v2\/pages\/48578\/revisions"}],"predecessor-version":[{"id":50375,"href":"https:\/\/szs.giuseppe-colonna.com\/ca\/wp-json\/wp\/v2\/pages\/48578\/revisions\/50375"}],"wp:attachment":[{"href":"https:\/\/szs.giuseppe-colonna.com\/ca\/wp-json\/wp\/v2\/media?parent=48578"}],"wp:term":[{"taxonomy":"author","embeddable":true,"href":"https:\/\/szs.giuseppe-colonna.com\/ca\/wp-json\/wp\/v2\/coauthors?post=48578"}],"curies":[{"name":"wp","href":"https:\/\/api.w.org\/{rel}","templated":true}]}}