{"id":46597,"date":"2024-09-17T16:53:06","date_gmt":"2024-09-17T15:53:06","guid":{"rendered":"http:\/\/szs.giuseppe-colonna.com\/?page_id=46597"},"modified":"2024-09-19T14:39:59","modified_gmt":"2024-09-19T13:39:59","slug":"allotjaments-del-festival","status":"publish","type":"page","link":"https:\/\/szs.giuseppe-colonna.com\/ca\/allotjaments-del-festival\/","title":{"rendered":"Allotjaments del festival"},"content":{"rendered":"<h3><span style=\"color: #e84e1b;\"><a href=\"https:\/\/www.h10hotels.com\/es\" target=\"_blank\" rel=\"noopener\"><strong>H10 Hotels<\/strong><\/a> s\u00f3n un dels partners estrat\u00e8gics del Serielizados Fest. Una cadena d&#8217;hotels on hem tingut el plaer d&#8217;allotjar m\u00faltiples convidats internacionals.<\/span><\/h3>\n<p><strong><a href=\"https:\/\/www.h10hotels.com\/es\" target=\"_blank\" rel=\"noopener\">H10 Hotels<\/a> compta amb una consolidada pres\u00e8ncia a Barcelona amb un total de 15 establiments que es distingeixen pel seu interiorisme, la seva atenci\u00f3 als detalls i la seva privilegiada ubicaci\u00f3 en punts estrat\u00e8gics de la ciutat.<\/strong><\/p>\n<p>&nbsp;<\/p>\n<p>Tots els hotels tenen una gran personalitat: tant si busques unes vacances culturals com si prefereixes passar uns dies d&#8217;oci i relax, H10 s&#8217;encarrega que gaudis al m\u00e0xim de la teva estada. Els seus hotels en el centre de Barcelona compten amb f\u00e0cil acc\u00e9s als principals punts d&#8217;inter\u00e8s de la ciutat.<\/p>\n<p>&nbsp;<\/p>\n<p>Destaca el <a href=\"https:\/\/www.h10hotels.com\/es\/hoteles-barcelona\/h10-casa-mimosa\" target=\"_blank\" rel=\"noopener\"><strong>H10<\/strong> <strong>Casa Mimosa<\/strong><\/a>, un hotel amb molt d&#8217;encant que s&#8217;empla\u00e7a en un edifici modernista, en la mateixa poma que <strong>La Pedrera<\/strong>, amb unes vistes privilegiades a aquesta.<\/p>\n<div id=\"attachment_46528\" style=\"width: 2560px\" class=\"wp-caption alignnone\"><a href=\"https:\/\/www.h10hotels.com\/es\" rel=\"https:\/\/www.h10hotels.com\/es\"><img loading=\"lazy\" decoding=\"async\" aria-describedby=\"caption-attachment-46528\" class=\"wp-image-46528 size-full\" src=\"http:\/\/szs.giuseppe-colonna.com\/wp-content\/uploads\/H10-Casa-Mimosa-scaled.jpg\" alt=\"H10\" width=\"2560\" height=\"1920\" srcset=\"https:\/\/szs.giuseppe-colonna.com\/wp-content\/uploads\/H10-Casa-Mimosa-scaled.jpg 2560w, https:\/\/szs.giuseppe-colonna.com\/wp-content\/uploads\/H10-Casa-Mimosa-300x225.jpg 300w, https:\/\/szs.giuseppe-colonna.com\/wp-content\/uploads\/H10-Casa-Mimosa-1024x768.jpg 1024w, https:\/\/szs.giuseppe-colonna.com\/wp-content\/uploads\/H10-Casa-Mimosa-768x576.jpg 768w, https:\/\/szs.giuseppe-colonna.com\/wp-content\/uploads\/H10-Casa-Mimosa-1536x1152.jpg 1536w, https:\/\/szs.giuseppe-colonna.com\/wp-content\/uploads\/H10-Casa-Mimosa-2048x1536.jpg 2048w, https:\/\/szs.giuseppe-colonna.com\/wp-content\/uploads\/H10-Casa-Mimosa-500x375.jpg 500w, https:\/\/szs.giuseppe-colonna.com\/wp-content\/uploads\/H10-Casa-Mimosa-720x540.jpg 720w, https:\/\/szs.giuseppe-colonna.com\/wp-content\/uploads\/H10-Casa-Mimosa-1100x825.jpg 1100w\" sizes=\"auto, (max-width: 2560px) 100vw, 2560px\" \/><\/a><p id=\"caption-attachment-46528\" class=\"wp-caption-text\">Imatge del hotel H10 Casa Misosa.<\/p><\/div>\n<p>L&#8217;<a href=\"https:\/\/www.h10hotels.com\/es\/hoteles-barcelona\/h10-art-gallery\" target=\"_blank\" rel=\"noopener\"><strong>H10 Art Gallery<\/strong><\/a>, dedicat a l&#8217;art, compta amb obres originals i litografies de reconeguts artistes en els diferents espais de l&#8217;hotel.<\/p>\n<p>&nbsp;<\/p>\n<div id=\"attachment_46534\" style=\"width: 2560px\" class=\"wp-caption alignnone\"><a href=\"https:\/\/www.h10hotels.com\/es\" rel=\"https:\/\/www.h10hotels.com\/es\"><img loading=\"lazy\" decoding=\"async\" aria-describedby=\"caption-attachment-46534\" class=\"wp-image-46534 size-full\" src=\"http:\/\/szs.giuseppe-colonna.com\/wp-content\/uploads\/H10-Art-Gallery-scaled.jpg\" alt=\"\" width=\"2560\" height=\"1874\" srcset=\"https:\/\/szs.giuseppe-colonna.com\/wp-content\/uploads\/H10-Art-Gallery-scaled.jpg 2560w, https:\/\/szs.giuseppe-colonna.com\/wp-content\/uploads\/H10-Art-Gallery-300x220.jpg 300w, https:\/\/szs.giuseppe-colonna.com\/wp-content\/uploads\/H10-Art-Gallery-1024x750.jpg 1024w, https:\/\/szs.giuseppe-colonna.com\/wp-content\/uploads\/H10-Art-Gallery-768x562.jpg 768w, https:\/\/szs.giuseppe-colonna.com\/wp-content\/uploads\/H10-Art-Gallery-1536x1125.jpg 1536w, https:\/\/szs.giuseppe-colonna.com\/wp-content\/uploads\/H10-Art-Gallery-2048x1499.jpg 2048w, https:\/\/szs.giuseppe-colonna.com\/wp-content\/uploads\/H10-Art-Gallery-500x366.jpg 500w, https:\/\/szs.giuseppe-colonna.com\/wp-content\/uploads\/H10-Art-Gallery-720x527.jpg 720w, https:\/\/szs.giuseppe-colonna.com\/wp-content\/uploads\/H10-Art-Gallery-1100x805.jpg 1100w\" sizes=\"auto, (max-width: 2560px) 100vw, 2560px\" \/><\/a><p id=\"caption-attachment-46534\" class=\"wp-caption-text\">Imagen del lobby de l&#8217;H10 Art Gallery.<\/p><\/div>\n<p>El <a href=\"https:\/\/www.h10hotels.com\/es\/hoteles-barcelona\/h10-metropolitan\" target=\"_blank\" rel=\"noopener\"><strong>H10 Metropolitan<\/strong><\/a>, a escassos metres de Plaza Catalunya, \u00e9s perfecte per a gaudir de la ciutat. Tamb\u00e9 destaca <a href=\"https:\/\/www.h10hotels.com\/es\/hoteles-barcelona\/h10-casanova\" target=\"_blank\" rel=\"noopener\"><strong>H10 Casanova<\/strong><\/a>, acabat de reformar, se situa en ple Eixample barcelon\u00ed i el seu meravell\u00f3s rooftop amb vista a la ciutat \u00e9s perfecte per a uns c\u00f2ctels al vespre.<\/p>\n<p>&nbsp;<\/p>\n<p>&nbsp;<\/p>\n<div id=\"attachment_46531\" style=\"width: 2560px\" class=\"wp-caption alignnone\"><a href=\"https:\/\/www.h10hotels.com\/es\" rel=\"https:\/\/www.h10hotels.com\/es\"><img loading=\"lazy\" decoding=\"async\" aria-describedby=\"caption-attachment-46531\" class=\"wp-image-46531 size-full\" src=\"http:\/\/szs.giuseppe-colonna.com\/wp-content\/uploads\/H10-Casanova-scaled.jpg\" alt=\"\" width=\"2560\" height=\"1920\" srcset=\"https:\/\/szs.giuseppe-colonna.com\/wp-content\/uploads\/H10-Casanova-scaled.jpg 2560w, https:\/\/szs.giuseppe-colonna.com\/wp-content\/uploads\/H10-Casanova-300x225.jpg 300w, https:\/\/szs.giuseppe-colonna.com\/wp-content\/uploads\/H10-Casanova-1024x768.jpg 1024w, https:\/\/szs.giuseppe-colonna.com\/wp-content\/uploads\/H10-Casanova-768x576.jpg 768w, https:\/\/szs.giuseppe-colonna.com\/wp-content\/uploads\/H10-Casanova-1536x1152.jpg 1536w, https:\/\/szs.giuseppe-colonna.com\/wp-content\/uploads\/H10-Casanova-2048x1536.jpg 2048w, https:\/\/szs.giuseppe-colonna.com\/wp-content\/uploads\/H10-Casanova-500x375.jpg 500w, https:\/\/szs.giuseppe-colonna.com\/wp-content\/uploads\/H10-Casanova-720x540.jpg 720w, https:\/\/szs.giuseppe-colonna.com\/wp-content\/uploads\/H10-Casanova-1100x825.jpg 1100w\" sizes=\"auto, (max-width: 2560px) 100vw, 2560px\" \/><\/a><p id=\"caption-attachment-46531\" class=\"wp-caption-text\">Imatge de l&#8217;H10 Casanova.<\/p><\/div>\n","protected":false},"excerpt":{"rendered":"<p>H10 Hotels s\u00f3n un dels partners estrat\u00e8gics del Serielizados Fest. Una cadena d&#8217;hotels on hem tingut el plaer d&#8217;allotjar m\u00faltiples convidats internacionals. H10 Hotels compta amb una consolidada pres\u00e8ncia a Barcelona amb un total de 15 establiments que es distingeixen pel seu interiorisme, la seva atenci\u00f3 als detalls i la seva privilegiada ubicaci\u00f3 en punts [&hellip;]<\/p>\n","protected":false},"author":1,"featured_media":0,"parent":0,"menu_order":0,"comment_status":"closed","ping_status":"closed","template":"","meta":{"_acf_changed":false,"inline_featured_image":false,"footnotes":""},"coauthors":[3790],"class_list":["post-46597","page","type-page","status-publish","hentry"],"acf":[],"yoast_head":"<!-- This site is optimized with the Yoast SEO plugin v27.0 - https:\/\/yoast.com\/product\/yoast-seo-wordpress\/ -->\n<title>Allotjaments del festival | Serielizados<\/title>\n<meta name=\"robots\" content=\"noindex, follow, max-snippet:-1, max-image-preview:large, max-video-preview:-1\" \/>\n<meta property=\"og:locale\" content=\"ca_ES\" \/>\n<meta property=\"og:type\" content=\"article\" \/>\n<meta property=\"og:title\" content=\"Allotjaments del festival | Serielizados\" \/>\n<meta property=\"og:description\" content=\"H10 Hotels s\u00f3n un dels partners estrat\u00e8gics del Serielizados Fest. Una cadena d&#8217;hotels on hem tingut el plaer d&#8217;allotjar m\u00faltiples convidats internacionals. H10 Hotels compta amb una consolidada pres\u00e8ncia a Barcelona amb un total de 15 establiments que es distingeixen pel seu interiorisme, la seva atenci\u00f3 als detalls i la seva privilegiada ubicaci\u00f3 en punts [&hellip;]\" \/>\n<meta property=\"og:url\" content=\"https:\/\/szs.giuseppe-colonna.com\/ca\/allotjaments-del-festival\/\" \/>\n<meta property=\"og:site_name\" content=\"Serielizados\" \/>\n<meta property=\"article:publisher\" content=\"https:\/\/www.facebook.com\/serielizados\/\" \/>\n<meta property=\"article:modified_time\" content=\"2024-09-19T13:39:59+00:00\" \/>\n<meta property=\"og:image\" content=\"http:\/\/szs.giuseppe-colonna.com\/wp-content\/uploads\/H10-Casa-Mimosa-scaled.jpg\" \/>\n<meta name=\"twitter:card\" content=\"summary_large_image\" \/>\n<meta name=\"twitter:site\" content=\"@serielizados\" \/>\n<meta name=\"twitter:label1\" content=\"Temps estimat de lectura\" \/>\n\t<meta name=\"twitter:data1\" content=\"2 minuts\" \/>\n\t<meta name=\"twitter:label2\" content=\"Written by\" \/>\n\t<meta name=\"twitter:data2\" content=\"Serielizados\" \/>\n<script type=\"application\/ld+json\" class=\"yoast-schema-graph\">{\"@context\":\"https:\/\/schema.org\",\"@graph\":[{\"@type\":\"WebPage\",\"@id\":\"https:\/\/szs.giuseppe-colonna.com\/ca\/allotjaments-del-festival\/\",\"url\":\"https:\/\/szs.giuseppe-colonna.com\/ca\/allotjaments-del-festival\/\",\"name\":\"Allotjaments del festival | Serielizados\",\"isPartOf\":{\"@id\":\"https:\/\/szs.giuseppe-colonna.com\/ca\/#website\"},\"primaryImageOfPage\":{\"@id\":\"https:\/\/szs.giuseppe-colonna.com\/ca\/allotjaments-del-festival\/#primaryimage\"},\"image\":{\"@id\":\"https:\/\/szs.giuseppe-colonna.com\/ca\/allotjaments-del-festival\/#primaryimage\"},\"thumbnailUrl\":\"http:\/\/szs.giuseppe-colonna.com\/wp-content\/uploads\/H10-Casa-Mimosa-scaled.jpg\",\"datePublished\":\"2024-09-17T15:53:06+00:00\",\"dateModified\":\"2024-09-19T13:39:59+00:00\",\"breadcrumb\":{\"@id\":\"https:\/\/szs.giuseppe-colonna.com\/ca\/allotjaments-del-festival\/#breadcrumb\"},\"inLanguage\":\"ca\",\"potentialAction\":[{\"@type\":\"ReadAction\",\"target\":[\"https:\/\/szs.giuseppe-colonna.com\/ca\/allotjaments-del-festival\/\"]}]},{\"@type\":\"ImageObject\",\"inLanguage\":\"ca\",\"@id\":\"https:\/\/szs.giuseppe-colonna.com\/ca\/allotjaments-del-festival\/#primaryimage\",\"url\":\"http:\/\/szs.giuseppe-colonna.com\/wp-content\/uploads\/H10-Casa-Mimosa-scaled.jpg\",\"contentUrl\":\"http:\/\/szs.giuseppe-colonna.com\/wp-content\/uploads\/H10-Casa-Mimosa-scaled.jpg\"},{\"@type\":\"BreadcrumbList\",\"@id\":\"https:\/\/szs.giuseppe-colonna.com\/ca\/allotjaments-del-festival\/#breadcrumb\",\"itemListElement\":[{\"@type\":\"ListItem\",\"position\":1,\"name\":\"Portada\",\"item\":\"https:\/\/szs.giuseppe-colonna.com\/ca\/\"},{\"@type\":\"ListItem\",\"position\":2,\"name\":\"Allotjaments del festival\"}]},{\"@type\":\"WebSite\",\"@id\":\"https:\/\/szs.giuseppe-colonna.com\/ca\/#website\",\"url\":\"https:\/\/szs.giuseppe-colonna.com\/ca\/\",\"name\":\"Serielizados\",\"description\":\"Revista y Festival Internacional de series\",\"publisher\":{\"@id\":\"https:\/\/szs.giuseppe-colonna.com\/ca\/#organization\"},\"potentialAction\":[{\"@type\":\"SearchAction\",\"target\":{\"@type\":\"EntryPoint\",\"urlTemplate\":\"https:\/\/szs.giuseppe-colonna.com\/ca\/?s={search_term_string}\"},\"query-input\":{\"@type\":\"PropertyValueSpecification\",\"valueRequired\":true,\"valueName\":\"search_term_string\"}}],\"inLanguage\":\"ca\"},{\"@type\":\"Organization\",\"@id\":\"https:\/\/szs.giuseppe-colonna.com\/ca\/#organization\",\"name\":\"Serielizados\",\"url\":\"https:\/\/szs.giuseppe-colonna.com\/ca\/\",\"logo\":{\"@type\":\"ImageObject\",\"inLanguage\":\"ca\",\"@id\":\"https:\/\/szs.giuseppe-colonna.com\/ca\/#\/schema\/logo\/image\/\",\"url\":\"http:\/\/szs.giuseppe-colonna.com\/wp-content\/uploads\/SZS_imatgedestacada-1.jpg\",\"contentUrl\":\"http:\/\/szs.giuseppe-colonna.com\/wp-content\/uploads\/SZS_imatgedestacada-1.jpg\",\"width\":1200,\"height\":720,\"caption\":\"Serielizados\"},\"image\":{\"@id\":\"https:\/\/szs.giuseppe-colonna.com\/ca\/#\/schema\/logo\/image\/\"},\"sameAs\":[\"https:\/\/www.facebook.com\/serielizados\/\",\"https:\/\/x.com\/serielizados\",\"https:\/\/www.instagram.com\/serielizadosmagazine\/\",\"https:\/\/es.linkedin.com\/in\/serielizados\",\"https:\/\/www.youtube.com\/serielizadosTV\"]}]}<\/script>\n<!-- \/ Yoast SEO plugin. -->","yoast_head_json":{"title":"Allotjaments del festival | Serielizados","robots":{"index":"noindex","follow":"follow","max-snippet":"max-snippet:-1","max-image-preview":"max-image-preview:large","max-video-preview":"max-video-preview:-1"},"og_locale":"ca_ES","og_type":"article","og_title":"Allotjaments del festival | Serielizados","og_description":"H10 Hotels s\u00f3n un dels partners estrat\u00e8gics del Serielizados Fest. Una cadena d&#8217;hotels on hem tingut el plaer d&#8217;allotjar m\u00faltiples convidats internacionals. H10 Hotels compta amb una consolidada pres\u00e8ncia a Barcelona amb un total de 15 establiments que es distingeixen pel seu interiorisme, la seva atenci\u00f3 als detalls i la seva privilegiada ubicaci\u00f3 en punts [&hellip;]","og_url":"https:\/\/szs.giuseppe-colonna.com\/ca\/allotjaments-del-festival\/","og_site_name":"Serielizados","article_publisher":"https:\/\/www.facebook.com\/serielizados\/","article_modified_time":"2024-09-19T13:39:59+00:00","og_image":[{"url":"http:\/\/szs.giuseppe-colonna.com\/wp-content\/uploads\/H10-Casa-Mimosa-scaled.jpg","type":"","width":"","height":""}],"twitter_card":"summary_large_image","twitter_site":"@serielizados","twitter_misc":{"Temps estimat de lectura":"2 minuts","Written by":"Serielizados"},"schema":{"@context":"https:\/\/schema.org","@graph":[{"@type":"WebPage","@id":"https:\/\/szs.giuseppe-colonna.com\/ca\/allotjaments-del-festival\/","url":"https:\/\/szs.giuseppe-colonna.com\/ca\/allotjaments-del-festival\/","name":"Allotjaments del festival | Serielizados","isPartOf":{"@id":"https:\/\/szs.giuseppe-colonna.com\/ca\/#website"},"primaryImageOfPage":{"@id":"https:\/\/szs.giuseppe-colonna.com\/ca\/allotjaments-del-festival\/#primaryimage"},"image":{"@id":"https:\/\/szs.giuseppe-colonna.com\/ca\/allotjaments-del-festival\/#primaryimage"},"thumbnailUrl":"http:\/\/szs.giuseppe-colonna.com\/wp-content\/uploads\/H10-Casa-Mimosa-scaled.jpg","datePublished":"2024-09-17T15:53:06+00:00","dateModified":"2024-09-19T13:39:59+00:00","breadcrumb":{"@id":"https:\/\/szs.giuseppe-colonna.com\/ca\/allotjaments-del-festival\/#breadcrumb"},"inLanguage":"ca","potentialAction":[{"@type":"ReadAction","target":["https:\/\/szs.giuseppe-colonna.com\/ca\/allotjaments-del-festival\/"]}]},{"@type":"ImageObject","inLanguage":"ca","@id":"https:\/\/szs.giuseppe-colonna.com\/ca\/allotjaments-del-festival\/#primaryimage","url":"http:\/\/szs.giuseppe-colonna.com\/wp-content\/uploads\/H10-Casa-Mimosa-scaled.jpg","contentUrl":"http:\/\/szs.giuseppe-colonna.com\/wp-content\/uploads\/H10-Casa-Mimosa-scaled.jpg"},{"@type":"BreadcrumbList","@id":"https:\/\/szs.giuseppe-colonna.com\/ca\/allotjaments-del-festival\/#breadcrumb","itemListElement":[{"@type":"ListItem","position":1,"name":"Portada","item":"https:\/\/szs.giuseppe-colonna.com\/ca\/"},{"@type":"ListItem","position":2,"name":"Allotjaments del festival"}]},{"@type":"WebSite","@id":"https:\/\/szs.giuseppe-colonna.com\/ca\/#website","url":"https:\/\/szs.giuseppe-colonna.com\/ca\/","name":"Serielizados","description":"Revista y Festival Internacional de series","publisher":{"@id":"https:\/\/szs.giuseppe-colonna.com\/ca\/#organization"},"potentialAction":[{"@type":"SearchAction","target":{"@type":"EntryPoint","urlTemplate":"https:\/\/szs.giuseppe-colonna.com\/ca\/?s={search_term_string}"},"query-input":{"@type":"PropertyValueSpecification","valueRequired":true,"valueName":"search_term_string"}}],"inLanguage":"ca"},{"@type":"Organization","@id":"https:\/\/szs.giuseppe-colonna.com\/ca\/#organization","name":"Serielizados","url":"https:\/\/szs.giuseppe-colonna.com\/ca\/","logo":{"@type":"ImageObject","inLanguage":"ca","@id":"https:\/\/szs.giuseppe-colonna.com\/ca\/#\/schema\/logo\/image\/","url":"http:\/\/szs.giuseppe-colonna.com\/wp-content\/uploads\/SZS_imatgedestacada-1.jpg","contentUrl":"http:\/\/szs.giuseppe-colonna.com\/wp-content\/uploads\/SZS_imatgedestacada-1.jpg","width":1200,"height":720,"caption":"Serielizados"},"image":{"@id":"https:\/\/szs.giuseppe-colonna.com\/ca\/#\/schema\/logo\/image\/"},"sameAs":["https:\/\/www.facebook.com\/serielizados\/","https:\/\/x.com\/serielizados","https:\/\/www.instagram.com\/serielizadosmagazine\/","https:\/\/es.linkedin.com\/in\/serielizados","https:\/\/www.youtube.com\/serielizadosTV"]}]}},"_links":{"self":[{"href":"https:\/\/szs.giuseppe-colonna.com\/ca\/wp-json\/wp\/v2\/pages\/46597","targetHints":{"allow":["GET"]}}],"collection":[{"href":"https:\/\/szs.giuseppe-colonna.com\/ca\/wp-json\/wp\/v2\/pages"}],"about":[{"href":"https:\/\/szs.giuseppe-colonna.com\/ca\/wp-json\/wp\/v2\/types\/page"}],"author":[{"embeddable":true,"href":"https:\/\/szs.giuseppe-colonna.com\/ca\/wp-json\/wp\/v2\/users\/1"}],"replies":[{"embeddable":true,"href":"https:\/\/szs.giuseppe-colonna.com\/ca\/wp-json\/wp\/v2\/comments?post=46597"}],"version-history":[{"count":0,"href":"https:\/\/szs.giuseppe-colonna.com\/ca\/wp-json\/wp\/v2\/pages\/46597\/revisions"}],"wp:attachment":[{"href":"https:\/\/szs.giuseppe-colonna.com\/ca\/wp-json\/wp\/v2\/media?parent=46597"}],"wp:term":[{"taxonomy":"author","embeddable":true,"href":"https:\/\/szs.giuseppe-colonna.com\/ca\/wp-json\/wp\/v2\/coauthors?post=46597"}],"curies":[{"name":"wp","href":"https:\/\/api.w.org\/{rel}","templated":true}]}}