{"id":41314,"date":"2023-06-28T10:01:03","date_gmt":"2023-06-28T09:01:03","guid":{"rendered":"http:\/\/szs.giuseppe-colonna.com\/?page_id=41314"},"modified":"2024-02-20T19:15:24","modified_gmt":"2024-02-20T18:15:24","slug":"serielizados-qui-som","status":"publish","type":"page","link":"https:\/\/szs.giuseppe-colonna.com\/ca\/serielizados-qui-som\/","title":{"rendered":"Qui som"},"content":{"rendered":"<div class=\"wpb-content-wrapper\"><p>[vc_row][vc_column][vc_column_text]<strong>Qu\u00e9 \u00e9s SERIELIZADOS?<\/strong><\/p>\n<p>&nbsp;<\/p>\n<p>Revista online, festival internacional, certamen de jove talent, laboratori de creaci\u00f3, podcasts&#8230; Un projecte cultural nascut a Barcelona el 2013 amb l&#8217;objectiu d&#8217;elevar les s\u00e8ries de televisi\u00f3 a la categoria d&#8217;alta cultura.<\/p>\n<p>&nbsp;<\/p>\n<p>Amb 10 anys acabats de fer, SERIALIZADOS s&#8217;ha convertit en un segell de refer\u00e8ncia tant en l&#8217;an\u00e0lisi com en la divulgaci\u00f3 i promoci\u00f3 de les hist\u00f2ries i els creadors\/es m\u00e9s importants de la ficci\u00f3 seriada.<\/p>\n<p>&nbsp;<\/p>\n<p><strong><br \/>\nEncara no ens coneixes? Aquest \u00e9s el nostre equip, retratat per la c\u00e0mera <\/strong><a href=\"https:\/\/xtbphotography.com\/\" target=\"_blank\" rel=\"noopener\">del mite <strong>Xavier Torres-Bacchetta<\/strong><\/a> i el nostre <em>fotomat\u00f3n<\/em> amb les 3 s\u00e8ries preferides de la vida.[\/vc_column_text][vc_empty_space][vc_single_image image=&#8221;41126&#8243; img_size=&#8221;full&#8221;][vc_empty_space][vc_column_text]<\/p>\n<h3 style=\"text-align: center;\"><span style=\"color: #e84e1b;\">Coneix-nos!<\/span><\/h3>\n<p>[\/vc_column_text][\/vc_column][\/vc_row][vc_row gap=&#8221;20&#8243;][vc_column width=&#8221;1\/2&#8243;][vc_row_inner][vc_column_inner el_class=&#8221;szs_hover_img_container&#8221; css=&#8221;.vc_custom_1702387159988{margin-top: 0px !important;margin-right: 0px !important;margin-bottom: 0px !important;margin-left: 0px !important;padding-top: 0px !important;padding-right: 0px !important;padding-bottom: 0px !important;padding-left: 0px !important;background-color: #f8b133 !important;}&#8221;][vc_single_image image=&#8221;41111&#8243; img_size=&#8221;full&#8221; el_class=&#8221;szs_hover_img&#8221; css=&#8221;.vc_custom_1702386498093{margin-bottom: 0px !important;}&#8221;][vc_column_text el_class=&#8221;szs_hover_img_text_01&#8243;]<\/p>\n<pre style=\"text-align: center;\"><strong>betu[at]serielizdos.com<\/strong><\/pre>\n<p>[\/vc_column_text][\/vc_column_inner][\/vc_row_inner][vc_column_text]<\/p>\n<h3 style=\"text-align: center;\"><span style=\"color: #e84e1b;\">BETU MART\u00cdNEZ<\/span><\/h3>\n<h4 style=\"text-align: center;\">Founder,<br \/>\nCo-direcci\u00f3, Programaci\u00f3, Comunicaci\u00f3<\/h4>\n<p>[\/vc_column_text][\/vc_column][vc_column width=&#8221;1\/2&#8243;][vc_row_inner][vc_column_inner el_class=&#8221;szs_hover_img_container&#8221; css=&#8221;.vc_custom_1702387167190{margin-top: 0px !important;margin-right: 0px !important;margin-bottom: 0px !important;margin-left: 0px !important;padding-top: 0px !important;padding-right: 0px !important;padding-bottom: 0px !important;padding-left: 0px !important;background-color: #f8b133 !important;}&#8221;][vc_single_image image=&#8221;40347&#8243; img_size=&#8221;full&#8221; el_class=&#8221;szs_hover_img&#8221; css=&#8221;.vc_custom_1702386509875{margin-bottom: 0px !important;}&#8221;][vc_column_text el_class=&#8221;szs_hover_img_text_01&#8243;]<\/p>\n<pre style=\"text-align: center;\"><strong>victor[at]<\/strong><strong>szs.giuseppe-colonna.com<\/strong><\/pre>\n<p>[\/vc_column_text][\/vc_column_inner][\/vc_row_inner][vc_column_text]<\/p>\n<h3 style=\"text-align: center;\"><span style=\"color: #e84e1b;\">V\u00cdCTOR SALA<\/span><\/h3>\n<h4 style=\"text-align: center;\">Founder,<br \/>\nCo-direcci\u00f3, Programaci\u00f3, Industry<span class=\"c-message__edited_label\" dir=\"ltr\" data-sk=\"tooltip_parent\">\u00a0<\/span><\/h4>\n<p>[\/vc_column_text][\/vc_column][\/vc_row][vc_row gap=&#8221;20&#8243;][vc_column width=&#8221;1\/2&#8243;][vc_row_inner][vc_column_inner el_class=&#8221;szs_hover_img_container&#8221; css=&#8221;.vc_custom_1702387198093{margin-top: 0px !important;margin-right: 0px !important;margin-bottom: 0px !important;margin-left: 0px !important;padding-top: 0px !important;padding-right: 0px !important;padding-bottom: 0px !important;padding-left: 0px !important;background-color: #f8b133 !important;}&#8221;][vc_single_image image=&#8221;41120&#8243; img_size=&#8221;full&#8221; el_class=&#8221;szs_hover_img&#8221; css=&#8221;.vc_custom_1702386655827{margin-bottom: 0px !important;}&#8221;][vc_column_text el_class=&#8221;szs_hover_img_text_01&#8243;]<\/p>\n<pre style=\"text-align: center;\"><strong>perello[at]szs.giuseppe-colonna.com<\/strong><\/pre>\n<p>[\/vc_column_text][\/vc_column_inner][\/vc_row_inner][vc_column_text]<\/p>\n<h3 style=\"text-align: center;\"><strong><span style=\"color: #e84e1b;\">CARLES PERELL\u00d3<\/span><\/strong><\/h3>\n<h4 style=\"text-align: center;\">Subdirecci\u00f3, Formats, Coordinaci\u00f3 SZS FEST MAD<\/h4>\n<p>[\/vc_column_text][\/vc_column][vc_column width=&#8221;1\/2&#8243;][vc_row_inner][vc_column_inner el_class=&#8221;szs_hover_img_container&#8221; css=&#8221;.vc_custom_1702387204945{margin-top: 0px !important;margin-right: 0px !important;margin-bottom: 0px !important;margin-left: 0px !important;padding-top: 0px !important;padding-right: 0px !important;padding-bottom: 0px !important;padding-left: 0px !important;background-color: #f8b133 !important;}&#8221;][vc_single_image image=&#8221;41132&#8243; img_size=&#8221;full&#8221; el_class=&#8221;szs_hover_img&#8221; css=&#8221;.vc_custom_1702386700124{margin-bottom: 0px !important;}&#8221;][vc_column_text el_class=&#8221;szs_hover_img_text_01&#8243;]<\/p>\n<pre style=\"text-align: center;\"><strong>mserrano[at]szs.giuseppe-colonna.com<\/strong><\/pre>\n<p>[\/vc_column_text][\/vc_column_inner][\/vc_row_inner][vc_column_text]<\/p>\n<h3 style=\"text-align: center;\"><span style=\"color: #e84e1b;\">MARTA SERRANO<\/span><\/h3>\n<h4><\/h4>\n<p>&nbsp;<\/p>\n<h4 style=\"text-align: center;\">Coordinaci\u00f3 SZS FEST BCN, Producci\u00f3, Admin<\/h4>\n<p>[\/vc_column_text][\/vc_column][\/vc_row][vc_row gap=&#8221;20&#8243;][vc_column width=&#8221;1\/2&#8243;][vc_row_inner][vc_column_inner el_class=&#8221;szs_hover_img_container&#8221; css=&#8221;.vc_custom_1702387213708{margin-top: 0px !important;margin-right: 0px !important;margin-bottom: 0px !important;margin-left: 0px !important;padding-top: 0px !important;padding-right: 0px !important;padding-bottom: 0px !important;padding-left: 0px !important;background-color: #f8b133 !important;}&#8221;][vc_single_image image=&#8221;41129&#8243; img_size=&#8221;full&#8221; el_class=&#8221;szs_hover_img&#8221; css=&#8221;.vc_custom_1702386883770{margin-bottom: 0px !important;}&#8221;][vc_column_text el_class=&#8221;szs_hover_img_text_01&#8243;]<\/p>\n<pre style=\"text-align: center;\"><strong>agnes[at]szsfest.com<\/strong><\/pre>\n<p>[\/vc_column_text][\/vc_column_inner][\/vc_row_inner][vc_column_text]<\/p>\n<h3 style=\"text-align: center;\"><span style=\"color: #e84e1b;\">AGN\u00c8S BES<\/span><\/h3>\n<h4 style=\"text-align: center;\">Coordinaci\u00f3 SZS KICK, Producci\u00f3, Sostenibilitat<\/h4>\n<p>[\/vc_column_text][\/vc_column][vc_column width=&#8221;1\/2&#8243;][vc_row_inner][vc_column_inner el_class=&#8221;szs_hover_img_container&#8221; css=&#8221;.vc_custom_1702387222852{margin-top: 0px !important;margin-right: 0px !important;margin-bottom: 0px !important;margin-left: 0px !important;padding-top: 0px !important;padding-right: 0px !important;padding-bottom: 0px !important;padding-left: 0px !important;background-color: #f8b133 !important;}&#8221;][vc_single_image image=&#8221;41135&#8243; img_size=&#8221;full&#8221; el_class=&#8221;szs_hover_img&#8221; css=&#8221;.vc_custom_1702386875671{margin-bottom: 0px !important;}&#8221;][vc_column_text el_class=&#8221;szs_hover_img_text_01&#8243;]<\/p>\n<pre style=\"text-align: center;\"><strong>guillem[at]szsfest.com<\/strong><\/pre>\n<p>[\/vc_column_text][\/vc_column_inner][\/vc_row_inner][vc_column_text]<\/p>\n<h3 style=\"text-align: center;\"><span style=\"color: #e84e1b;\">GUILLEM F. MAR\u00cd<\/span><\/h3>\n<h4 style=\"text-align: center;\">Edici\u00f3 MAGAZINE, Coordinaci\u00f3 SZS FEST ONLINE<\/h4>\n<p>[\/vc_column_text][\/vc_column][\/vc_row][vc_row gap=&#8221;20&#8243;][vc_column width=&#8221;1\/2&#8243;][vc_row_inner][vc_column_inner el_class=&#8221;szs_hover_img_container&#8221; css=&#8221;.vc_custom_1702387230921{margin-top: 0px !important;margin-right: 0px !important;margin-bottom: 0px !important;margin-left: 0px !important;padding-top: 0px !important;padding-right: 0px !important;padding-bottom: 0px !important;padding-left: 0px !important;background-color: #f8b133 !important;}&#8221;][vc_single_image image=&#8221;41114&#8243; img_size=&#8221;full&#8221; el_class=&#8221;szs_hover_img&#8221; css=&#8221;.vc_custom_1702386934072{margin-bottom: 0px !important;}&#8221;][vc_column_text el_class=&#8221;szs_hover_img_text_01&#8243;]<\/p>\n<pre style=\"text-align: center;\"><strong>fede[at]szs.giuseppe-colonna.com<\/strong><\/pre>\n<p>[\/vc_column_text][\/vc_column_inner][\/vc_row_inner][vc_column_text]<\/p>\n<h3 style=\"text-align: center;\"><span style=\"color: #e84e1b;\">FEDE SERRAMALERA<\/span><\/h3>\n<h4 style=\"text-align: center;\">Disseny gr\u00e0fic i audiovisual<\/h4>\n<p>[\/vc_column_text][\/vc_column][vc_column width=&#8221;1\/2&#8243;][vc_row_inner][vc_column_inner el_class=&#8221;szs_hover_img_container&#8221; css=&#8221;.vc_custom_1702387238344{margin-top: 0px !important;margin-right: 0px !important;margin-bottom: 0px !important;margin-left: 0px !important;padding-top: 0px !important;padding-right: 0px !important;padding-bottom: 0px !important;padding-left: 0px !important;background-color: #f8b133 !important;}&#8221;][vc_single_image image=&#8221;41117&#8243; img_size=&#8221;full&#8221; el_class=&#8221;szs_hover_img&#8221; css=&#8221;.vc_custom_1702386941865{margin-bottom: 0px !important;}&#8221;][vc_column_text el_class=&#8221;szs_hover_img_text_01&#8243;]<\/p>\n<pre style=\"text-align: center;\"><strong>alba[at]szs.giuseppe-colonna.com<\/strong><\/pre>\n<p>[\/vc_column_text][\/vc_column_inner][\/vc_row_inner][vc_column_text]<\/p>\n<h3 style=\"text-align: center;\"><span style=\"color: #e84e1b;\">ALBA PASCUAL<\/span><\/h3>\n<h4><\/h4>\n<p>&nbsp;<\/p>\n<h4 style=\"text-align: center;\">Redacci\u00f3 MAGAZINE i Producci\u00f3 PODCAST<\/h4>\n<p>[\/vc_column_text][\/vc_column][\/vc_row][vc_row gap=&#8221;20&#8243;][vc_column width=&#8221;1\/2&#8243;][vc_row_inner][vc_column_inner el_class=&#8221;szs_hover_img_container&#8221; css=&#8221;.vc_custom_1702387248830{margin-top: 0px !important;margin-right: 0px !important;margin-bottom: 0px !important;margin-left: 0px !important;padding-top: 0px !important;padding-right: 0px !important;padding-bottom: 0px !important;padding-left: 0px !important;background-color: #f8b133 !important;}&#8221;][vc_single_image image=&#8221;41123&#8243; img_size=&#8221;full&#8221; el_class=&#8221;szs_hover_img&#8221; css=&#8221;.vc_custom_1702386971320{margin-bottom: 0px !important;}&#8221;][vc_column_text el_class=&#8221;szs_hover_img_text_01&#8243;]<\/p>\n<pre style=\"text-align: center;\"><strong>cerrudo[at]szs.giuseppe-colonna.com<\/strong><\/pre>\n<p>[\/vc_column_text][\/vc_column_inner][\/vc_row_inner][vc_column_text]<\/p>\n<h3 style=\"text-align: center;\"><span style=\"color: #e84e1b;\">MARC CERRUDO<\/span><\/h3>\n<h4 style=\"text-align: center;\">Community Manager<\/h4>\n<p>[\/vc_column_text][\/vc_column][vc_column width=&#8221;1\/2&#8243;][vc_row_inner][vc_column_inner el_class=&#8221;szs_hover_img_container&#8221; css=&#8221;.vc_custom_1702387256099{margin-top: 0px !important;margin-right: 0px !important;margin-bottom: 0px !important;margin-left: 0px !important;padding-top: 0px !important;padding-right: 0px !important;padding-bottom: 0px !important;padding-left: 0px !important;background-color: #f8b133 !important;}&#8221;][vc_single_image image=&#8221;41108&#8243; img_size=&#8221;full&#8221; el_class=&#8221;szs_hover_img&#8221; css=&#8221;.vc_custom_1702386998961{margin-bottom: 0px !important;}&#8221;][vc_column_text el_class=&#8221;szs_hover_img_text_01&#8243;]<\/p>\n<pre style=\"text-align: center;\"><strong>olaya[at]szs.giuseppe-colonna.com<\/strong><\/pre>\n<p>[\/vc_column_text][\/vc_column_inner][\/vc_row_inner][vc_column_text]<\/p>\n<h3 style=\"text-align: center;\"><span style=\"color: #e84e1b;\">ALBERT OLAYA<\/span><\/h3>\n<h4 style=\"text-align: center;\">Estrat\u00e8gia contingut digital, edici\u00f3 PODCAST<\/h4>\n<p>[\/vc_column_text][\/vc_column][\/vc_row]<\/p>\n<\/div>","protected":false},"excerpt":{"rendered":"<p>[vc_row][vc_column][vc_column_text]Qu\u00e9 \u00e9s SERIELIZADOS? &nbsp; Revista online, festival internacional, certamen de jove talent, laboratori de creaci\u00f3, podcasts&#8230; Un projecte cultural nascut a Barcelona el 2013 amb l&#8217;objectiu d&#8217;elevar les s\u00e8ries de televisi\u00f3 a la categoria d&#8217;alta cultura. &nbsp; Amb 10 anys acabats de fer, SERIALIZADOS s&#8217;ha convertit en un segell de refer\u00e8ncia tant en l&#8217;an\u00e0lisi com [&hellip;]<\/p>\n","protected":false},"author":1,"featured_media":41127,"parent":0,"menu_order":0,"comment_status":"closed","ping_status":"closed","template":"","meta":{"_acf_changed":false,"inline_featured_image":false,"footnotes":""},"coauthors":[3790],"class_list":["post-41314","page","type-page","status-publish","has-post-thumbnail","hentry"],"acf":[],"yoast_head":"<!-- This site is optimized with the Yoast SEO plugin v27.0 - https:\/\/yoast.com\/product\/yoast-seo-wordpress\/ -->\n<title>Serielizados: Qui som<\/title>\n<meta name=\"robots\" content=\"noindex, follow, max-snippet:-1, max-image-preview:large, max-video-preview:-1\" \/>\n<meta property=\"og:locale\" content=\"ca_ES\" \/>\n<meta property=\"og:type\" content=\"article\" \/>\n<meta property=\"og:title\" content=\"Serielizados: Qui som\" \/>\n<meta property=\"og:description\" content=\"[vc_row][vc_column][vc_column_text]Qu\u00e9 \u00e9s SERIELIZADOS? &nbsp; Revista online, festival internacional, certamen de jove talent, laboratori de creaci\u00f3, podcasts&#8230; Un projecte cultural nascut a Barcelona el 2013 amb l&#8217;objectiu d&#8217;elevar les s\u00e8ries de televisi\u00f3 a la categoria d&#8217;alta cultura. &nbsp; Amb 10 anys acabats de fer, SERIALIZADOS s&#8217;ha convertit en un segell de refer\u00e8ncia tant en l&#8217;an\u00e0lisi com [&hellip;]\" \/>\n<meta property=\"og:url\" content=\"https:\/\/szs.giuseppe-colonna.com\/ca\/serielizados-qui-som\/\" \/>\n<meta property=\"og:site_name\" content=\"Serielizados\" \/>\n<meta property=\"article:publisher\" content=\"https:\/\/www.facebook.com\/serielizados\/\" \/>\n<meta property=\"article:modified_time\" content=\"2024-02-20T18:15:24+00:00\" \/>\n<meta property=\"og:image\" content=\"https:\/\/szs.giuseppe-colonna.com\/wp-content\/uploads\/Equip-Serielizados-2.jpg\" \/>\n\t<meta property=\"og:image:width\" content=\"1920\" \/>\n\t<meta property=\"og:image:height\" content=\"1280\" \/>\n\t<meta property=\"og:image:type\" content=\"image\/jpeg\" \/>\n<meta name=\"twitter:card\" content=\"summary_large_image\" \/>\n<meta name=\"twitter:site\" content=\"@serielizados\" \/>\n<meta name=\"twitter:label1\" content=\"Temps estimat de lectura\" \/>\n\t<meta name=\"twitter:data1\" content=\"3 minuts\" \/>\n\t<meta name=\"twitter:label2\" content=\"Written by\" \/>\n\t<meta name=\"twitter:data2\" content=\"Serielizados\" \/>\n<script type=\"application\/ld+json\" class=\"yoast-schema-graph\">{\"@context\":\"https:\/\/schema.org\",\"@graph\":[{\"@type\":\"WebPage\",\"@id\":\"https:\/\/szs.giuseppe-colonna.com\/ca\/serielizados-qui-som\/\",\"url\":\"https:\/\/szs.giuseppe-colonna.com\/ca\/serielizados-qui-som\/\",\"name\":\"Serielizados: Qui som\",\"isPartOf\":{\"@id\":\"https:\/\/szs.giuseppe-colonna.com\/ca\/#website\"},\"primaryImageOfPage\":{\"@id\":\"https:\/\/szs.giuseppe-colonna.com\/ca\/serielizados-qui-som\/#primaryimage\"},\"image\":{\"@id\":\"https:\/\/szs.giuseppe-colonna.com\/ca\/serielizados-qui-som\/#primaryimage\"},\"thumbnailUrl\":\"https:\/\/szs.giuseppe-colonna.com\/wp-content\/uploads\/Equip-Serielizados-2.jpg\",\"datePublished\":\"2023-06-28T09:01:03+00:00\",\"dateModified\":\"2024-02-20T18:15:24+00:00\",\"breadcrumb\":{\"@id\":\"https:\/\/szs.giuseppe-colonna.com\/ca\/serielizados-qui-som\/#breadcrumb\"},\"inLanguage\":\"ca\",\"potentialAction\":[{\"@type\":\"ReadAction\",\"target\":[\"https:\/\/szs.giuseppe-colonna.com\/ca\/serielizados-qui-som\/\"]}]},{\"@type\":\"ImageObject\",\"inLanguage\":\"ca\",\"@id\":\"https:\/\/szs.giuseppe-colonna.com\/ca\/serielizados-qui-som\/#primaryimage\",\"url\":\"https:\/\/szs.giuseppe-colonna.com\/wp-content\/uploads\/Equip-Serielizados-2.jpg\",\"contentUrl\":\"https:\/\/szs.giuseppe-colonna.com\/wp-content\/uploads\/Equip-Serielizados-2.jpg\",\"width\":1920,\"height\":1280,\"caption\":\"Retrat de l\u2019equip de Serielizados.\"},{\"@type\":\"BreadcrumbList\",\"@id\":\"https:\/\/szs.giuseppe-colonna.com\/ca\/serielizados-qui-som\/#breadcrumb\",\"itemListElement\":[{\"@type\":\"ListItem\",\"position\":1,\"name\":\"Portada\",\"item\":\"https:\/\/szs.giuseppe-colonna.com\/ca\/\"},{\"@type\":\"ListItem\",\"position\":2,\"name\":\"Qui som\"}]},{\"@type\":\"WebSite\",\"@id\":\"https:\/\/szs.giuseppe-colonna.com\/ca\/#website\",\"url\":\"https:\/\/szs.giuseppe-colonna.com\/ca\/\",\"name\":\"Serielizados\",\"description\":\"Revista y Festival Internacional de series\",\"publisher\":{\"@id\":\"https:\/\/szs.giuseppe-colonna.com\/ca\/#organization\"},\"potentialAction\":[{\"@type\":\"SearchAction\",\"target\":{\"@type\":\"EntryPoint\",\"urlTemplate\":\"https:\/\/szs.giuseppe-colonna.com\/ca\/?s={search_term_string}\"},\"query-input\":{\"@type\":\"PropertyValueSpecification\",\"valueRequired\":true,\"valueName\":\"search_term_string\"}}],\"inLanguage\":\"ca\"},{\"@type\":\"Organization\",\"@id\":\"https:\/\/szs.giuseppe-colonna.com\/ca\/#organization\",\"name\":\"Serielizados\",\"url\":\"https:\/\/szs.giuseppe-colonna.com\/ca\/\",\"logo\":{\"@type\":\"ImageObject\",\"inLanguage\":\"ca\",\"@id\":\"https:\/\/szs.giuseppe-colonna.com\/ca\/#\/schema\/logo\/image\/\",\"url\":\"http:\/\/szs.giuseppe-colonna.com\/wp-content\/uploads\/SZS_imatgedestacada-1.jpg\",\"contentUrl\":\"http:\/\/szs.giuseppe-colonna.com\/wp-content\/uploads\/SZS_imatgedestacada-1.jpg\",\"width\":1200,\"height\":720,\"caption\":\"Serielizados\"},\"image\":{\"@id\":\"https:\/\/szs.giuseppe-colonna.com\/ca\/#\/schema\/logo\/image\/\"},\"sameAs\":[\"https:\/\/www.facebook.com\/serielizados\/\",\"https:\/\/x.com\/serielizados\",\"https:\/\/www.instagram.com\/serielizadosmagazine\/\",\"https:\/\/es.linkedin.com\/in\/serielizados\",\"https:\/\/www.youtube.com\/serielizadosTV\"]}]}<\/script>\n<!-- \/ Yoast SEO plugin. -->","yoast_head_json":{"title":"Serielizados: Qui som","robots":{"index":"noindex","follow":"follow","max-snippet":"max-snippet:-1","max-image-preview":"max-image-preview:large","max-video-preview":"max-video-preview:-1"},"og_locale":"ca_ES","og_type":"article","og_title":"Serielizados: Qui som","og_description":"[vc_row][vc_column][vc_column_text]Qu\u00e9 \u00e9s SERIELIZADOS? &nbsp; Revista online, festival internacional, certamen de jove talent, laboratori de creaci\u00f3, podcasts&#8230; Un projecte cultural nascut a Barcelona el 2013 amb l&#8217;objectiu d&#8217;elevar les s\u00e8ries de televisi\u00f3 a la categoria d&#8217;alta cultura. &nbsp; Amb 10 anys acabats de fer, SERIALIZADOS s&#8217;ha convertit en un segell de refer\u00e8ncia tant en l&#8217;an\u00e0lisi com [&hellip;]","og_url":"https:\/\/szs.giuseppe-colonna.com\/ca\/serielizados-qui-som\/","og_site_name":"Serielizados","article_publisher":"https:\/\/www.facebook.com\/serielizados\/","article_modified_time":"2024-02-20T18:15:24+00:00","og_image":[{"width":1920,"height":1280,"url":"https:\/\/szs.giuseppe-colonna.com\/wp-content\/uploads\/Equip-Serielizados-2.jpg","type":"image\/jpeg"}],"twitter_card":"summary_large_image","twitter_site":"@serielizados","twitter_misc":{"Temps estimat de lectura":"3 minuts","Written by":"Serielizados"},"schema":{"@context":"https:\/\/schema.org","@graph":[{"@type":"WebPage","@id":"https:\/\/szs.giuseppe-colonna.com\/ca\/serielizados-qui-som\/","url":"https:\/\/szs.giuseppe-colonna.com\/ca\/serielizados-qui-som\/","name":"Serielizados: Qui som","isPartOf":{"@id":"https:\/\/szs.giuseppe-colonna.com\/ca\/#website"},"primaryImageOfPage":{"@id":"https:\/\/szs.giuseppe-colonna.com\/ca\/serielizados-qui-som\/#primaryimage"},"image":{"@id":"https:\/\/szs.giuseppe-colonna.com\/ca\/serielizados-qui-som\/#primaryimage"},"thumbnailUrl":"https:\/\/szs.giuseppe-colonna.com\/wp-content\/uploads\/Equip-Serielizados-2.jpg","datePublished":"2023-06-28T09:01:03+00:00","dateModified":"2024-02-20T18:15:24+00:00","breadcrumb":{"@id":"https:\/\/szs.giuseppe-colonna.com\/ca\/serielizados-qui-som\/#breadcrumb"},"inLanguage":"ca","potentialAction":[{"@type":"ReadAction","target":["https:\/\/szs.giuseppe-colonna.com\/ca\/serielizados-qui-som\/"]}]},{"@type":"ImageObject","inLanguage":"ca","@id":"https:\/\/szs.giuseppe-colonna.com\/ca\/serielizados-qui-som\/#primaryimage","url":"https:\/\/szs.giuseppe-colonna.com\/wp-content\/uploads\/Equip-Serielizados-2.jpg","contentUrl":"https:\/\/szs.giuseppe-colonna.com\/wp-content\/uploads\/Equip-Serielizados-2.jpg","width":1920,"height":1280,"caption":"Retrat de l\u2019equip de Serielizados."},{"@type":"BreadcrumbList","@id":"https:\/\/szs.giuseppe-colonna.com\/ca\/serielizados-qui-som\/#breadcrumb","itemListElement":[{"@type":"ListItem","position":1,"name":"Portada","item":"https:\/\/szs.giuseppe-colonna.com\/ca\/"},{"@type":"ListItem","position":2,"name":"Qui som"}]},{"@type":"WebSite","@id":"https:\/\/szs.giuseppe-colonna.com\/ca\/#website","url":"https:\/\/szs.giuseppe-colonna.com\/ca\/","name":"Serielizados","description":"Revista y Festival Internacional de series","publisher":{"@id":"https:\/\/szs.giuseppe-colonna.com\/ca\/#organization"},"potentialAction":[{"@type":"SearchAction","target":{"@type":"EntryPoint","urlTemplate":"https:\/\/szs.giuseppe-colonna.com\/ca\/?s={search_term_string}"},"query-input":{"@type":"PropertyValueSpecification","valueRequired":true,"valueName":"search_term_string"}}],"inLanguage":"ca"},{"@type":"Organization","@id":"https:\/\/szs.giuseppe-colonna.com\/ca\/#organization","name":"Serielizados","url":"https:\/\/szs.giuseppe-colonna.com\/ca\/","logo":{"@type":"ImageObject","inLanguage":"ca","@id":"https:\/\/szs.giuseppe-colonna.com\/ca\/#\/schema\/logo\/image\/","url":"http:\/\/szs.giuseppe-colonna.com\/wp-content\/uploads\/SZS_imatgedestacada-1.jpg","contentUrl":"http:\/\/szs.giuseppe-colonna.com\/wp-content\/uploads\/SZS_imatgedestacada-1.jpg","width":1200,"height":720,"caption":"Serielizados"},"image":{"@id":"https:\/\/szs.giuseppe-colonna.com\/ca\/#\/schema\/logo\/image\/"},"sameAs":["https:\/\/www.facebook.com\/serielizados\/","https:\/\/x.com\/serielizados","https:\/\/www.instagram.com\/serielizadosmagazine\/","https:\/\/es.linkedin.com\/in\/serielizados","https:\/\/www.youtube.com\/serielizadosTV"]}]}},"_links":{"self":[{"href":"https:\/\/szs.giuseppe-colonna.com\/ca\/wp-json\/wp\/v2\/pages\/41314","targetHints":{"allow":["GET"]}}],"collection":[{"href":"https:\/\/szs.giuseppe-colonna.com\/ca\/wp-json\/wp\/v2\/pages"}],"about":[{"href":"https:\/\/szs.giuseppe-colonna.com\/ca\/wp-json\/wp\/v2\/types\/page"}],"author":[{"embeddable":true,"href":"https:\/\/szs.giuseppe-colonna.com\/ca\/wp-json\/wp\/v2\/users\/1"}],"replies":[{"embeddable":true,"href":"https:\/\/szs.giuseppe-colonna.com\/ca\/wp-json\/wp\/v2\/comments?post=41314"}],"version-history":[{"count":1,"href":"https:\/\/szs.giuseppe-colonna.com\/ca\/wp-json\/wp\/v2\/pages\/41314\/revisions"}],"predecessor-version":[{"id":41318,"href":"https:\/\/szs.giuseppe-colonna.com\/ca\/wp-json\/wp\/v2\/pages\/41314\/revisions\/41318"}],"wp:featuredmedia":[{"embeddable":true,"href":"https:\/\/szs.giuseppe-colonna.com\/ca\/wp-json\/wp\/v2\/media\/41127"}],"wp:attachment":[{"href":"https:\/\/szs.giuseppe-colonna.com\/ca\/wp-json\/wp\/v2\/media?parent=41314"}],"wp:term":[{"taxonomy":"author","embeddable":true,"href":"https:\/\/szs.giuseppe-colonna.com\/ca\/wp-json\/wp\/v2\/coauthors?post=41314"}],"curies":[{"name":"wp","href":"https:\/\/api.w.org\/{rel}","templated":true}]}}