{"id":27512,"date":"2022-04-04T14:14:24","date_gmt":"2022-04-04T13:14:24","guid":{"rendered":"http:\/\/szs.giuseppe-colonna.com\/?page_id=27512"},"modified":"2024-04-18T11:18:13","modified_gmt":"2024-04-18T10:18:13","slug":"sopa-de-miso-en-catala","status":"publish","type":"page","link":"https:\/\/szs.giuseppe-colonna.com\/ca\/sopa-de-miso-en-catala\/","title":{"rendered":"Sopa de Miso (en catal\u00e0)"},"content":{"rendered":"<p>Sopa de Miso, \u00e9s un p\u00f2dcast de Serielizados on Adriana D\u00edaz i Mariona Borrull fan veure que es suporten mentre investiguen sobre manga, anime i la cultura japonesa. Si voleu descobrir animes que nom\u00e9s veuries si el m\u00f3n s&#8217;acab\u00e9s dem\u00e0 o teniu una filia estranya amb el Detectiu Conan, aquest \u00e9s el vostre podcast. Cada dijous un nou cap\u00edtol.<\/p>\n<iframe loading=\"lazy\" style=\"border-radius: 12px;\" src=\"https:\/\/open.spotify.com\/embed\/episode\/3BBuS2huXOZLZ01QrYtLsY\/video?utm_source=generator\" width=\"624\" height=\"351\" frameborder=\"0\" allowfullscreen=\"allowfullscreen\"><span data-mce-type=\"bookmark\" style=\"display: inline-block; width: 0px; overflow: hidden; line-height: 0;\" class=\"mce_SELRES_start\">\ufeff<\/span><\/iframe>\n<iframe loading=\"lazy\" style=\"border-radius: 12px;\" src=\"https:\/\/open.spotify.com\/embed\/episode\/1NltCUAfeOcg2wfMKWabkp\/video?utm_source=generator\" width=\"624\" height=\"351\" frameborder=\"0\" allowfullscreen=\"allowfullscreen\"><\/iframe>\n<iframe loading=\"lazy\" style=\"border-radius: 12px;\" src=\"https:\/\/open.spotify.com\/embed\/episode\/1qkodepqt8wsnPRvbZ6DgN\/video?utm_source=generator\" width=\"624\" height=\"351\" frameborder=\"0\" allowfullscreen=\"allowfullscreen\"><\/iframe>\n<p>&nbsp;<\/p>\n<p>&nbsp;<\/p>\n<p style=\"text-align: center;\"><a href=\"https:\/\/open.spotify.com\/show\/5kFxW1Fa7VvPXAaX5xT4Za?si=49343abb8cf24e74\">Escoltar m\u00e9s programes!<\/a><\/p>\n<p>&nbsp;<\/p>\n","protected":false},"excerpt":{"rendered":"<p>Sopa de Miso, \u00e9s un p\u00f2dcast de Serielizados on Adriana D\u00edaz i Mariona Borrull fan veure que es suporten mentre investiguen sobre manga, anime i la cultura japonesa. Si voleu descobrir animes que nom\u00e9s veuries si el m\u00f3n s&#8217;acab\u00e9s dem\u00e0 o teniu una filia estranya amb el Detectiu Conan, aquest \u00e9s el vostre podcast. Cada [&hellip;]<\/p>\n","protected":false},"author":1,"featured_media":27509,"parent":0,"menu_order":0,"comment_status":"closed","ping_status":"closed","template":"page-podcasts.php","meta":{"_acf_changed":false,"inline_featured_image":false,"footnotes":""},"coauthors":[3790],"class_list":["post-27512","page","type-page","status-publish","has-post-thumbnail","hentry"],"acf":[],"yoast_head":"<!-- This site is optimized with the Yoast SEO plugin v27.0 - https:\/\/yoast.com\/product\/yoast-seo-wordpress\/ -->\n<title>Sopa de Miso - Podcast - Serielizados<\/title>\n<meta name=\"description\" content=\"El gran podcast d&#039;anime en catal\u00e0! Presentat per Mariona Borrull i Adriana D\u00edaz. Cada dijous un nou cap\u00edtol.\" \/>\n<meta name=\"robots\" content=\"noindex, follow, max-snippet:-1, max-image-preview:large, max-video-preview:-1\" \/>\n<meta property=\"og:locale\" content=\"ca_ES\" \/>\n<meta property=\"og:type\" content=\"article\" \/>\n<meta property=\"og:title\" content=\"Sopa de Miso - Podcast - Serielizados\" \/>\n<meta property=\"og:description\" content=\"El gran podcast d&#039;anime en catal\u00e0! Presentat per Mariona Borrull i Adriana D\u00edaz. Cada dijous un nou cap\u00edtol.\" \/>\n<meta property=\"og:url\" content=\"https:\/\/szs.giuseppe-colonna.com\/ca\/sopa-de-miso-en-catala\/\" \/>\n<meta property=\"og:site_name\" content=\"Serielizados\" \/>\n<meta property=\"article:publisher\" content=\"https:\/\/www.facebook.com\/serielizados\/\" \/>\n<meta property=\"article:modified_time\" content=\"2024-04-18T10:18:13+00:00\" \/>\n<meta property=\"og:image\" content=\"https:\/\/szs.giuseppe-colonna.com\/wp-content\/uploads\/1cd72569-9536-4a40-8500-3a8d31b666ae.jpg\" \/>\n\t<meta property=\"og:image:width\" content=\"1536\" \/>\n\t<meta property=\"og:image:height\" content=\"1129\" \/>\n\t<meta property=\"og:image:type\" content=\"image\/jpeg\" \/>\n<meta name=\"twitter:card\" content=\"summary_large_image\" \/>\n<meta name=\"twitter:site\" content=\"@serielizados\" \/>\n<meta name=\"twitter:label1\" content=\"Temps estimat de lectura\" \/>\n\t<meta name=\"twitter:data1\" content=\"1 minut\" \/>\n\t<meta name=\"twitter:label2\" content=\"Written by\" \/>\n\t<meta name=\"twitter:data2\" content=\"Serielizados\" \/>\n<script type=\"application\/ld+json\" class=\"yoast-schema-graph\">{\"@context\":\"https:\/\/schema.org\",\"@graph\":[{\"@type\":\"WebPage\",\"@id\":\"https:\/\/szs.giuseppe-colonna.com\/ca\/sopa-de-miso-en-catala\/\",\"url\":\"https:\/\/szs.giuseppe-colonna.com\/ca\/sopa-de-miso-en-catala\/\",\"name\":\"Sopa de Miso - Podcast - Serielizados\",\"isPartOf\":{\"@id\":\"https:\/\/szs.giuseppe-colonna.com\/ca\/#website\"},\"primaryImageOfPage\":{\"@id\":\"https:\/\/szs.giuseppe-colonna.com\/ca\/sopa-de-miso-en-catala\/#primaryimage\"},\"image\":{\"@id\":\"https:\/\/szs.giuseppe-colonna.com\/ca\/sopa-de-miso-en-catala\/#primaryimage\"},\"thumbnailUrl\":\"https:\/\/szs.giuseppe-colonna.com\/wp-content\/uploads\/1cd72569-9536-4a40-8500-3a8d31b666ae.jpg\",\"datePublished\":\"2022-04-04T13:14:24+00:00\",\"dateModified\":\"2024-04-18T10:18:13+00:00\",\"description\":\"El gran podcast d'anime en catal\u00e0! Presentat per Mariona Borrull i Adriana D\u00edaz. Cada dijous un nou cap\u00edtol.\",\"breadcrumb\":{\"@id\":\"https:\/\/szs.giuseppe-colonna.com\/ca\/sopa-de-miso-en-catala\/#breadcrumb\"},\"inLanguage\":\"ca\",\"potentialAction\":[{\"@type\":\"ReadAction\",\"target\":[\"https:\/\/szs.giuseppe-colonna.com\/ca\/sopa-de-miso-en-catala\/\"]}]},{\"@type\":\"ImageObject\",\"inLanguage\":\"ca\",\"@id\":\"https:\/\/szs.giuseppe-colonna.com\/ca\/sopa-de-miso-en-catala\/#primaryimage\",\"url\":\"https:\/\/szs.giuseppe-colonna.com\/wp-content\/uploads\/1cd72569-9536-4a40-8500-3a8d31b666ae.jpg\",\"contentUrl\":\"https:\/\/szs.giuseppe-colonna.com\/wp-content\/uploads\/1cd72569-9536-4a40-8500-3a8d31b666ae.jpg\",\"width\":1536,\"height\":1129},{\"@type\":\"BreadcrumbList\",\"@id\":\"https:\/\/szs.giuseppe-colonna.com\/ca\/sopa-de-miso-en-catala\/#breadcrumb\",\"itemListElement\":[{\"@type\":\"ListItem\",\"position\":1,\"name\":\"Portada\",\"item\":\"https:\/\/szs.giuseppe-colonna.com\/ca\/\"},{\"@type\":\"ListItem\",\"position\":2,\"name\":\"Sopa de Miso (en catal\u00e0)\"}]},{\"@type\":\"WebSite\",\"@id\":\"https:\/\/szs.giuseppe-colonna.com\/ca\/#website\",\"url\":\"https:\/\/szs.giuseppe-colonna.com\/ca\/\",\"name\":\"Serielizados\",\"description\":\"Revista y Festival Internacional de series\",\"publisher\":{\"@id\":\"https:\/\/szs.giuseppe-colonna.com\/ca\/#organization\"},\"potentialAction\":[{\"@type\":\"SearchAction\",\"target\":{\"@type\":\"EntryPoint\",\"urlTemplate\":\"https:\/\/szs.giuseppe-colonna.com\/ca\/?s={search_term_string}\"},\"query-input\":{\"@type\":\"PropertyValueSpecification\",\"valueRequired\":true,\"valueName\":\"search_term_string\"}}],\"inLanguage\":\"ca\"},{\"@type\":\"Organization\",\"@id\":\"https:\/\/szs.giuseppe-colonna.com\/ca\/#organization\",\"name\":\"Serielizados\",\"url\":\"https:\/\/szs.giuseppe-colonna.com\/ca\/\",\"logo\":{\"@type\":\"ImageObject\",\"inLanguage\":\"ca\",\"@id\":\"https:\/\/szs.giuseppe-colonna.com\/ca\/#\/schema\/logo\/image\/\",\"url\":\"http:\/\/szs.giuseppe-colonna.com\/wp-content\/uploads\/SZS_imatgedestacada-1.jpg\",\"contentUrl\":\"http:\/\/szs.giuseppe-colonna.com\/wp-content\/uploads\/SZS_imatgedestacada-1.jpg\",\"width\":1200,\"height\":720,\"caption\":\"Serielizados\"},\"image\":{\"@id\":\"https:\/\/szs.giuseppe-colonna.com\/ca\/#\/schema\/logo\/image\/\"},\"sameAs\":[\"https:\/\/www.facebook.com\/serielizados\/\",\"https:\/\/x.com\/serielizados\",\"https:\/\/www.instagram.com\/serielizadosmagazine\/\",\"https:\/\/es.linkedin.com\/in\/serielizados\",\"https:\/\/www.youtube.com\/serielizadosTV\"]}]}<\/script>\n<!-- \/ Yoast SEO plugin. -->","yoast_head_json":{"title":"Sopa de Miso - Podcast - Serielizados","description":"El gran podcast d'anime en catal\u00e0! Presentat per Mariona Borrull i Adriana D\u00edaz. Cada dijous un nou cap\u00edtol.","robots":{"index":"noindex","follow":"follow","max-snippet":"max-snippet:-1","max-image-preview":"max-image-preview:large","max-video-preview":"max-video-preview:-1"},"og_locale":"ca_ES","og_type":"article","og_title":"Sopa de Miso - Podcast - Serielizados","og_description":"El gran podcast d'anime en catal\u00e0! Presentat per Mariona Borrull i Adriana D\u00edaz. Cada dijous un nou cap\u00edtol.","og_url":"https:\/\/szs.giuseppe-colonna.com\/ca\/sopa-de-miso-en-catala\/","og_site_name":"Serielizados","article_publisher":"https:\/\/www.facebook.com\/serielizados\/","article_modified_time":"2024-04-18T10:18:13+00:00","og_image":[{"width":1536,"height":1129,"url":"https:\/\/szs.giuseppe-colonna.com\/wp-content\/uploads\/1cd72569-9536-4a40-8500-3a8d31b666ae.jpg","type":"image\/jpeg"}],"twitter_card":"summary_large_image","twitter_site":"@serielizados","twitter_misc":{"Temps estimat de lectura":"1 minut","Written by":"Serielizados"},"schema":{"@context":"https:\/\/schema.org","@graph":[{"@type":"WebPage","@id":"https:\/\/szs.giuseppe-colonna.com\/ca\/sopa-de-miso-en-catala\/","url":"https:\/\/szs.giuseppe-colonna.com\/ca\/sopa-de-miso-en-catala\/","name":"Sopa de Miso - Podcast - Serielizados","isPartOf":{"@id":"https:\/\/szs.giuseppe-colonna.com\/ca\/#website"},"primaryImageOfPage":{"@id":"https:\/\/szs.giuseppe-colonna.com\/ca\/sopa-de-miso-en-catala\/#primaryimage"},"image":{"@id":"https:\/\/szs.giuseppe-colonna.com\/ca\/sopa-de-miso-en-catala\/#primaryimage"},"thumbnailUrl":"https:\/\/szs.giuseppe-colonna.com\/wp-content\/uploads\/1cd72569-9536-4a40-8500-3a8d31b666ae.jpg","datePublished":"2022-04-04T13:14:24+00:00","dateModified":"2024-04-18T10:18:13+00:00","description":"El gran podcast d'anime en catal\u00e0! Presentat per Mariona Borrull i Adriana D\u00edaz. Cada dijous un nou cap\u00edtol.","breadcrumb":{"@id":"https:\/\/szs.giuseppe-colonna.com\/ca\/sopa-de-miso-en-catala\/#breadcrumb"},"inLanguage":"ca","potentialAction":[{"@type":"ReadAction","target":["https:\/\/szs.giuseppe-colonna.com\/ca\/sopa-de-miso-en-catala\/"]}]},{"@type":"ImageObject","inLanguage":"ca","@id":"https:\/\/szs.giuseppe-colonna.com\/ca\/sopa-de-miso-en-catala\/#primaryimage","url":"https:\/\/szs.giuseppe-colonna.com\/wp-content\/uploads\/1cd72569-9536-4a40-8500-3a8d31b666ae.jpg","contentUrl":"https:\/\/szs.giuseppe-colonna.com\/wp-content\/uploads\/1cd72569-9536-4a40-8500-3a8d31b666ae.jpg","width":1536,"height":1129},{"@type":"BreadcrumbList","@id":"https:\/\/szs.giuseppe-colonna.com\/ca\/sopa-de-miso-en-catala\/#breadcrumb","itemListElement":[{"@type":"ListItem","position":1,"name":"Portada","item":"https:\/\/szs.giuseppe-colonna.com\/ca\/"},{"@type":"ListItem","position":2,"name":"Sopa de Miso (en catal\u00e0)"}]},{"@type":"WebSite","@id":"https:\/\/szs.giuseppe-colonna.com\/ca\/#website","url":"https:\/\/szs.giuseppe-colonna.com\/ca\/","name":"Serielizados","description":"Revista y Festival Internacional de series","publisher":{"@id":"https:\/\/szs.giuseppe-colonna.com\/ca\/#organization"},"potentialAction":[{"@type":"SearchAction","target":{"@type":"EntryPoint","urlTemplate":"https:\/\/szs.giuseppe-colonna.com\/ca\/?s={search_term_string}"},"query-input":{"@type":"PropertyValueSpecification","valueRequired":true,"valueName":"search_term_string"}}],"inLanguage":"ca"},{"@type":"Organization","@id":"https:\/\/szs.giuseppe-colonna.com\/ca\/#organization","name":"Serielizados","url":"https:\/\/szs.giuseppe-colonna.com\/ca\/","logo":{"@type":"ImageObject","inLanguage":"ca","@id":"https:\/\/szs.giuseppe-colonna.com\/ca\/#\/schema\/logo\/image\/","url":"http:\/\/szs.giuseppe-colonna.com\/wp-content\/uploads\/SZS_imatgedestacada-1.jpg","contentUrl":"http:\/\/szs.giuseppe-colonna.com\/wp-content\/uploads\/SZS_imatgedestacada-1.jpg","width":1200,"height":720,"caption":"Serielizados"},"image":{"@id":"https:\/\/szs.giuseppe-colonna.com\/ca\/#\/schema\/logo\/image\/"},"sameAs":["https:\/\/www.facebook.com\/serielizados\/","https:\/\/x.com\/serielizados","https:\/\/www.instagram.com\/serielizadosmagazine\/","https:\/\/es.linkedin.com\/in\/serielizados","https:\/\/www.youtube.com\/serielizadosTV"]}]}},"_links":{"self":[{"href":"https:\/\/szs.giuseppe-colonna.com\/ca\/wp-json\/wp\/v2\/pages\/27512","targetHints":{"allow":["GET"]}}],"collection":[{"href":"https:\/\/szs.giuseppe-colonna.com\/ca\/wp-json\/wp\/v2\/pages"}],"about":[{"href":"https:\/\/szs.giuseppe-colonna.com\/ca\/wp-json\/wp\/v2\/types\/page"}],"author":[{"embeddable":true,"href":"https:\/\/szs.giuseppe-colonna.com\/ca\/wp-json\/wp\/v2\/users\/1"}],"replies":[{"embeddable":true,"href":"https:\/\/szs.giuseppe-colonna.com\/ca\/wp-json\/wp\/v2\/comments?post=27512"}],"version-history":[{"count":1,"href":"https:\/\/szs.giuseppe-colonna.com\/ca\/wp-json\/wp\/v2\/pages\/27512\/revisions"}],"predecessor-version":[{"id":27565,"href":"https:\/\/szs.giuseppe-colonna.com\/ca\/wp-json\/wp\/v2\/pages\/27512\/revisions\/27565"}],"wp:featuredmedia":[{"embeddable":true,"href":"https:\/\/szs.giuseppe-colonna.com\/ca\/wp-json\/wp\/v2\/media\/27509"}],"wp:attachment":[{"href":"https:\/\/szs.giuseppe-colonna.com\/ca\/wp-json\/wp\/v2\/media?parent=27512"}],"wp:term":[{"taxonomy":"author","embeddable":true,"href":"https:\/\/szs.giuseppe-colonna.com\/ca\/wp-json\/wp\/v2\/coauthors?post=27512"}],"curies":[{"name":"wp","href":"https:\/\/api.w.org\/{rel}","templated":true}]}}