{"id":26408,"date":"2019-03-15T19:52:15","date_gmt":"2019-03-15T18:52:15","guid":{"rendered":"http:\/\/szs.giuseppe-colonna.com\/seriefobia-podcast-serielizados\/"},"modified":"2022-04-04T13:56:24","modified_gmt":"2022-04-04T12:56:24","slug":"seriefobia-podcast-serielizados","status":"publish","type":"page","link":"https:\/\/szs.giuseppe-colonna.com\/ca\/seriefobia-podcast-serielizados\/","title":{"rendered":"Seriefobia"},"content":{"rendered":"<p><strong>\u00a1Abajo la hiperventilaci\u00f3n seri\u00e9fila!<\/strong> Bienvenidos a Seriefobia, el primer &#8216;hatecast&#8217; de series, presentado por <strong>Toni Garcia Ramon<\/strong> y <strong>\u00d2scar Broc<\/strong>. Este es un podcast para decir con claridad (y un poco de odio) que casi todas las series nuevas no son buenas. Y porque odiar, amigos, tambi\u00e9n es bueno.<\/p>\n<p><strong>Seriefobia<\/strong> fue elegido como uno de los 10 mejores estrenos en podcasts de 2019 seg\u00fan la lista oficial de Apple Espa\u00f1a.<\/p>\n<iframe loading=\"lazy\" src=\"https:\/\/open.spotify.com\/embed\/episode\/0i2kUZql3fdO3UUxDnfmyI?utm_source=generator\" width=\"100%\" height=\"232\" frameBorder=\"0\" allowfullscreen=\"\" allow=\"autoplay; clipboard-write; encrypted-media; fullscreen; picture-in-picture\"><\/iframe>\n<iframe loading=\"lazy\" src=\"https:\/\/open.spotify.com\/embed\/episode\/6hbGxsp2gK7VsibFVWAVbs?utm_source=generator\" width=\"100%\" height=\"232\" frameBorder=\"0\" allowfullscreen=\"\" allow=\"autoplay; clipboard-write; encrypted-media; fullscreen; picture-in-picture\"><\/iframe>\n<iframe loading=\"lazy\" src=\"https:\/\/open.spotify.com\/embed\/episode\/20OkDJazWN9IVRcbEpRVnn?utm_source=generator\" width=\"100%\" height=\"232\" frameBorder=\"0\" allowfullscreen=\"\" allow=\"autoplay; clipboard-write; encrypted-media; fullscreen; picture-in-picture\"><\/iframe>\n<iframe loading=\"lazy\" src=\"https:\/\/open.spotify.com\/embed\/episode\/2wg0P74fitqaS4lBLNxCza?utm_source=generator\" width=\"100%\" height=\"232\" frameBorder=\"0\" allowfullscreen=\"\" allow=\"autoplay; clipboard-write; encrypted-media; fullscreen; picture-in-picture\"><\/iframe>\n<iframe loading=\"lazy\" src=\"https:\/\/open.spotify.com\/embed\/episode\/1NVrV68vs6OGpy4fbx7par?utm_source=generator\" width=\"100%\" height=\"232\" frameBorder=\"0\" allowfullscreen=\"\" allow=\"autoplay; clipboard-write; encrypted-media; fullscreen; picture-in-picture\"><\/iframe>\n<p>&nbsp;<\/p>\n<p style=\"text-align: center;\"><a href=\"https:\/\/open.spotify.com\/show\/40iqx7aJGTyOgPEhtBjqKo?si=57182ebd126c4d58\">Escuchar m\u00e1s cap\u00edtulos<\/a><\/p>\n","protected":false},"excerpt":{"rendered":"<p>\u00a1Abajo la hiperventilaci\u00f3n seri\u00e9fila! Bienvenidos a Seriefobia, el primer &#8216;hatecast&#8217; de series, presentado por Toni Garcia Ramon y \u00d2scar Broc. Este es un podcast para decir con claridad (y un poco de odio) que casi todas las series nuevas no son buenas. Y porque odiar, amigos, tambi\u00e9n es bueno. Seriefobia fue elegido como uno de [&hellip;]<\/p>\n","protected":false},"author":1,"featured_media":26410,"parent":0,"menu_order":0,"comment_status":"closed","ping_status":"closed","template":"page-podcasts.php","meta":{"_acf_changed":false,"inline_featured_image":false,"footnotes":""},"coauthors":[3790],"class_list":["post-26408","page","type-page","status-publish","has-post-thumbnail","hentry"],"acf":[],"yoast_head":"<!-- This site is optimized with the Yoast SEO plugin v27.0 - https:\/\/yoast.com\/product\/yoast-seo-wordpress\/ -->\n<title>Podcast Seriefobia<\/title>\n<meta name=\"description\" content=\"El primer &#039;hatecast&#039; de series, presentado por Toni Garcia Ramon y \u00d2scar Broc, nace para demostrar que no todas las series nuevas son buenas.\" \/>\n<meta name=\"robots\" content=\"noindex, follow, max-snippet:-1, max-image-preview:large, max-video-preview:-1\" \/>\n<meta property=\"og:locale\" content=\"ca_ES\" \/>\n<meta property=\"og:type\" content=\"article\" \/>\n<meta property=\"og:title\" content=\"Podcast Seriefobia\" \/>\n<meta property=\"og:description\" content=\"El primer &#039;hatecast&#039; de series, presentado por Toni Garcia Ramon y \u00d2scar Broc, nace para demostrar que no todas las series nuevas son buenas.\" \/>\n<meta property=\"og:url\" content=\"https:\/\/szs.giuseppe-colonna.com\/ca\/seriefobia-podcast-serielizados\/\" \/>\n<meta property=\"og:site_name\" content=\"Serielizados\" \/>\n<meta property=\"article:publisher\" content=\"https:\/\/www.facebook.com\/serielizados\/\" \/>\n<meta property=\"article:modified_time\" content=\"2022-04-04T12:56:24+00:00\" \/>\n<meta property=\"og:image\" content=\"https:\/\/szs.giuseppe-colonna.com\/wp-content\/uploads\/seriefobia-background.png\" \/>\n\t<meta property=\"og:image:width\" content=\"1300\" \/>\n\t<meta property=\"og:image:height\" content=\"617\" \/>\n\t<meta property=\"og:image:type\" content=\"image\/png\" \/>\n<meta name=\"twitter:card\" content=\"summary_large_image\" \/>\n<meta name=\"twitter:site\" content=\"@serielizados\" \/>\n<meta name=\"twitter:label1\" content=\"Written by\" \/>\n\t<meta name=\"twitter:data1\" content=\"Serielizados\" \/>\n<script type=\"application\/ld+json\" class=\"yoast-schema-graph\">{\"@context\":\"https:\/\/schema.org\",\"@graph\":[{\"@type\":\"WebPage\",\"@id\":\"https:\/\/szs.giuseppe-colonna.com\/ca\/seriefobia-podcast-serielizados\/\",\"url\":\"https:\/\/szs.giuseppe-colonna.com\/ca\/seriefobia-podcast-serielizados\/\",\"name\":\"Podcast Seriefobia\",\"isPartOf\":{\"@id\":\"https:\/\/szs.giuseppe-colonna.com\/ca\/#website\"},\"primaryImageOfPage\":{\"@id\":\"https:\/\/szs.giuseppe-colonna.com\/ca\/seriefobia-podcast-serielizados\/#primaryimage\"},\"image\":{\"@id\":\"https:\/\/szs.giuseppe-colonna.com\/ca\/seriefobia-podcast-serielizados\/#primaryimage\"},\"thumbnailUrl\":\"https:\/\/szs.giuseppe-colonna.com\/wp-content\/uploads\/seriefobia-background.png\",\"datePublished\":\"2019-03-15T18:52:15+00:00\",\"dateModified\":\"2022-04-04T12:56:24+00:00\",\"description\":\"El primer 'hatecast' de series, presentado por Toni Garcia Ramon y \u00d2scar Broc, nace para demostrar que no todas las series nuevas son buenas.\",\"breadcrumb\":{\"@id\":\"https:\/\/szs.giuseppe-colonna.com\/ca\/seriefobia-podcast-serielizados\/#breadcrumb\"},\"inLanguage\":\"ca\",\"potentialAction\":[{\"@type\":\"ReadAction\",\"target\":[\"https:\/\/szs.giuseppe-colonna.com\/ca\/seriefobia-podcast-serielizados\/\"]}]},{\"@type\":\"ImageObject\",\"inLanguage\":\"ca\",\"@id\":\"https:\/\/szs.giuseppe-colonna.com\/ca\/seriefobia-podcast-serielizados\/#primaryimage\",\"url\":\"https:\/\/szs.giuseppe-colonna.com\/wp-content\/uploads\/seriefobia-background.png\",\"contentUrl\":\"https:\/\/szs.giuseppe-colonna.com\/wp-content\/uploads\/seriefobia-background.png\",\"width\":1300,\"height\":617},{\"@type\":\"BreadcrumbList\",\"@id\":\"https:\/\/szs.giuseppe-colonna.com\/ca\/seriefobia-podcast-serielizados\/#breadcrumb\",\"itemListElement\":[{\"@type\":\"ListItem\",\"position\":1,\"name\":\"Portada\",\"item\":\"https:\/\/szs.giuseppe-colonna.com\/ca\/\"},{\"@type\":\"ListItem\",\"position\":2,\"name\":\"Seriefobia\"}]},{\"@type\":\"WebSite\",\"@id\":\"https:\/\/szs.giuseppe-colonna.com\/ca\/#website\",\"url\":\"https:\/\/szs.giuseppe-colonna.com\/ca\/\",\"name\":\"Serielizados\",\"description\":\"Revista y Festival Internacional de series\",\"publisher\":{\"@id\":\"https:\/\/szs.giuseppe-colonna.com\/ca\/#organization\"},\"potentialAction\":[{\"@type\":\"SearchAction\",\"target\":{\"@type\":\"EntryPoint\",\"urlTemplate\":\"https:\/\/szs.giuseppe-colonna.com\/ca\/?s={search_term_string}\"},\"query-input\":{\"@type\":\"PropertyValueSpecification\",\"valueRequired\":true,\"valueName\":\"search_term_string\"}}],\"inLanguage\":\"ca\"},{\"@type\":\"Organization\",\"@id\":\"https:\/\/szs.giuseppe-colonna.com\/ca\/#organization\",\"name\":\"Serielizados\",\"url\":\"https:\/\/szs.giuseppe-colonna.com\/ca\/\",\"logo\":{\"@type\":\"ImageObject\",\"inLanguage\":\"ca\",\"@id\":\"https:\/\/szs.giuseppe-colonna.com\/ca\/#\/schema\/logo\/image\/\",\"url\":\"http:\/\/szs.giuseppe-colonna.com\/wp-content\/uploads\/SZS_imatgedestacada-1.jpg\",\"contentUrl\":\"http:\/\/szs.giuseppe-colonna.com\/wp-content\/uploads\/SZS_imatgedestacada-1.jpg\",\"width\":1200,\"height\":720,\"caption\":\"Serielizados\"},\"image\":{\"@id\":\"https:\/\/szs.giuseppe-colonna.com\/ca\/#\/schema\/logo\/image\/\"},\"sameAs\":[\"https:\/\/www.facebook.com\/serielizados\/\",\"https:\/\/x.com\/serielizados\",\"https:\/\/www.instagram.com\/serielizadosmagazine\/\",\"https:\/\/es.linkedin.com\/in\/serielizados\",\"https:\/\/www.youtube.com\/serielizadosTV\"]}]}<\/script>\n<!-- \/ Yoast SEO plugin. -->","yoast_head_json":{"title":"Podcast Seriefobia","description":"El primer 'hatecast' de series, presentado por Toni Garcia Ramon y \u00d2scar Broc, nace para demostrar que no todas las series nuevas son buenas.","robots":{"index":"noindex","follow":"follow","max-snippet":"max-snippet:-1","max-image-preview":"max-image-preview:large","max-video-preview":"max-video-preview:-1"},"og_locale":"ca_ES","og_type":"article","og_title":"Podcast Seriefobia","og_description":"El primer 'hatecast' de series, presentado por Toni Garcia Ramon y \u00d2scar Broc, nace para demostrar que no todas las series nuevas son buenas.","og_url":"https:\/\/szs.giuseppe-colonna.com\/ca\/seriefobia-podcast-serielizados\/","og_site_name":"Serielizados","article_publisher":"https:\/\/www.facebook.com\/serielizados\/","article_modified_time":"2022-04-04T12:56:24+00:00","og_image":[{"width":1300,"height":617,"url":"https:\/\/szs.giuseppe-colonna.com\/wp-content\/uploads\/seriefobia-background.png","type":"image\/png"}],"twitter_card":"summary_large_image","twitter_site":"@serielizados","twitter_misc":{"Written by":"Serielizados"},"schema":{"@context":"https:\/\/schema.org","@graph":[{"@type":"WebPage","@id":"https:\/\/szs.giuseppe-colonna.com\/ca\/seriefobia-podcast-serielizados\/","url":"https:\/\/szs.giuseppe-colonna.com\/ca\/seriefobia-podcast-serielizados\/","name":"Podcast Seriefobia","isPartOf":{"@id":"https:\/\/szs.giuseppe-colonna.com\/ca\/#website"},"primaryImageOfPage":{"@id":"https:\/\/szs.giuseppe-colonna.com\/ca\/seriefobia-podcast-serielizados\/#primaryimage"},"image":{"@id":"https:\/\/szs.giuseppe-colonna.com\/ca\/seriefobia-podcast-serielizados\/#primaryimage"},"thumbnailUrl":"https:\/\/szs.giuseppe-colonna.com\/wp-content\/uploads\/seriefobia-background.png","datePublished":"2019-03-15T18:52:15+00:00","dateModified":"2022-04-04T12:56:24+00:00","description":"El primer 'hatecast' de series, presentado por Toni Garcia Ramon y \u00d2scar Broc, nace para demostrar que no todas las series nuevas son buenas.","breadcrumb":{"@id":"https:\/\/szs.giuseppe-colonna.com\/ca\/seriefobia-podcast-serielizados\/#breadcrumb"},"inLanguage":"ca","potentialAction":[{"@type":"ReadAction","target":["https:\/\/szs.giuseppe-colonna.com\/ca\/seriefobia-podcast-serielizados\/"]}]},{"@type":"ImageObject","inLanguage":"ca","@id":"https:\/\/szs.giuseppe-colonna.com\/ca\/seriefobia-podcast-serielizados\/#primaryimage","url":"https:\/\/szs.giuseppe-colonna.com\/wp-content\/uploads\/seriefobia-background.png","contentUrl":"https:\/\/szs.giuseppe-colonna.com\/wp-content\/uploads\/seriefobia-background.png","width":1300,"height":617},{"@type":"BreadcrumbList","@id":"https:\/\/szs.giuseppe-colonna.com\/ca\/seriefobia-podcast-serielizados\/#breadcrumb","itemListElement":[{"@type":"ListItem","position":1,"name":"Portada","item":"https:\/\/szs.giuseppe-colonna.com\/ca\/"},{"@type":"ListItem","position":2,"name":"Seriefobia"}]},{"@type":"WebSite","@id":"https:\/\/szs.giuseppe-colonna.com\/ca\/#website","url":"https:\/\/szs.giuseppe-colonna.com\/ca\/","name":"Serielizados","description":"Revista y Festival Internacional de series","publisher":{"@id":"https:\/\/szs.giuseppe-colonna.com\/ca\/#organization"},"potentialAction":[{"@type":"SearchAction","target":{"@type":"EntryPoint","urlTemplate":"https:\/\/szs.giuseppe-colonna.com\/ca\/?s={search_term_string}"},"query-input":{"@type":"PropertyValueSpecification","valueRequired":true,"valueName":"search_term_string"}}],"inLanguage":"ca"},{"@type":"Organization","@id":"https:\/\/szs.giuseppe-colonna.com\/ca\/#organization","name":"Serielizados","url":"https:\/\/szs.giuseppe-colonna.com\/ca\/","logo":{"@type":"ImageObject","inLanguage":"ca","@id":"https:\/\/szs.giuseppe-colonna.com\/ca\/#\/schema\/logo\/image\/","url":"http:\/\/szs.giuseppe-colonna.com\/wp-content\/uploads\/SZS_imatgedestacada-1.jpg","contentUrl":"http:\/\/szs.giuseppe-colonna.com\/wp-content\/uploads\/SZS_imatgedestacada-1.jpg","width":1200,"height":720,"caption":"Serielizados"},"image":{"@id":"https:\/\/szs.giuseppe-colonna.com\/ca\/#\/schema\/logo\/image\/"},"sameAs":["https:\/\/www.facebook.com\/serielizados\/","https:\/\/x.com\/serielizados","https:\/\/www.instagram.com\/serielizadosmagazine\/","https:\/\/es.linkedin.com\/in\/serielizados","https:\/\/www.youtube.com\/serielizadosTV"]}]}},"_links":{"self":[{"href":"https:\/\/szs.giuseppe-colonna.com\/ca\/wp-json\/wp\/v2\/pages\/26408","targetHints":{"allow":["GET"]}}],"collection":[{"href":"https:\/\/szs.giuseppe-colonna.com\/ca\/wp-json\/wp\/v2\/pages"}],"about":[{"href":"https:\/\/szs.giuseppe-colonna.com\/ca\/wp-json\/wp\/v2\/types\/page"}],"author":[{"embeddable":true,"href":"https:\/\/szs.giuseppe-colonna.com\/ca\/wp-json\/wp\/v2\/users\/1"}],"replies":[{"embeddable":true,"href":"https:\/\/szs.giuseppe-colonna.com\/ca\/wp-json\/wp\/v2\/comments?post=26408"}],"version-history":[{"count":0,"href":"https:\/\/szs.giuseppe-colonna.com\/ca\/wp-json\/wp\/v2\/pages\/26408\/revisions"}],"wp:featuredmedia":[{"embeddable":true,"href":"https:\/\/szs.giuseppe-colonna.com\/ca\/wp-json\/wp\/v2\/media\/26410"}],"wp:attachment":[{"href":"https:\/\/szs.giuseppe-colonna.com\/ca\/wp-json\/wp\/v2\/media?parent=26408"}],"wp:term":[{"taxonomy":"author","embeddable":true,"href":"https:\/\/szs.giuseppe-colonna.com\/ca\/wp-json\/wp\/v2\/coauthors?post=26408"}],"curies":[{"name":"wp","href":"https:\/\/api.w.org\/{rel}","templated":true}]}}