{"id":24586,"date":"2022-03-16T11:52:06","date_gmt":"2022-03-16T10:52:06","guid":{"rendered":"http:\/\/szs.giuseppe-colonna.com\/festival\/"},"modified":"2025-03-27T12:09:44","modified_gmt":"2025-03-27T11:09:44","slug":"festival","status":"publish","type":"page","link":"https:\/\/szs.giuseppe-colonna.com\/ca\/festival\/","title":{"rendered":"Festival"},"content":{"rendered":"<div class=\"wpb-content-wrapper\"><p>[vc_row][vc_column][vc_text_separator title=&#8221;WE&#8217;RE LOOKING FOR THE GOOD STUFF!&#8221; color=&#8221;custom&#8221; border_width=&#8221;5&#8243; css=&#8221;&#8221; accent_color=&#8221;#1D1D1B&#8221;][vc_empty_space height=&#8221;15&#8243;][\/vc_column][\/vc_row][vc_row][vc_column width=&#8221;1\/2&#8243;][vc_empty_space height=&#8221;50&#8243;][vc_single_image image=&#8221;49604&#8243; img_size=&#8221;large&#8221; alignment=&#8221;center&#8221; css=&#8221;&#8221; el_class=&#8221;w-100&#8243;][\/vc_column][vc_column width=&#8221;1\/2&#8243;][vc_empty_space height=&#8221;30&#8243;][vc_column_text css=&#8221;&#8221;]<\/p>\n<h3>Serielizados Fest ha llan\u00e7at la seva nova convocat\u00f2ria Open Call de S\u00e8ries per a la inscripci\u00f3 de noves s\u00e8ries per a l&#8217;edici\u00f3 2025 del Serielizados Fest, Festival Internacional de S\u00e8ries de TV.<\/h3>\n<p>[\/vc_column_text][vc_column_text css=&#8221;&#8221;]<\/p>\n<h3><span style=\"color: #f8b133;\">La 12a edici\u00f3 del\u00a0Serielizados\u00a0Fest\u00a0se celebrar\u00e0 del 3 al 12 de novembre de 2025.<\/span><\/h3>\n<p>[\/vc_column_text][vc_single_image image=&#8221;50016&#8243; img_size=&#8221;full&#8221; onclick=&#8221;custom_link&#8221; img_link_target=&#8221;_blank&#8221; css=&#8221;&#8221; link=&#8221;http:\/\/szs.giuseppe-colonna.com\/ca\/open-call-2025\/&#8221;][vc_single_image image=&#8221;50019&#8243; img_size=&#8221;full&#8221; onclick=&#8221;custom_link&#8221; img_link_target=&#8221;_blank&#8221; css=&#8221;&#8221; link=&#8221;http:\/\/szs.giuseppe-colonna.com\/ca\/bases-i-reglament-2025\/&#8221;][\/vc_column][\/vc_row][vc_row][vc_column][vc_separator color=&#8221;custom&#8221; border_width=&#8221;4&#8243; css=&#8221;&#8221; accent_color=&#8221;#1D1D1B&#8221;][\/vc_column][\/vc_row][vc_row][vc_column width=&#8221;2\/3&#8243;][vc_empty_space height=&#8221;14&#8243;][vc_custom_heading text=&#8221;12 ANYS DE CONVIDATS INTERNACIONALS&#8221; font_container=&#8221;tag:h1|font_size:56|text_align:center|color:%23F8B122&#8243; use_theme_fonts=&#8221;yes&#8221; css=&#8221;&#8221;][vc_empty_space height=&#8221;40&#8243;][vc_column_text css=&#8221;&#8221;]<\/p>\n<h3>Durant onze edicions del Serielizados Fest, hem tingut l&#8217;honor de rebre destacats showrunners i creadors a Barcelona, com ara Jesse Armstrong, Thomas Vinterberg, Daniel Br\u00fchl, Joe Penhall, Daphna Levin, David Simon, Vince Gilligan, Dan Harmon, Werner Herzog, Paul Abbott, Isobel Waller-Bridge i Steve Pemberton.<\/h3>\n<h3><\/h3>\n<p>&nbsp;<\/p>\n<p>&nbsp;<\/p>\n<p>&nbsp;<\/p>\n<p>&nbsp;<\/p>\n<h3>Tots ells han passat pel nostre fotomaton oficial per triar les seves tres s\u00e8ries favorites \u2192<\/h3>\n<p>[\/vc_column_text][\/vc_column][vc_column width=&#8221;1\/3&#8243;][vc_empty_space height=&#8221;14&#8243;][vc_gallery type=&#8221;flexslider_slide&#8221; interval=&#8221;5&#8243; images=&#8221;32710,49297,49300,49303,49306,49309,49312,49315,49318,49321,49324,49327,49330,49333&#8243; img_size=&#8221;medium&#8221; onclick=&#8221;&#8221; css=&#8221;&#8221;][vc_column_text css=&#8221;&#8221;]<\/p>\n<p style=\"text-align: center;\">Cr\u00e8dit fotos: Xavier Torres-Bacchetta<\/p>\n<p>[\/vc_column_text][vc_empty_space height=&#8221;40&#8243;][\/vc_column][\/vc_row][vc_row][vc_column][vc_text_separator title=&#8221;RECAP SERIELIZADOS FEST 2024&#8243; color=&#8221;custom&#8221; border_width=&#8221;4&#8243; css=&#8221;&#8221; accent_color=&#8221;#1D1D1B&#8221;][vc_video link=&#8221;https:\/\/vimeo.com\/1031213394\/f66f1c3985?share=copy&#8221; css=&#8221;&#8221;][vc_empty_space height=&#8221;20&#8243;][\/vc_column][\/vc_row][vc_row][vc_column][\/vc_column][\/vc_row]<\/p>\n<\/div>","protected":false},"excerpt":{"rendered":"<p>[vc_row][vc_column][vc_text_separator title=&#8221;WE&#8217;RE LOOKING FOR THE GOOD STUFF!&#8221; color=&#8221;custom&#8221; border_width=&#8221;5&#8243; css=&#8221;&#8221; accent_color=&#8221;#1D1D1B&#8221;][vc_empty_space height=&#8221;15&#8243;][\/vc_column][\/vc_row][vc_row][vc_column width=&#8221;1\/2&#8243;][vc_empty_space height=&#8221;50&#8243;][vc_single_image image=&#8221;49604&#8243; img_size=&#8221;large&#8221; alignment=&#8221;center&#8221; css=&#8221;&#8221; el_class=&#8221;w-100&#8243;][\/vc_column][vc_column width=&#8221;1\/2&#8243;][vc_empty_space height=&#8221;30&#8243;][vc_column_text css=&#8221;&#8221;] Serielizados Fest ha llan\u00e7at la seva nova convocat\u00f2ria Open Call de S\u00e8ries per a la inscripci\u00f3 de noves s\u00e8ries per a l&#8217;edici\u00f3 2025 del Serielizados Fest, Festival Internacional de S\u00e8ries de TV. [\/vc_column_text][vc_column_text [&hellip;]<\/p>\n","protected":false},"author":1,"featured_media":49271,"parent":0,"menu_order":0,"comment_status":"closed","ping_status":"closed","template":"festival-archive.php","meta":{"_acf_changed":false,"inline_featured_image":false,"footnotes":""},"coauthors":[3790],"class_list":["post-24586","page","type-page","status-publish","has-post-thumbnail","hentry"],"acf":[],"yoast_head":"<!-- This site is optimized with the Yoast SEO plugin v27.0 - https:\/\/yoast.com\/product\/yoast-seo-wordpress\/ -->\n<title>Serielizados Fest | 11\u00e8 Festival Internacional de S\u00e8ries<\/title>\n<meta name=\"description\" content=\"Octubre 15-20 a Barcelona: Nova edici\u00f3 del Serielizados Fest, el primer Festival Internacional de S\u00e8ries d&#039;Espanya.\" \/>\n<meta name=\"robots\" content=\"noindex, nofollow\" \/>\n<meta property=\"og:locale\" content=\"ca_ES\" \/>\n<meta property=\"og:type\" content=\"article\" \/>\n<meta property=\"og:title\" content=\"Serielizados Fest | 11\u00e8 Festival Internacional de S\u00e8ries\" \/>\n<meta property=\"og:description\" content=\"Octubre 15-20 a Barcelona: Nova edici\u00f3 del Serielizados Fest, el primer Festival Internacional de S\u00e8ries d&#039;Espanya.\" \/>\n<meta property=\"og:url\" content=\"https:\/\/szs.giuseppe-colonna.com\/ca\/festival\/\" \/>\n<meta property=\"og:site_name\" content=\"Serielizados\" \/>\n<meta property=\"article:publisher\" content=\"https:\/\/www.facebook.com\/serielizados\/\" \/>\n<meta property=\"article:modified_time\" content=\"2025-03-27T11:09:44+00:00\" \/>\n<meta property=\"og:image\" content=\"https:\/\/szs.giuseppe-colonna.com\/wp-content\/uploads\/2025\/03\/festgeneral2025cat.webp\" \/>\n\t<meta property=\"og:image:width\" content=\"1200\" \/>\n\t<meta property=\"og:image:height\" content=\"800\" \/>\n\t<meta property=\"og:image:type\" content=\"image\/webp\" \/>\n<meta name=\"twitter:card\" content=\"summary_large_image\" \/>\n<meta name=\"twitter:site\" content=\"@serielizados\" \/>\n<meta name=\"twitter:label1\" content=\"Temps estimat de lectura\" \/>\n\t<meta name=\"twitter:data1\" content=\"3 minuts\" \/>\n\t<meta name=\"twitter:label2\" content=\"Written by\" \/>\n\t<meta name=\"twitter:data2\" content=\"Serielizados\" \/>\n<script type=\"application\/ld+json\" class=\"yoast-schema-graph\">{\"@context\":\"https:\/\/schema.org\",\"@graph\":[{\"@type\":\"WebPage\",\"@id\":\"https:\/\/szs.giuseppe-colonna.com\/ca\/festival\/\",\"url\":\"https:\/\/szs.giuseppe-colonna.com\/ca\/festival\/\",\"name\":\"Serielizados Fest | 11\u00e8 Festival Internacional de S\u00e8ries\",\"isPartOf\":{\"@id\":\"https:\/\/szs.giuseppe-colonna.com\/ca\/#website\"},\"primaryImageOfPage\":{\"@id\":\"https:\/\/szs.giuseppe-colonna.com\/ca\/festival\/#primaryimage\"},\"image\":{\"@id\":\"https:\/\/szs.giuseppe-colonna.com\/ca\/festival\/#primaryimage\"},\"thumbnailUrl\":\"https:\/\/szs.giuseppe-colonna.com\/wp-content\/uploads\/2025\/02\/webfest-fest.webp\",\"datePublished\":\"2022-03-16T10:52:06+00:00\",\"dateModified\":\"2025-03-27T11:09:44+00:00\",\"description\":\"Octubre 15-20 a Barcelona: Nova edici\u00f3 del Serielizados Fest, el primer Festival Internacional de S\u00e8ries d'Espanya.\",\"breadcrumb\":{\"@id\":\"https:\/\/szs.giuseppe-colonna.com\/ca\/festival\/#breadcrumb\"},\"inLanguage\":\"ca\",\"potentialAction\":[{\"@type\":\"ReadAction\",\"target\":[\"https:\/\/szs.giuseppe-colonna.com\/ca\/festival\/\"]}]},{\"@type\":\"ImageObject\",\"inLanguage\":\"ca\",\"@id\":\"https:\/\/szs.giuseppe-colonna.com\/ca\/festival\/#primaryimage\",\"url\":\"https:\/\/szs.giuseppe-colonna.com\/wp-content\/uploads\/2025\/02\/webfest-fest.webp\",\"contentUrl\":\"https:\/\/szs.giuseppe-colonna.com\/wp-content\/uploads\/2025\/02\/webfest-fest.webp\",\"width\":1200,\"height\":800},{\"@type\":\"BreadcrumbList\",\"@id\":\"https:\/\/szs.giuseppe-colonna.com\/ca\/festival\/#breadcrumb\",\"itemListElement\":[{\"@type\":\"ListItem\",\"position\":1,\"name\":\"Portada\",\"item\":\"https:\/\/szs.giuseppe-colonna.com\/ca\/\"},{\"@type\":\"ListItem\",\"position\":2,\"name\":\"Festival\"}]},{\"@type\":\"WebSite\",\"@id\":\"https:\/\/szs.giuseppe-colonna.com\/ca\/#website\",\"url\":\"https:\/\/szs.giuseppe-colonna.com\/ca\/\",\"name\":\"Serielizados\",\"description\":\"Revista y Festival Internacional de series\",\"publisher\":{\"@id\":\"https:\/\/szs.giuseppe-colonna.com\/ca\/#organization\"},\"potentialAction\":[{\"@type\":\"SearchAction\",\"target\":{\"@type\":\"EntryPoint\",\"urlTemplate\":\"https:\/\/szs.giuseppe-colonna.com\/ca\/?s={search_term_string}\"},\"query-input\":{\"@type\":\"PropertyValueSpecification\",\"valueRequired\":true,\"valueName\":\"search_term_string\"}}],\"inLanguage\":\"ca\"},{\"@type\":\"Organization\",\"@id\":\"https:\/\/szs.giuseppe-colonna.com\/ca\/#organization\",\"name\":\"Serielizados\",\"url\":\"https:\/\/szs.giuseppe-colonna.com\/ca\/\",\"logo\":{\"@type\":\"ImageObject\",\"inLanguage\":\"ca\",\"@id\":\"https:\/\/szs.giuseppe-colonna.com\/ca\/#\/schema\/logo\/image\/\",\"url\":\"http:\/\/szs.giuseppe-colonna.com\/wp-content\/uploads\/SZS_imatgedestacada-1.jpg\",\"contentUrl\":\"http:\/\/szs.giuseppe-colonna.com\/wp-content\/uploads\/SZS_imatgedestacada-1.jpg\",\"width\":1200,\"height\":720,\"caption\":\"Serielizados\"},\"image\":{\"@id\":\"https:\/\/szs.giuseppe-colonna.com\/ca\/#\/schema\/logo\/image\/\"},\"sameAs\":[\"https:\/\/www.facebook.com\/serielizados\/\",\"https:\/\/x.com\/serielizados\",\"https:\/\/www.instagram.com\/serielizadosmagazine\/\",\"https:\/\/es.linkedin.com\/in\/serielizados\",\"https:\/\/www.youtube.com\/serielizadosTV\"]}]}<\/script>\n<!-- \/ Yoast SEO plugin. -->","yoast_head_json":{"title":"Serielizados Fest | 11\u00e8 Festival Internacional de S\u00e8ries","description":"Octubre 15-20 a Barcelona: Nova edici\u00f3 del Serielizados Fest, el primer Festival Internacional de S\u00e8ries d'Espanya.","robots":{"index":"noindex","follow":"nofollow"},"og_locale":"ca_ES","og_type":"article","og_title":"Serielizados Fest | 11\u00e8 Festival Internacional de S\u00e8ries","og_description":"Octubre 15-20 a Barcelona: Nova edici\u00f3 del Serielizados Fest, el primer Festival Internacional de S\u00e8ries d'Espanya.","og_url":"https:\/\/szs.giuseppe-colonna.com\/ca\/festival\/","og_site_name":"Serielizados","article_publisher":"https:\/\/www.facebook.com\/serielizados\/","article_modified_time":"2025-03-27T11:09:44+00:00","og_image":[{"width":1200,"height":800,"url":"https:\/\/szs.giuseppe-colonna.com\/wp-content\/uploads\/2025\/03\/festgeneral2025cat.webp","type":"image\/webp"}],"twitter_card":"summary_large_image","twitter_site":"@serielizados","twitter_misc":{"Temps estimat de lectura":"3 minuts","Written by":"Serielizados"},"schema":{"@context":"https:\/\/schema.org","@graph":[{"@type":"WebPage","@id":"https:\/\/szs.giuseppe-colonna.com\/ca\/festival\/","url":"https:\/\/szs.giuseppe-colonna.com\/ca\/festival\/","name":"Serielizados Fest | 11\u00e8 Festival Internacional de S\u00e8ries","isPartOf":{"@id":"https:\/\/szs.giuseppe-colonna.com\/ca\/#website"},"primaryImageOfPage":{"@id":"https:\/\/szs.giuseppe-colonna.com\/ca\/festival\/#primaryimage"},"image":{"@id":"https:\/\/szs.giuseppe-colonna.com\/ca\/festival\/#primaryimage"},"thumbnailUrl":"https:\/\/szs.giuseppe-colonna.com\/wp-content\/uploads\/2025\/02\/webfest-fest.webp","datePublished":"2022-03-16T10:52:06+00:00","dateModified":"2025-03-27T11:09:44+00:00","description":"Octubre 15-20 a Barcelona: Nova edici\u00f3 del Serielizados Fest, el primer Festival Internacional de S\u00e8ries d'Espanya.","breadcrumb":{"@id":"https:\/\/szs.giuseppe-colonna.com\/ca\/festival\/#breadcrumb"},"inLanguage":"ca","potentialAction":[{"@type":"ReadAction","target":["https:\/\/szs.giuseppe-colonna.com\/ca\/festival\/"]}]},{"@type":"ImageObject","inLanguage":"ca","@id":"https:\/\/szs.giuseppe-colonna.com\/ca\/festival\/#primaryimage","url":"https:\/\/szs.giuseppe-colonna.com\/wp-content\/uploads\/2025\/02\/webfest-fest.webp","contentUrl":"https:\/\/szs.giuseppe-colonna.com\/wp-content\/uploads\/2025\/02\/webfest-fest.webp","width":1200,"height":800},{"@type":"BreadcrumbList","@id":"https:\/\/szs.giuseppe-colonna.com\/ca\/festival\/#breadcrumb","itemListElement":[{"@type":"ListItem","position":1,"name":"Portada","item":"https:\/\/szs.giuseppe-colonna.com\/ca\/"},{"@type":"ListItem","position":2,"name":"Festival"}]},{"@type":"WebSite","@id":"https:\/\/szs.giuseppe-colonna.com\/ca\/#website","url":"https:\/\/szs.giuseppe-colonna.com\/ca\/","name":"Serielizados","description":"Revista y Festival Internacional de series","publisher":{"@id":"https:\/\/szs.giuseppe-colonna.com\/ca\/#organization"},"potentialAction":[{"@type":"SearchAction","target":{"@type":"EntryPoint","urlTemplate":"https:\/\/szs.giuseppe-colonna.com\/ca\/?s={search_term_string}"},"query-input":{"@type":"PropertyValueSpecification","valueRequired":true,"valueName":"search_term_string"}}],"inLanguage":"ca"},{"@type":"Organization","@id":"https:\/\/szs.giuseppe-colonna.com\/ca\/#organization","name":"Serielizados","url":"https:\/\/szs.giuseppe-colonna.com\/ca\/","logo":{"@type":"ImageObject","inLanguage":"ca","@id":"https:\/\/szs.giuseppe-colonna.com\/ca\/#\/schema\/logo\/image\/","url":"http:\/\/szs.giuseppe-colonna.com\/wp-content\/uploads\/SZS_imatgedestacada-1.jpg","contentUrl":"http:\/\/szs.giuseppe-colonna.com\/wp-content\/uploads\/SZS_imatgedestacada-1.jpg","width":1200,"height":720,"caption":"Serielizados"},"image":{"@id":"https:\/\/szs.giuseppe-colonna.com\/ca\/#\/schema\/logo\/image\/"},"sameAs":["https:\/\/www.facebook.com\/serielizados\/","https:\/\/x.com\/serielizados","https:\/\/www.instagram.com\/serielizadosmagazine\/","https:\/\/es.linkedin.com\/in\/serielizados","https:\/\/www.youtube.com\/serielizadosTV"]}]}},"_links":{"self":[{"href":"https:\/\/szs.giuseppe-colonna.com\/ca\/wp-json\/wp\/v2\/pages\/24586","targetHints":{"allow":["GET"]}}],"collection":[{"href":"https:\/\/szs.giuseppe-colonna.com\/ca\/wp-json\/wp\/v2\/pages"}],"about":[{"href":"https:\/\/szs.giuseppe-colonna.com\/ca\/wp-json\/wp\/v2\/types\/page"}],"author":[{"embeddable":true,"href":"https:\/\/szs.giuseppe-colonna.com\/ca\/wp-json\/wp\/v2\/users\/1"}],"replies":[{"embeddable":true,"href":"https:\/\/szs.giuseppe-colonna.com\/ca\/wp-json\/wp\/v2\/comments?post=24586"}],"version-history":[{"count":1,"href":"https:\/\/szs.giuseppe-colonna.com\/ca\/wp-json\/wp\/v2\/pages\/24586\/revisions"}],"predecessor-version":[{"id":38224,"href":"https:\/\/szs.giuseppe-colonna.com\/ca\/wp-json\/wp\/v2\/pages\/24586\/revisions\/38224"}],"wp:featuredmedia":[{"embeddable":true,"href":"https:\/\/szs.giuseppe-colonna.com\/ca\/wp-json\/wp\/v2\/media\/49271"}],"wp:attachment":[{"href":"https:\/\/szs.giuseppe-colonna.com\/ca\/wp-json\/wp\/v2\/media?parent=24586"}],"wp:term":[{"taxonomy":"author","embeddable":true,"href":"https:\/\/szs.giuseppe-colonna.com\/ca\/wp-json\/wp\/v2\/coauthors?post=24586"}],"curies":[{"name":"wp","href":"https:\/\/api.w.org\/{rel}","templated":true}]}}