{"id":162,"date":"2013-10-04T12:42:00","date_gmt":"2013-10-04T12:42:00","guid":{"rendered":"http:\/\/szs.giuseppe-colonna.com\/?page_id=162"},"modified":"2018-11-15T19:09:53","modified_gmt":"2018-11-15T18:09:53","slug":"aviso-legal","status":"publish","type":"page","link":"https:\/\/szs.giuseppe-colonna.com\/ca\/aviso-legal\/","title":{"rendered":"Aviso Legal"},"content":{"rendered":"<p>A continuaci\u00f3n se detallan las condiciones de uso que regulan el acceso y\/o uso de este sitio web que Serielizados.com pone a disposici\u00f3n de los usuarios interesados en sus servicios y contenidos.<\/p>\n<p>Por favor, lea detenidamente estas condiciones de uso, pues del hecho de acceder y\/o utilizar el sitio web, significa que usted ha le\u00eddo, entendido y aceptado, sin ninguna reserva, estas condiciones.<\/p>\n<h2>1. General<\/h2>\n<p>1.1 La navegaci\u00f3n y utilizaci\u00f3n del Sitio Web es gratuita y atribuye autom\u00e1ticamente la condici\u00f3n de usuario (Usuario) a cualquier persona que navegue, acceda o utilice cualquiera de las p\u00e1ginas del Sitio Web. Los presentes Avisos Legales, as\u00ed como las Condiciones de Uso del Sitio Web y sus modificaciones estar\u00e1n disponibles al Sitio Web y se entender\u00e1n vigentes desde su publicaci\u00f3n en el mismo, por el que recomendamos que el Usuario las consulte con regularidad.<\/p>\n<p>1.2 Determinados servicios o contenidos ofrecidos al Sitio Web pueden estar sujetos a condiciones particulares, tambi\u00e9n puestas a disposici\u00f3n del Usuario, que podr\u00e1n complementar o sustituir estas Condiciones de Uso respeto al uso del servicio\/contenido concreto a qu\u00e9 se refieran. En caso de contradicci\u00f3n entre la Condiciones de Uso y las espec\u00edficas condiciones particulares, estas \u00faltimas prevalecer\u00e1n sobre las primeras.<\/p>\n<p>1.3 El Usuario se compromete a no utilizar los materiales e informaciones contenidas en este Sitio Web con finalidades \u00a0il\u00edcitas y expresamente prohibidas en las presentes Condiciones de Uso o en las condiciones particulares que, en su caso, resulten aplicables.<\/p>\n<h2>2. Servicios y contenidos<strong><br \/>\n<\/strong><\/h2>\n<p>2.1 El Sitio Web tiene como finalidad facilitar informaci\u00f3n y acceso a los contenidos, informaciones y servicios que ofrece Serielizados.com.<\/p>\n<h2>3.\u00a0Derechos de propiedad intelectual e industrial<\/h2>\n<p>3.1 Cualquiera de los contenidos de este Sitio Web, como por ejemplo textos, im\u00e1genes, dise\u00f1os gr\u00e1ficos, c\u00f3digo fuente, logotipos, marcas, etc., son de titularidad exclusiva de Serielizados.com o, en su caso, de terceros titulares de los mismos que han autorizado debidamente su inclusi\u00f3n al Sitio Web y, se encuentran protegidos por la normativa reguladora de la Propiedad Intelectual, quedando totalmente prohibida la distribuci\u00f3n, modificaci\u00f3n, transformaci\u00f3n, cesi\u00f3n, puesta a disposici\u00f3n del p\u00fablico y, cualquier otra actividad que no haya sido expresamente autorizada por el titular de los derechos. Igualmente, todos los signos distintivos, marcas, nombres comerciales o signos de cualquier clase contenidos en el Sitio Web est\u00e1n protegidos por ley.<\/p>\n<p>3.2 Con respecto a las rese\u00f1as de servicios de terceros que puedan aparecer al Sitio Web, Serielizados.com reconoce a sus titulares los correspondientes derechos de propiedad Industrial e Intelectual y, por lo tanto, la simple aparici\u00f3n en el Sitio Web, no implica la existencia de ning\u00fan derecho sobre las mismas.<\/p>\n<p>3.3 Se autoriza al almacenamiento y reproducci\u00f3n temporal de alguno o algunos de los contenidos del Sitio Web con finalidades de uso personal y no comercial, siempre y cuando se exprese la autor\u00eda originar\u00eda del contenido utilizado y se mantenga y se respete la integridad original del mismo, quedando el resto de usos terminantemente prohibidos sin el previo consentimiento de los titulares.<\/p>\n<p>3.4 El Usuario del Sitio Web deber\u00e1 abstenerse en todo caso de suprimir, alterar, eludir o manipular cualquier medio de protecci\u00f3n o sistemas de seguridad que puedan estar instalados en el mismo. En el supuesto de que quiera formular cualquier sugerencia o comentario en relaci\u00f3n a esta pol\u00edtica de derechos de propiedad Intelectual e industrial puede dirigirse a contacto@szs.giuseppe-colonna.com.<\/p>\n<h2>4. Contenido del sitio web y enlaces<\/h2>\n<p>4.1 Serielizados.com no se responsabiliza del mal uso que se realice de la informaci\u00f3n y de los contenidos del Sitio Web, siento exclusiva responsabilidad del Usuario que accede a ellos o los utiliza. Tampoco asume ninguna responsabilidad por la informaci\u00f3n contenida en las p\u00e1ginas web de terceros a las que se pueda acceder por enlaces desde el Sitio Web. La presencia de estos enlaces tienen una finalidad informativa, no constituyendo en caso alguno una invitaci\u00f3n a la contrataci\u00f3n de productos o servicios que se ofrezcan en la p\u00e1gina web de destino. En caso de que Serielizados.com tenga conocimiento efectivo de que la actividad o la informaci\u00f3n a la que se remite desde estos enlaces es il\u00edcita, constitutiva de delito o puede lesionar bienes o derechos de terceros susceptibles de indemnizaci\u00f3n, actuar\u00e1 con la diligencia necesaria por suprimir o inutilizar el enlace correspondiente con la mayor brevedad posible.<\/p>\n<p>4.2 Serielizados.com se reservan el derecho de actualizar, modificar y\/o eliminar la informaci\u00f3n contenida al Sitio Web, y su configuraci\u00f3n o presentaci\u00f3n, en cualquier momento, sin previo abuelos y sin asumir ninguna responsabilidad por hacerlo.<\/p>\n<p>4.3\u00a0Serielizados.com no asume ninguna responsabilidad que se pueda derivar de problemas t\u00e9cnicos o errores en los equipos inform\u00e1ticos, no imputables a Serielizados.com, que se produzcan durante la conexi\u00f3n a la red de Internet, o que puedan ser causados por terceras personas mediante intromisiones ileg\u00edtimas fuera de su control. Asimismo, desde\u00a0Serielizados.com tampoco se asume ninguna responsabilidad ante posibles da\u00f1os o prejuicios que pueda sufrir el Usuario como consecuencia de errores, defectos uno omisiones en los contenidos e informaci\u00f3n que se facilite cuando esta proceda de terceras fuentes.<\/p>\n<h2>5. Privacidad<strong><br \/>\n<\/strong><\/h2>\n<p>5.1 Serielizados.com, en conformidad con lo establecido en la Ley Org\u00e1nica 15\/1999, de Protecci\u00f3n de Datos de Car\u00e1cter Personal (LOPD) y en su normativa de desarrollo, garantiza la seguridad y confidencialidad de todos los datos que puedan facilitar los Usuarios a trav\u00e9s del Sitio Web.<\/p>\n<p>5.2\u00a0Serielizados.com le informa de que no se usan cookies en su Sitio Web, cosa que no impide que s\u00ed se puedan usar en determinados servicios o contenidos ofrecidos por el Sitio Web y, siempre y cuando el Usuario se haya registrado o haya realizado alguna solicitud que requiera alg\u00fan tipo de emisi\u00f3n de datos por parte del Sitio Web.<\/p>\n<h2>6. Legislaci\u00f3n aplicable<strong><br \/>\n<\/strong><\/h2>\n<p>6.1 Las presentes Condiciones de Uso y todas las relaciones que se establezcan entre el Usuario y el Sitio Web, se regir\u00e1n por la legislaci\u00f3n espa\u00f1ola.<\/p>\n","protected":false},"excerpt":{"rendered":"<p>A continuaci\u00f3n se detallan las condiciones de uso que regulan el acceso y\/o uso de este sitio web que Serielizados.com pone a disposici\u00f3n de los usuarios interesados en sus servicios y contenidos. Por favor, lea detenidamente estas condiciones de uso, pues del hecho de acceder y\/o utilizar el sitio web, significa que usted ha le\u00eddo, [&hellip;]<\/p>\n","protected":false},"author":1,"featured_media":0,"parent":0,"menu_order":0,"comment_status":"open","ping_status":"open","template":"","meta":{"_acf_changed":false,"inline_featured_image":false,"footnotes":""},"coauthors":[3790],"class_list":["post-162","page","type-page","status-publish","hentry"],"acf":[],"yoast_head":"<!-- This site is optimized with the Yoast SEO plugin v27.0 - https:\/\/yoast.com\/product\/yoast-seo-wordpress\/ -->\n<title>Aviso Legal | Serielizados<\/title>\n<meta name=\"robots\" content=\"noindex, follow, max-snippet:-1, max-image-preview:large, max-video-preview:-1\" \/>\n<meta property=\"og:locale\" content=\"ca_ES\" \/>\n<meta property=\"og:type\" content=\"article\" \/>\n<meta property=\"og:title\" content=\"Aviso Legal | Serielizados\" \/>\n<meta property=\"og:description\" content=\"A continuaci\u00f3n se detallan las condiciones de uso que regulan el acceso y\/o uso de este sitio web que Serielizados.com pone a disposici\u00f3n de los usuarios interesados en sus servicios y contenidos. Por favor, lea detenidamente estas condiciones de uso, pues del hecho de acceder y\/o utilizar el sitio web, significa que usted ha le\u00eddo, [&hellip;]\" \/>\n<meta property=\"og:url\" content=\"https:\/\/szs.giuseppe-colonna.com\/ca\/aviso-legal\/\" \/>\n<meta property=\"og:site_name\" content=\"Serielizados\" \/>\n<meta property=\"article:publisher\" content=\"https:\/\/www.facebook.com\/serielizados\/\" \/>\n<meta property=\"article:modified_time\" content=\"2018-11-15T18:09:53+00:00\" \/>\n<meta property=\"og:image\" content=\"https:\/\/szs.giuseppe-colonna.com\/wp-content\/uploads\/SZS_imatgedestacada-1.jpg\" \/>\n\t<meta property=\"og:image:width\" content=\"1200\" \/>\n\t<meta property=\"og:image:height\" content=\"720\" \/>\n\t<meta property=\"og:image:type\" content=\"image\/jpeg\" \/>\n<meta name=\"twitter:card\" content=\"summary_large_image\" \/>\n<meta name=\"twitter:site\" content=\"@serielizados\" \/>\n<meta name=\"twitter:label1\" content=\"Temps estimat de lectura\" \/>\n\t<meta name=\"twitter:data1\" content=\"5 minuts\" \/>\n\t<meta name=\"twitter:label2\" content=\"Written by\" \/>\n\t<meta name=\"twitter:data2\" content=\"Serielizados\" \/>\n<script type=\"application\/ld+json\" class=\"yoast-schema-graph\">{\"@context\":\"https:\/\/schema.org\",\"@graph\":[{\"@type\":\"WebPage\",\"@id\":\"https:\/\/szs.giuseppe-colonna.com\/ca\/aviso-legal\/\",\"url\":\"https:\/\/szs.giuseppe-colonna.com\/ca\/aviso-legal\/\",\"name\":\"Aviso Legal | Serielizados\",\"isPartOf\":{\"@id\":\"https:\/\/szs.giuseppe-colonna.com\/ca\/#website\"},\"datePublished\":\"2013-10-04T12:42:00+00:00\",\"dateModified\":\"2018-11-15T18:09:53+00:00\",\"breadcrumb\":{\"@id\":\"https:\/\/szs.giuseppe-colonna.com\/ca\/aviso-legal\/#breadcrumb\"},\"inLanguage\":\"ca\",\"potentialAction\":[{\"@type\":\"ReadAction\",\"target\":[\"https:\/\/szs.giuseppe-colonna.com\/ca\/aviso-legal\/\"]}]},{\"@type\":\"BreadcrumbList\",\"@id\":\"https:\/\/szs.giuseppe-colonna.com\/ca\/aviso-legal\/#breadcrumb\",\"itemListElement\":[{\"@type\":\"ListItem\",\"position\":1,\"name\":\"Portada\",\"item\":\"https:\/\/szs.giuseppe-colonna.com\/ca\/\"},{\"@type\":\"ListItem\",\"position\":2,\"name\":\"Aviso Legal\"}]},{\"@type\":\"WebSite\",\"@id\":\"https:\/\/szs.giuseppe-colonna.com\/ca\/#website\",\"url\":\"https:\/\/szs.giuseppe-colonna.com\/ca\/\",\"name\":\"Serielizados\",\"description\":\"Revista y Festival Internacional de series\",\"publisher\":{\"@id\":\"https:\/\/szs.giuseppe-colonna.com\/ca\/#organization\"},\"potentialAction\":[{\"@type\":\"SearchAction\",\"target\":{\"@type\":\"EntryPoint\",\"urlTemplate\":\"https:\/\/szs.giuseppe-colonna.com\/ca\/?s={search_term_string}\"},\"query-input\":{\"@type\":\"PropertyValueSpecification\",\"valueRequired\":true,\"valueName\":\"search_term_string\"}}],\"inLanguage\":\"ca\"},{\"@type\":\"Organization\",\"@id\":\"https:\/\/szs.giuseppe-colonna.com\/ca\/#organization\",\"name\":\"Serielizados\",\"url\":\"https:\/\/szs.giuseppe-colonna.com\/ca\/\",\"logo\":{\"@type\":\"ImageObject\",\"inLanguage\":\"ca\",\"@id\":\"https:\/\/szs.giuseppe-colonna.com\/ca\/#\/schema\/logo\/image\/\",\"url\":\"http:\/\/szs.giuseppe-colonna.com\/wp-content\/uploads\/SZS_imatgedestacada-1.jpg\",\"contentUrl\":\"http:\/\/szs.giuseppe-colonna.com\/wp-content\/uploads\/SZS_imatgedestacada-1.jpg\",\"width\":1200,\"height\":720,\"caption\":\"Serielizados\"},\"image\":{\"@id\":\"https:\/\/szs.giuseppe-colonna.com\/ca\/#\/schema\/logo\/image\/\"},\"sameAs\":[\"https:\/\/www.facebook.com\/serielizados\/\",\"https:\/\/x.com\/serielizados\",\"https:\/\/www.instagram.com\/serielizadosmagazine\/\",\"https:\/\/es.linkedin.com\/in\/serielizados\",\"https:\/\/www.youtube.com\/serielizadosTV\"]}]}<\/script>\n<!-- \/ Yoast SEO plugin. -->","yoast_head_json":{"title":"Aviso Legal | Serielizados","robots":{"index":"noindex","follow":"follow","max-snippet":"max-snippet:-1","max-image-preview":"max-image-preview:large","max-video-preview":"max-video-preview:-1"},"og_locale":"ca_ES","og_type":"article","og_title":"Aviso Legal | Serielizados","og_description":"A continuaci\u00f3n se detallan las condiciones de uso que regulan el acceso y\/o uso de este sitio web que Serielizados.com pone a disposici\u00f3n de los usuarios interesados en sus servicios y contenidos. Por favor, lea detenidamente estas condiciones de uso, pues del hecho de acceder y\/o utilizar el sitio web, significa que usted ha le\u00eddo, [&hellip;]","og_url":"https:\/\/szs.giuseppe-colonna.com\/ca\/aviso-legal\/","og_site_name":"Serielizados","article_publisher":"https:\/\/www.facebook.com\/serielizados\/","article_modified_time":"2018-11-15T18:09:53+00:00","og_image":[{"width":1200,"height":720,"url":"https:\/\/szs.giuseppe-colonna.com\/wp-content\/uploads\/SZS_imatgedestacada-1.jpg","type":"image\/jpeg"}],"twitter_card":"summary_large_image","twitter_site":"@serielizados","twitter_misc":{"Temps estimat de lectura":"5 minuts","Written by":"Serielizados"},"schema":{"@context":"https:\/\/schema.org","@graph":[{"@type":"WebPage","@id":"https:\/\/szs.giuseppe-colonna.com\/ca\/aviso-legal\/","url":"https:\/\/szs.giuseppe-colonna.com\/ca\/aviso-legal\/","name":"Aviso Legal | Serielizados","isPartOf":{"@id":"https:\/\/szs.giuseppe-colonna.com\/ca\/#website"},"datePublished":"2013-10-04T12:42:00+00:00","dateModified":"2018-11-15T18:09:53+00:00","breadcrumb":{"@id":"https:\/\/szs.giuseppe-colonna.com\/ca\/aviso-legal\/#breadcrumb"},"inLanguage":"ca","potentialAction":[{"@type":"ReadAction","target":["https:\/\/szs.giuseppe-colonna.com\/ca\/aviso-legal\/"]}]},{"@type":"BreadcrumbList","@id":"https:\/\/szs.giuseppe-colonna.com\/ca\/aviso-legal\/#breadcrumb","itemListElement":[{"@type":"ListItem","position":1,"name":"Portada","item":"https:\/\/szs.giuseppe-colonna.com\/ca\/"},{"@type":"ListItem","position":2,"name":"Aviso Legal"}]},{"@type":"WebSite","@id":"https:\/\/szs.giuseppe-colonna.com\/ca\/#website","url":"https:\/\/szs.giuseppe-colonna.com\/ca\/","name":"Serielizados","description":"Revista y Festival Internacional de series","publisher":{"@id":"https:\/\/szs.giuseppe-colonna.com\/ca\/#organization"},"potentialAction":[{"@type":"SearchAction","target":{"@type":"EntryPoint","urlTemplate":"https:\/\/szs.giuseppe-colonna.com\/ca\/?s={search_term_string}"},"query-input":{"@type":"PropertyValueSpecification","valueRequired":true,"valueName":"search_term_string"}}],"inLanguage":"ca"},{"@type":"Organization","@id":"https:\/\/szs.giuseppe-colonna.com\/ca\/#organization","name":"Serielizados","url":"https:\/\/szs.giuseppe-colonna.com\/ca\/","logo":{"@type":"ImageObject","inLanguage":"ca","@id":"https:\/\/szs.giuseppe-colonna.com\/ca\/#\/schema\/logo\/image\/","url":"http:\/\/szs.giuseppe-colonna.com\/wp-content\/uploads\/SZS_imatgedestacada-1.jpg","contentUrl":"http:\/\/szs.giuseppe-colonna.com\/wp-content\/uploads\/SZS_imatgedestacada-1.jpg","width":1200,"height":720,"caption":"Serielizados"},"image":{"@id":"https:\/\/szs.giuseppe-colonna.com\/ca\/#\/schema\/logo\/image\/"},"sameAs":["https:\/\/www.facebook.com\/serielizados\/","https:\/\/x.com\/serielizados","https:\/\/www.instagram.com\/serielizadosmagazine\/","https:\/\/es.linkedin.com\/in\/serielizados","https:\/\/www.youtube.com\/serielizadosTV"]}]}},"_links":{"self":[{"href":"https:\/\/szs.giuseppe-colonna.com\/ca\/wp-json\/wp\/v2\/pages\/162","targetHints":{"allow":["GET"]}}],"collection":[{"href":"https:\/\/szs.giuseppe-colonna.com\/ca\/wp-json\/wp\/v2\/pages"}],"about":[{"href":"https:\/\/szs.giuseppe-colonna.com\/ca\/wp-json\/wp\/v2\/types\/page"}],"author":[{"embeddable":true,"href":"https:\/\/szs.giuseppe-colonna.com\/ca\/wp-json\/wp\/v2\/users\/1"}],"replies":[{"embeddable":true,"href":"https:\/\/szs.giuseppe-colonna.com\/ca\/wp-json\/wp\/v2\/comments?post=162"}],"version-history":[{"count":4,"href":"https:\/\/szs.giuseppe-colonna.com\/ca\/wp-json\/wp\/v2\/pages\/162\/revisions"}],"predecessor-version":[{"id":10892,"href":"https:\/\/szs.giuseppe-colonna.com\/ca\/wp-json\/wp\/v2\/pages\/162\/revisions\/10892"}],"wp:attachment":[{"href":"https:\/\/szs.giuseppe-colonna.com\/ca\/wp-json\/wp\/v2\/media?parent=162"}],"wp:term":[{"taxonomy":"author","embeddable":true,"href":"https:\/\/szs.giuseppe-colonna.com\/ca\/wp-json\/wp\/v2\/coauthors?post=162"}],"curies":[{"name":"wp","href":"https:\/\/api.w.org\/{rel}","templated":true}]}}